{"id":5627,"date":"2021-02-02T14:22:57","date_gmt":"2021-02-02T16:23:02","guid":{"rendered":"https:\/\/amberwithlove.lt\/?post_type=product&#038;p=5627"},"modified":"2021-02-02T14:37:03","modified_gmt":"2021-02-02T16:37:03","slug":"amber-pet-collar-with-natural-leather-strap-multi-color-3","status":"publish","type":"product","link":"https:\/\/amberwithlove.lt\/en\/produktas\/amber-pet-collar-with-natural-leather-strap-multi-color-3\/","title":{"rendered":"Amber pet collar with natural leather strap, multi color"},"content":{"rendered":"<h4 style=\"text-align: left\">Amber pet collar with adjustable natural leather strap. Made from natural, polished Baltic amber. All collars are made individual after purchase. Collars comes nicely packed in box with Certificate of Authenticity.<\/h4>\n<ul>\n<li style=\"text-align: left\">\n<h5>Amber pieces in contact with the fur electrify it, so all the parasites and pests, e.g., fleas, ticks; cannot stick to the fur. The electrified fur becomes a protection from other parasites as well.<\/h5>\n<\/li>\n<li style=\"text-align: left\">\n<h5 style=\"text-align: left\">Amber is also a natural derivative of resin. Constantly rubbing into the pet\u2019s fur, amber emits a specific resin scent\/ acid, which repels ticks. Long-term wear is recommended because amber affects a pet\u2019s fur only if applied for extended periods without interruption.<\/h5>\n<\/li>\n<li style=\"text-align: left\">\n<h5 style=\"text-align: left\">Therefore, it is not only a great decoration, but also pest prevention.<\/h5>\n<\/li>\n<\/ul>\n<h3 style=\"text-align: left\">Measuring Pet Collars<\/h3>\n<h4 style=\"text-align: left\">Measure the circumference of the neck, where your pet`s collar would naturally rest. Please allow some room for comfort. Collar supposed to fit comfortably and not restrict animal. So measure sliding two &#8211; three fingers between the pet`s neck and measure tape for medium and large dogs. Measure with one-two fingers between the pet`s neck and measure for small dogs and cats. Or you can measure pet neck snugly and add 5cm\/2inches.<\/h4>\n<h3><img loading=\"lazy\" decoding=\"async\" class=\"alignnone wp-image-1724\" src=\"https:\/\/amberwithlove.lt\/wp-content\/uploads\/2021\/01\/141712909_118960700031671_3174255121510824524_n-300x158.png\" alt=\"\" width=\"480\" height=\"253\" srcset=\"https:\/\/amberwithlove.lt\/wp-content\/uploads\/2021\/01\/141712909_118960700031671_3174255121510824524_n-300x158.png 300w, https:\/\/amberwithlove.lt\/wp-content\/uploads\/2021\/01\/141712909_118960700031671_3174255121510824524_n-150x79.png 150w, https:\/\/amberwithlove.lt\/wp-content\/uploads\/2021\/01\/141712909_118960700031671_3174255121510824524_n-1200x630.png 1200w, https:\/\/amberwithlove.lt\/wp-content\/uploads\/2021\/01\/141712909_118960700031671_3174255121510824524_n-1024x538.png 1024w, https:\/\/amberwithlove.lt\/wp-content\/uploads\/2021\/01\/141712909_118960700031671_3174255121510824524_n-768x403.png 768w, https:\/\/amberwithlove.lt\/wp-content\/uploads\/2021\/01\/141712909_118960700031671_3174255121510824524_n.png 1203w\" sizes=\"auto, (max-width: 480px) 100vw, 480px\" \/><img loading=\"lazy\" decoding=\"async\" class=\"wp-image-1628 alignleft\" style=\"color: #333333;font-size: 16px;font-weight: 400\" src=\"https:\/\/amberwithlove.lt\/wp-content\/uploads\/2021\/01\/Be-pavadinimo-300x141.png\" alt=\"\" width=\"500\" height=\"235\" srcset=\"https:\/\/amberwithlove.lt\/wp-content\/uploads\/2021\/01\/Be-pavadinimo-300x141.png 300w, https:\/\/amberwithlove.lt\/wp-content\/uploads\/2021\/01\/Be-pavadinimo-150x71.png 150w, https:\/\/amberwithlove.lt\/wp-content\/uploads\/2021\/01\/Be-pavadinimo-768x361.png 768w, https:\/\/amberwithlove.lt\/wp-content\/uploads\/2021\/01\/Be-pavadinimo.png 954w\" sizes=\"auto, (max-width: 500px) 100vw, 500px\" \/><\/h3>\n","protected":false},"excerpt":{"rendered":"<p>Amber pet collar with adjustable natural leather strap. Made from natural, polished Baltic amber. All collars are made individual after<\/p>\n","protected":false},"featured_media":5652,"template":"","meta":[],"product_brand":[],"product_cat":[72,80],"product_tag":[179],"class_list":{"0":"post-5627","1":"product","2":"type-product","3":"status-publish","4":"has-post-thumbnail","6":"product_cat-all-products","7":"product_cat-amber-pet-collars","8":"product_tag-amber-cat-collar-en","10":"first","11":"instock","12":"shipping-taxable","13":"purchasable","14":"product-type-variable"},"yoast_head":"<!-- This site is optimized with the Yoast SEO plugin v27.1.1 - https:\/\/yoast.com\/product\/yoast-seo-wordpress\/ -->\n<title>Amber pet collar with natural leather strap, multi color - Amberwithlove<\/title>\n<meta name=\"description\" content=\"Amberwithlove Natural Baltic amber pet color with natural leather strap, various lengths. for dogs and cats Amberwithlove\" \/>\n<meta name=\"robots\" content=\"index, follow, max-snippet:-1, max-image-preview:large, max-video-preview:-1\" \/>\n<link rel=\"canonical\" href=\"https:\/\/amberwithlove.lt\/en\/produktas\/amber-pet-collar-with-natural-leather-strap-multi-color-3\/\" \/>\n<meta property=\"og:locale\" content=\"en_US\" \/>\n<meta property=\"og:type\" content=\"article\" \/>\n<meta property=\"og:title\" content=\"Amber pet collar with natural leather strap, multi color - Amberwithlove\" \/>\n<meta property=\"og:description\" content=\"Amberwithlove Natural Baltic amber pet color with natural leather strap, various lengths. for dogs and cats Amberwithlove\" \/>\n<meta property=\"og:url\" content=\"https:\/\/amberwithlove.lt\/en\/produktas\/amber-pet-collar-with-natural-leather-strap-multi-color-3\/\" \/>\n<meta property=\"og:site_name\" content=\"Amberwithlove\" \/>\n<meta property=\"article:modified_time\" content=\"2021-02-02T16:37:03+00:00\" \/>\n<meta property=\"og:image\" content=\"https:\/\/amberwithlove.lt\/wp-content\/uploads\/2021\/02\/IMG_3865-scaled.jpg\" \/>\n\t<meta property=\"og:image:width\" content=\"2560\" \/>\n\t<meta property=\"og:image:height\" content=\"1612\" \/>\n\t<meta property=\"og:image:type\" content=\"image\/jpeg\" \/>\n<meta name=\"twitter:card\" content=\"summary_large_image\" \/>\n<meta name=\"twitter:label1\" content=\"Est. reading time\" \/>\n\t<meta name=\"twitter:data1\" content=\"2 minutes\" \/>\n<script type=\"application\/ld+json\" class=\"yoast-schema-graph\">{\"@context\":\"https:\/\/schema.org\",\"@graph\":[{\"@type\":\"WebPage\",\"@id\":\"https:\/\/amberwithlove.lt\/en\/produktas\/amber-pet-collar-with-natural-leather-strap-multi-color-3\/\",\"url\":\"https:\/\/amberwithlove.lt\/en\/produktas\/amber-pet-collar-with-natural-leather-strap-multi-color-3\/\",\"name\":\"Amber pet collar with natural leather strap, multi color - Amberwithlove\",\"isPartOf\":{\"@id\":\"https:\/\/amberwithlove.lt\/en\/#website\"},\"primaryImageOfPage\":{\"@id\":\"https:\/\/amberwithlove.lt\/en\/produktas\/amber-pet-collar-with-natural-leather-strap-multi-color-3\/#primaryimage\"},\"image\":{\"@id\":\"https:\/\/amberwithlove.lt\/en\/produktas\/amber-pet-collar-with-natural-leather-strap-multi-color-3\/#primaryimage\"},\"thumbnailUrl\":\"https:\/\/amberwithlove.lt\/wp-content\/uploads\/2021\/02\/IMG_3865-scaled.jpg\",\"datePublished\":\"2021-02-02T16:23:02+00:00\",\"dateModified\":\"2021-02-02T16:37:03+00:00\",\"description\":\"Amberwithlove Natural Baltic amber pet color with natural leather strap, various lengths. for dogs and cats Amberwithlove\",\"breadcrumb\":{\"@id\":\"https:\/\/amberwithlove.lt\/en\/produktas\/amber-pet-collar-with-natural-leather-strap-multi-color-3\/#breadcrumb\"},\"inLanguage\":\"en-US\",\"potentialAction\":[{\"@type\":\"ReadAction\",\"target\":[\"https:\/\/amberwithlove.lt\/en\/produktas\/amber-pet-collar-with-natural-leather-strap-multi-color-3\/\"]}]},{\"@type\":\"ImageObject\",\"inLanguage\":\"en-US\",\"@id\":\"https:\/\/amberwithlove.lt\/en\/produktas\/amber-pet-collar-with-natural-leather-strap-multi-color-3\/#primaryimage\",\"url\":\"https:\/\/amberwithlove.lt\/wp-content\/uploads\/2021\/02\/IMG_3865-scaled.jpg\",\"contentUrl\":\"https:\/\/amberwithlove.lt\/wp-content\/uploads\/2021\/02\/IMG_3865-scaled.jpg\",\"width\":2560,\"height\":1612,\"caption\":\"Gintarinis antkaklis\"},{\"@type\":\"BreadcrumbList\",\"@id\":\"https:\/\/amberwithlove.lt\/en\/produktas\/amber-pet-collar-with-natural-leather-strap-multi-color-3\/#breadcrumb\",\"itemListElement\":[{\"@type\":\"ListItem\",\"position\":1,\"name\":\"Home\",\"item\":\"https:\/\/amberwithlove.lt\/en\/\"},{\"@type\":\"ListItem\",\"position\":2,\"name\":\"Shop\",\"item\":\"https:\/\/amberwithlove.lt\/en\/shop\/\"},{\"@type\":\"ListItem\",\"position\":3,\"name\":\"Amber pet collar with natural leather strap, multi color\"}]},{\"@type\":\"WebSite\",\"@id\":\"https:\/\/amberwithlove.lt\/en\/#website\",\"url\":\"https:\/\/amberwithlove.lt\/en\/\",\"name\":\"Amberwithlove\",\"description\":\"Si\u016blome didel\u012f gintaro juvelyrini\u0173 gamini\u0173, suvenyr\u0173, verslo dovan\u0173 pasirinkim\u0105.\",\"potentialAction\":[{\"@type\":\"SearchAction\",\"target\":{\"@type\":\"EntryPoint\",\"urlTemplate\":\"https:\/\/amberwithlove.lt\/en\/?s={search_term_string}\"},\"query-input\":{\"@type\":\"PropertyValueSpecification\",\"valueRequired\":true,\"valueName\":\"search_term_string\"}}],\"inLanguage\":\"en-US\"}]}<\/script>\n<!-- \/ Yoast SEO plugin. -->","yoast_head_json":{"title":"Amber pet collar with natural leather strap, multi color - Amberwithlove","description":"Amberwithlove Natural Baltic amber pet color with natural leather strap, various lengths. for dogs and cats Amberwithlove","robots":{"index":"index","follow":"follow","max-snippet":"max-snippet:-1","max-image-preview":"max-image-preview:large","max-video-preview":"max-video-preview:-1"},"canonical":"https:\/\/amberwithlove.lt\/en\/produktas\/amber-pet-collar-with-natural-leather-strap-multi-color-3\/","og_locale":"en_US","og_type":"article","og_title":"Amber pet collar with natural leather strap, multi color - Amberwithlove","og_description":"Amberwithlove Natural Baltic amber pet color with natural leather strap, various lengths. for dogs and cats Amberwithlove","og_url":"https:\/\/amberwithlove.lt\/en\/produktas\/amber-pet-collar-with-natural-leather-strap-multi-color-3\/","og_site_name":"Amberwithlove","article_modified_time":"2021-02-02T16:37:03+00:00","og_image":[{"width":2560,"height":1612,"url":"https:\/\/amberwithlove.lt\/wp-content\/uploads\/2021\/02\/IMG_3865-scaled.jpg","type":"image\/jpeg"}],"twitter_card":"summary_large_image","twitter_misc":{"Est. reading time":"2 minutes"},"schema":{"@context":"https:\/\/schema.org","@graph":[{"@type":"WebPage","@id":"https:\/\/amberwithlove.lt\/en\/produktas\/amber-pet-collar-with-natural-leather-strap-multi-color-3\/","url":"https:\/\/amberwithlove.lt\/en\/produktas\/amber-pet-collar-with-natural-leather-strap-multi-color-3\/","name":"Amber pet collar with natural leather strap, multi color - Amberwithlove","isPartOf":{"@id":"https:\/\/amberwithlove.lt\/en\/#website"},"primaryImageOfPage":{"@id":"https:\/\/amberwithlove.lt\/en\/produktas\/amber-pet-collar-with-natural-leather-strap-multi-color-3\/#primaryimage"},"image":{"@id":"https:\/\/amberwithlove.lt\/en\/produktas\/amber-pet-collar-with-natural-leather-strap-multi-color-3\/#primaryimage"},"thumbnailUrl":"https:\/\/amberwithlove.lt\/wp-content\/uploads\/2021\/02\/IMG_3865-scaled.jpg","datePublished":"2021-02-02T16:23:02+00:00","dateModified":"2021-02-02T16:37:03+00:00","description":"Amberwithlove Natural Baltic amber pet color with natural leather strap, various lengths. for dogs and cats Amberwithlove","breadcrumb":{"@id":"https:\/\/amberwithlove.lt\/en\/produktas\/amber-pet-collar-with-natural-leather-strap-multi-color-3\/#breadcrumb"},"inLanguage":"en-US","potentialAction":[{"@type":"ReadAction","target":["https:\/\/amberwithlove.lt\/en\/produktas\/amber-pet-collar-with-natural-leather-strap-multi-color-3\/"]}]},{"@type":"ImageObject","inLanguage":"en-US","@id":"https:\/\/amberwithlove.lt\/en\/produktas\/amber-pet-collar-with-natural-leather-strap-multi-color-3\/#primaryimage","url":"https:\/\/amberwithlove.lt\/wp-content\/uploads\/2021\/02\/IMG_3865-scaled.jpg","contentUrl":"https:\/\/amberwithlove.lt\/wp-content\/uploads\/2021\/02\/IMG_3865-scaled.jpg","width":2560,"height":1612,"caption":"Gintarinis antkaklis"},{"@type":"BreadcrumbList","@id":"https:\/\/amberwithlove.lt\/en\/produktas\/amber-pet-collar-with-natural-leather-strap-multi-color-3\/#breadcrumb","itemListElement":[{"@type":"ListItem","position":1,"name":"Home","item":"https:\/\/amberwithlove.lt\/en\/"},{"@type":"ListItem","position":2,"name":"Shop","item":"https:\/\/amberwithlove.lt\/en\/shop\/"},{"@type":"ListItem","position":3,"name":"Amber pet collar with natural leather strap, multi color"}]},{"@type":"WebSite","@id":"https:\/\/amberwithlove.lt\/en\/#website","url":"https:\/\/amberwithlove.lt\/en\/","name":"Amberwithlove","description":"Si\u016blome didel\u012f gintaro juvelyrini\u0173 gamini\u0173, suvenyr\u0173, verslo dovan\u0173 pasirinkim\u0105.","potentialAction":[{"@type":"SearchAction","target":{"@type":"EntryPoint","urlTemplate":"https:\/\/amberwithlove.lt\/en\/?s={search_term_string}"},"query-input":{"@type":"PropertyValueSpecification","valueRequired":true,"valueName":"search_term_string"}}],"inLanguage":"en-US"}]}},"_links":{"self":[{"href":"https:\/\/amberwithlove.lt\/en\/wp-json\/wp\/v2\/product\/5627","targetHints":{"allow":["GET"]}}],"collection":[{"href":"https:\/\/amberwithlove.lt\/en\/wp-json\/wp\/v2\/product"}],"about":[{"href":"https:\/\/amberwithlove.lt\/en\/wp-json\/wp\/v2\/types\/product"}],"wp:featuredmedia":[{"embeddable":true,"href":"https:\/\/amberwithlove.lt\/en\/wp-json\/wp\/v2\/media\/5652"}],"wp:attachment":[{"href":"https:\/\/amberwithlove.lt\/en\/wp-json\/wp\/v2\/media?parent=5627"}],"wp:term":[{"taxonomy":"product_brand","embeddable":true,"href":"https:\/\/amberwithlove.lt\/en\/wp-json\/wp\/v2\/product_brand?post=5627"},{"taxonomy":"product_cat","embeddable":true,"href":"https:\/\/amberwithlove.lt\/en\/wp-json\/wp\/v2\/product_cat?post=5627"},{"taxonomy":"product_tag","embeddable":true,"href":"https:\/\/amberwithlove.lt\/en\/wp-json\/wp\/v2\/product_tag?post=5627"}],"curies":[{"name":"wp","href":"https:\/\/api.w.org\/{rel}","templated":true}]}}