{"id":33614,"date":"2026-02-15T15:12:52","date_gmt":"2026-02-15T17:12:52","guid":{"rendered":"https:\/\/amberwithlove.lt\/?post_type=product&#038;p=33614"},"modified":"2026-02-15T15:19:56","modified_gmt":"2026-02-15T17:19:56","slug":"amber-necklace-from-white-color-rounded-beads-3","status":"publish","type":"product","link":"https:\/\/amberwithlove.lt\/en\/produktas\/amber-necklace-from-white-color-rounded-beads-3\/","title":{"rendered":"Amber necklace from white color rounded beads"},"content":{"rendered":"<div class=\"wpb-content-wrapper\"><p>[vc_row][vc_column][vc_column_text css=&#8221;&#8221; woodmart_inline=&#8221;no&#8221; text_larger=&#8221;no&#8221;]<\/p>\n<h4>Amber necklace<\/h4>\n<ul>\n<li><span class=\"tojvnm2t a6sixzi8 abs2jz4q a8s20v7p t1p8iaqh k5wvi7nf q3lfd5jv pk4s997a bipmatt0 cebpdrjk qowsmv63 owwhemhu dp1hu0rb dhp61c6y iyyx5f41\">Necklace is made from natural, polished Baltic amber. Amber beads\u00a0 are white amber colors. All beads are rounded<span class=\"HwtZe\" lang=\"en\"><span class=\"jCAhz ChMk0b\"><span class=\"ryNqvb\">.<\/span><\/span> <span class=\"jCAhz ChMk0b\"><span class=\"ryNqvb\">Amber beads are rare and unique colors.<\/span><\/span><span class=\"jCAhz ChMk0b\"><span class=\"ryNqvb\"><br \/>\n<\/span><\/span><\/span><\/span><\/li>\n<li><span class=\"tojvnm2t a6sixzi8 abs2jz4q a8s20v7p t1p8iaqh k5wvi7nf q3lfd5jv pk4s997a bipmatt0 cebpdrjk qowsmv63 owwhemhu dp1hu0rb dhp61c6y iyyx5f41\"><span class=\"VIiyi\" lang=\"en\"><span class=\"JLqJ4b ChMk0b\" data-language-for-alternatives=\"en\" data-language-to-translate-into=\"lt\" data-phrase-index=\"0\">Product weight<\/span><\/span>: 7,19 <\/span><span class=\"tojvnm2t a6sixzi8 abs2jz4q a8s20v7p t1p8iaqh k5wvi7nf q3lfd5jv pk4s997a bipmatt0 cebpdrjk qowsmv63 owwhemhu dp1hu0rb dhp61c6y iyyx5f41\">grams.<\/span><\/li>\n<li>Product length: ~46 cm.<\/li>\n<li><span class=\"tojvnm2t a6sixzi8 abs2jz4q a8s20v7p t1p8iaqh k5wvi7nf q3lfd5jv pk4s997a bipmatt0 cebpdrjk qowsmv63 owwhemhu dp1hu0rb dhp61c6y iyyx5f41\">Necklace<\/span> comes nicely packed with Certificate of Authenticity.<\/li>\n<\/ul>\n<p>[\/vc_column_text][\/vc_column][\/vc_row]<\/p>\n<\/div>","protected":false},"excerpt":{"rendered":"<p>[vc_row][vc_column][vc_column_text css=&#8221;&#8221; woodmart_inline=&#8221;no&#8221; text_larger=&#8221;no&#8221;] Amber necklace Necklace is made from natural, polished Baltic amber. Amber beads\u00a0 are white amber colors.<\/p>\n","protected":false},"featured_media":33617,"template":"","meta":[],"product_brand":[],"product_cat":[72,81],"product_tag":[274],"class_list":{"0":"post-33614","1":"product","2":"type-product","3":"status-publish","4":"has-post-thumbnail","6":"product_cat-all-products","7":"product_cat-necklaces","8":"product_tag-gintaro-papuosalai","10":"first","11":"outofstock","12":"shipping-taxable","13":"purchasable","14":"product-type-simple"},"yoast_head":"<!-- This site is optimized with the Yoast SEO plugin v27.1.1 - https:\/\/yoast.com\/product\/yoast-seo-wordpress\/ -->\n<title>Amber necklace from white color rounded beads - Amberwithlove<\/title>\n<meta name=\"description\" content=\"Necklace is made from natural, polished Baltic amber. Amber beads\u00a0 are yellow\/white colors. All beads are rounded. Amber beads are rare and unique colors.\" \/>\n<meta name=\"robots\" content=\"index, follow, max-snippet:-1, max-image-preview:large, max-video-preview:-1\" \/>\n<link rel=\"canonical\" href=\"https:\/\/amberwithlove.lt\/en\/produktas\/amber-necklace-from-white-color-rounded-beads-3\/\" \/>\n<meta property=\"og:locale\" content=\"en_US\" \/>\n<meta property=\"og:type\" content=\"article\" \/>\n<meta property=\"og:title\" content=\"Amber necklace from white color rounded beads - Amberwithlove\" \/>\n<meta property=\"og:description\" content=\"Necklace is made from natural, polished Baltic amber. Amber beads\u00a0 are yellow\/white colors. All beads are rounded. Amber beads are rare and unique colors.\" \/>\n<meta property=\"og:url\" content=\"https:\/\/amberwithlove.lt\/en\/produktas\/amber-necklace-from-white-color-rounded-beads-3\/\" \/>\n<meta property=\"og:site_name\" content=\"Amberwithlove\" \/>\n<meta property=\"article:modified_time\" content=\"2026-02-15T17:19:56+00:00\" \/>\n<meta property=\"og:image\" content=\"https:\/\/amberwithlove.lt\/wp-content\/uploads\/2026\/02\/IMG_2030-scaled.jpg\" \/>\n\t<meta property=\"og:image:width\" content=\"2560\" \/>\n\t<meta property=\"og:image:height\" content=\"1576\" \/>\n\t<meta property=\"og:image:type\" content=\"image\/jpeg\" \/>\n<meta name=\"twitter:card\" content=\"summary_large_image\" \/>\n<meta name=\"twitter:label1\" content=\"Est. reading time\" \/>\n\t<meta name=\"twitter:data1\" content=\"1 minute\" \/>\n<script type=\"application\/ld+json\" class=\"yoast-schema-graph\">{\"@context\":\"https:\/\/schema.org\",\"@graph\":[{\"@type\":\"WebPage\",\"@id\":\"https:\/\/amberwithlove.lt\/en\/produktas\/amber-necklace-from-white-color-rounded-beads-3\/\",\"url\":\"https:\/\/amberwithlove.lt\/en\/produktas\/amber-necklace-from-white-color-rounded-beads-3\/\",\"name\":\"Amber necklace from white color rounded beads - Amberwithlove\",\"isPartOf\":{\"@id\":\"https:\/\/amberwithlove.lt\/en\/#website\"},\"primaryImageOfPage\":{\"@id\":\"https:\/\/amberwithlove.lt\/en\/produktas\/amber-necklace-from-white-color-rounded-beads-3\/#primaryimage\"},\"image\":{\"@id\":\"https:\/\/amberwithlove.lt\/en\/produktas\/amber-necklace-from-white-color-rounded-beads-3\/#primaryimage\"},\"thumbnailUrl\":\"https:\/\/amberwithlove.lt\/wp-content\/uploads\/2026\/02\/IMG_2030-scaled.jpg\",\"datePublished\":\"2026-02-15T17:12:52+00:00\",\"dateModified\":\"2026-02-15T17:19:56+00:00\",\"description\":\"Necklace is made from natural, polished Baltic amber. Amber beads\u00a0 are yellow\/white colors. All beads are rounded. Amber beads are rare and unique colors.\",\"breadcrumb\":{\"@id\":\"https:\/\/amberwithlove.lt\/en\/produktas\/amber-necklace-from-white-color-rounded-beads-3\/#breadcrumb\"},\"inLanguage\":\"en-US\",\"potentialAction\":[{\"@type\":\"ReadAction\",\"target\":[\"https:\/\/amberwithlove.lt\/en\/produktas\/amber-necklace-from-white-color-rounded-beads-3\/\"]}]},{\"@type\":\"ImageObject\",\"inLanguage\":\"en-US\",\"@id\":\"https:\/\/amberwithlove.lt\/en\/produktas\/amber-necklace-from-white-color-rounded-beads-3\/#primaryimage\",\"url\":\"https:\/\/amberwithlove.lt\/wp-content\/uploads\/2026\/02\/IMG_2030-scaled.jpg\",\"contentUrl\":\"https:\/\/amberwithlove.lt\/wp-content\/uploads\/2026\/02\/IMG_2030-scaled.jpg\",\"width\":2560,\"height\":1576,\"caption\":\"Gintariniai karoliai\"},{\"@type\":\"BreadcrumbList\",\"@id\":\"https:\/\/amberwithlove.lt\/en\/produktas\/amber-necklace-from-white-color-rounded-beads-3\/#breadcrumb\",\"itemListElement\":[{\"@type\":\"ListItem\",\"position\":1,\"name\":\"Home\",\"item\":\"https:\/\/amberwithlove.lt\/en\/\"},{\"@type\":\"ListItem\",\"position\":2,\"name\":\"Shop\",\"item\":\"https:\/\/amberwithlove.lt\/en\/shop\/\"},{\"@type\":\"ListItem\",\"position\":3,\"name\":\"Amber necklace from white color rounded beads\"}]},{\"@type\":\"WebSite\",\"@id\":\"https:\/\/amberwithlove.lt\/en\/#website\",\"url\":\"https:\/\/amberwithlove.lt\/en\/\",\"name\":\"Amberwithlove\",\"description\":\"Si\u016blome didel\u012f gintaro juvelyrini\u0173 gamini\u0173, suvenyr\u0173, verslo dovan\u0173 pasirinkim\u0105.\",\"potentialAction\":[{\"@type\":\"SearchAction\",\"target\":{\"@type\":\"EntryPoint\",\"urlTemplate\":\"https:\/\/amberwithlove.lt\/en\/?s={search_term_string}\"},\"query-input\":{\"@type\":\"PropertyValueSpecification\",\"valueRequired\":true,\"valueName\":\"search_term_string\"}}],\"inLanguage\":\"en-US\"}]}<\/script>\n<!-- \/ Yoast SEO plugin. -->","yoast_head_json":{"title":"Amber necklace from white color rounded beads - Amberwithlove","description":"Necklace is made from natural, polished Baltic amber. Amber beads\u00a0 are yellow\/white colors. All beads are rounded. Amber beads are rare and unique colors.","robots":{"index":"index","follow":"follow","max-snippet":"max-snippet:-1","max-image-preview":"max-image-preview:large","max-video-preview":"max-video-preview:-1"},"canonical":"https:\/\/amberwithlove.lt\/en\/produktas\/amber-necklace-from-white-color-rounded-beads-3\/","og_locale":"en_US","og_type":"article","og_title":"Amber necklace from white color rounded beads - Amberwithlove","og_description":"Necklace is made from natural, polished Baltic amber. Amber beads\u00a0 are yellow\/white colors. All beads are rounded. Amber beads are rare and unique colors.","og_url":"https:\/\/amberwithlove.lt\/en\/produktas\/amber-necklace-from-white-color-rounded-beads-3\/","og_site_name":"Amberwithlove","article_modified_time":"2026-02-15T17:19:56+00:00","og_image":[{"width":2560,"height":1576,"url":"https:\/\/amberwithlove.lt\/wp-content\/uploads\/2026\/02\/IMG_2030-scaled.jpg","type":"image\/jpeg"}],"twitter_card":"summary_large_image","twitter_misc":{"Est. reading time":"1 minute"},"schema":{"@context":"https:\/\/schema.org","@graph":[{"@type":"WebPage","@id":"https:\/\/amberwithlove.lt\/en\/produktas\/amber-necklace-from-white-color-rounded-beads-3\/","url":"https:\/\/amberwithlove.lt\/en\/produktas\/amber-necklace-from-white-color-rounded-beads-3\/","name":"Amber necklace from white color rounded beads - Amberwithlove","isPartOf":{"@id":"https:\/\/amberwithlove.lt\/en\/#website"},"primaryImageOfPage":{"@id":"https:\/\/amberwithlove.lt\/en\/produktas\/amber-necklace-from-white-color-rounded-beads-3\/#primaryimage"},"image":{"@id":"https:\/\/amberwithlove.lt\/en\/produktas\/amber-necklace-from-white-color-rounded-beads-3\/#primaryimage"},"thumbnailUrl":"https:\/\/amberwithlove.lt\/wp-content\/uploads\/2026\/02\/IMG_2030-scaled.jpg","datePublished":"2026-02-15T17:12:52+00:00","dateModified":"2026-02-15T17:19:56+00:00","description":"Necklace is made from natural, polished Baltic amber. Amber beads\u00a0 are yellow\/white colors. All beads are rounded. Amber beads are rare and unique colors.","breadcrumb":{"@id":"https:\/\/amberwithlove.lt\/en\/produktas\/amber-necklace-from-white-color-rounded-beads-3\/#breadcrumb"},"inLanguage":"en-US","potentialAction":[{"@type":"ReadAction","target":["https:\/\/amberwithlove.lt\/en\/produktas\/amber-necklace-from-white-color-rounded-beads-3\/"]}]},{"@type":"ImageObject","inLanguage":"en-US","@id":"https:\/\/amberwithlove.lt\/en\/produktas\/amber-necklace-from-white-color-rounded-beads-3\/#primaryimage","url":"https:\/\/amberwithlove.lt\/wp-content\/uploads\/2026\/02\/IMG_2030-scaled.jpg","contentUrl":"https:\/\/amberwithlove.lt\/wp-content\/uploads\/2026\/02\/IMG_2030-scaled.jpg","width":2560,"height":1576,"caption":"Gintariniai karoliai"},{"@type":"BreadcrumbList","@id":"https:\/\/amberwithlove.lt\/en\/produktas\/amber-necklace-from-white-color-rounded-beads-3\/#breadcrumb","itemListElement":[{"@type":"ListItem","position":1,"name":"Home","item":"https:\/\/amberwithlove.lt\/en\/"},{"@type":"ListItem","position":2,"name":"Shop","item":"https:\/\/amberwithlove.lt\/en\/shop\/"},{"@type":"ListItem","position":3,"name":"Amber necklace from white color rounded beads"}]},{"@type":"WebSite","@id":"https:\/\/amberwithlove.lt\/en\/#website","url":"https:\/\/amberwithlove.lt\/en\/","name":"Amberwithlove","description":"Si\u016blome didel\u012f gintaro juvelyrini\u0173 gamini\u0173, suvenyr\u0173, verslo dovan\u0173 pasirinkim\u0105.","potentialAction":[{"@type":"SearchAction","target":{"@type":"EntryPoint","urlTemplate":"https:\/\/amberwithlove.lt\/en\/?s={search_term_string}"},"query-input":{"@type":"PropertyValueSpecification","valueRequired":true,"valueName":"search_term_string"}}],"inLanguage":"en-US"}]}},"_links":{"self":[{"href":"https:\/\/amberwithlove.lt\/en\/wp-json\/wp\/v2\/product\/33614","targetHints":{"allow":["GET"]}}],"collection":[{"href":"https:\/\/amberwithlove.lt\/en\/wp-json\/wp\/v2\/product"}],"about":[{"href":"https:\/\/amberwithlove.lt\/en\/wp-json\/wp\/v2\/types\/product"}],"wp:featuredmedia":[{"embeddable":true,"href":"https:\/\/amberwithlove.lt\/en\/wp-json\/wp\/v2\/media\/33617"}],"wp:attachment":[{"href":"https:\/\/amberwithlove.lt\/en\/wp-json\/wp\/v2\/media?parent=33614"}],"wp:term":[{"taxonomy":"product_brand","embeddable":true,"href":"https:\/\/amberwithlove.lt\/en\/wp-json\/wp\/v2\/product_brand?post=33614"},{"taxonomy":"product_cat","embeddable":true,"href":"https:\/\/amberwithlove.lt\/en\/wp-json\/wp\/v2\/product_cat?post=33614"},{"taxonomy":"product_tag","embeddable":true,"href":"https:\/\/amberwithlove.lt\/en\/wp-json\/wp\/v2\/product_tag?post=33614"}],"curies":[{"name":"wp","href":"https:\/\/api.w.org\/{rel}","templated":true}]}}