{"id":32551,"date":"2026-01-09T06:36:08","date_gmt":"2026-01-09T08:36:08","guid":{"rendered":"https:\/\/amberwithlove.lt\/?post_type=product&#038;p=32551"},"modified":"2026-01-09T06:53:23","modified_gmt":"2026-01-09T08:53:23","slug":"baltic-amber-stone-with-few-inclusions-2","status":"publish","type":"product","link":"https:\/\/amberwithlove.lt\/en\/produktas\/baltic-amber-stone-with-few-inclusions-2\/","title":{"rendered":"Baltic amber stone with few inclusions"},"content":{"rendered":"<div class=\"wpb-content-wrapper\"><p>[vc_row][vc_column][vc_column_text css=&#8221;&#8221; woodmart_inline=&#8221;no&#8221; text_larger=&#8221;no&#8221;]<\/p>\n<h3>Baltic amber stone with inclusion<\/h3>\n<ul>\n<li><span class=\"tojvnm2t a6sixzi8 abs2jz4q a8s20v7p t1p8iaqh k5wvi7nf q3lfd5jv pk4s997a bipmatt0 cebpdrjk qowsmv63 owwhemhu dp1hu0rb dhp61c6y iyyx5f41\">It as natural Baltic amber stone with amazing few <\/span><span class=\"tojvnm2t a6sixzi8 abs2jz4q a8s20v7p t1p8iaqh k5wvi7nf q3lfd5jv pk4s997a bipmatt0 cebpdrjk qowsmv63 owwhemhu dp1hu0rb dhp61c6y iyyx5f41\">inclusions<span class=\"html-span xdj266r x14z9mp xat24cr x1lziwak xexx8yu xyri2b x18d9i69 x1c1uobl x1hl2dhg x16tdsg8 x1vvkbs x4k7w5x x1h91t0o x1h9r5lt x1jfb8zj xv2umb2 x1beo9mf xaigb6o x12ejxvf x3igimt xarpa2k xedcshv x1lytzrv x1t2pt76 x7ja8zs x1qrby5j\"><span class=\"x193iq5w xeuugli x13faqbe x1vvkbs x1xmvt09 x1lliihq x1s928wv xhkezso x1gmr53x x1cpjm7i x1fgarty x1943h6x xudqn12 x3x7a5m x1f6kntn xvq8zen xo1l8bm x14ctfv\" dir=\"auto\">. Inclusions: small spider, few mosquitos and insect legs. The piece is clear, all the insects are clearly visible.<\/span><\/span><\/span><\/li>\n<li><span class=\"tojvnm2t a6sixzi8 abs2jz4q a8s20v7p t1p8iaqh k5wvi7nf q3lfd5jv pk4s997a bipmatt0 cebpdrjk qowsmv63 owwhemhu dp1hu0rb dhp61c6y iyyx5f41\"><span class=\"VIiyi\" lang=\"en\"><span class=\"JLqJ4b ChMk0b\" data-language-for-alternatives=\"en\" data-language-to-translate-into=\"lt\" data-phrase-index=\"0\">Amber stone weight<\/span><\/span>: 4,26 grams<\/span><\/li>\n<li><span class=\"tojvnm2t a6sixzi8 abs2jz4q a8s20v7p t1p8iaqh k5wvi7nf q3lfd5jv pk4s997a bipmatt0 cebpdrjk qowsmv63 owwhemhu dp1hu0rb dhp61c6y iyyx5f41\"><span class=\"VIiyi\" lang=\"en\"><span class=\"JLqJ4b ChMk0b\" data-language-for-alternatives=\"en\" data-language-to-translate-into=\"lt\" data-phrase-index=\"0\">Amber stone dimensions: 35<\/span><\/span><\/span><span class=\"tojvnm2t a6sixzi8 abs2jz4q a8s20v7p t1p8iaqh k5wvi7nf q3lfd5jv pk4s997a bipmatt0 cebpdrjk qowsmv63 owwhemhu dp1hu0rb dhp61c6y iyyx5f41\"> x 18 x 10 mm.<\/span><\/li>\n<li>Amber stone comes nicely packed with Certificate of Authenticity.<\/li>\n<\/ul>\n<p>[\/vc_column_text][\/vc_column][\/vc_row]<\/p>\n<\/div>","protected":false},"excerpt":{"rendered":"<p>[vc_row][vc_column][vc_column_text css=&#8221;&#8221; woodmart_inline=&#8221;no&#8221; text_larger=&#8221;no&#8221;] Baltic amber stone with inclusion It as natural Baltic amber stone with amazing few inclusions. Inclusions:<\/p>\n","protected":false},"featured_media":32553,"template":"","meta":[],"product_brand":[],"product_cat":[72,76,77],"product_tag":[],"class_list":{"0":"post-32551","1":"product","2":"type-product","3":"status-publish","4":"has-post-thumbnail","6":"product_cat-all-products","7":"product_cat-amber-stones","8":"product_cat-amber-stones-with-inclusions","10":"first","11":"instock","12":"sold-individually","13":"shipping-taxable","14":"purchasable","15":"product-type-simple"},"yoast_head":"<!-- This site is optimized with the Yoast SEO plugin v27.1.1 - https:\/\/yoast.com\/product\/yoast-seo-wordpress\/ -->\n<title>Baltic amber stone with few inclusions - Amberwithlove<\/title>\n<meta name=\"description\" content=\"It as natural Baltic amber stone with amazing Fly inclusion. Fly inclusion is quiet small, but\u00a0 good visible. The piece is clear,\u00a0 round shape.\" \/>\n<meta name=\"robots\" content=\"index, follow, max-snippet:-1, max-image-preview:large, max-video-preview:-1\" \/>\n<link rel=\"canonical\" href=\"https:\/\/amberwithlove.lt\/en\/produktas\/baltic-amber-stone-with-few-inclusions-2\/\" \/>\n<meta property=\"og:locale\" content=\"en_US\" \/>\n<meta property=\"og:type\" content=\"article\" \/>\n<meta property=\"og:title\" content=\"Baltic amber stone with few inclusions - Amberwithlove\" \/>\n<meta property=\"og:description\" content=\"It as natural Baltic amber stone with amazing Fly inclusion. Fly inclusion is quiet small, but\u00a0 good visible. The piece is clear,\u00a0 round shape.\" \/>\n<meta property=\"og:url\" content=\"https:\/\/amberwithlove.lt\/en\/produktas\/baltic-amber-stone-with-few-inclusions-2\/\" \/>\n<meta property=\"og:site_name\" content=\"Amberwithlove\" \/>\n<meta property=\"article:modified_time\" content=\"2026-01-09T08:53:23+00:00\" \/>\n<meta property=\"og:image\" content=\"https:\/\/amberwithlove.lt\/wp-content\/uploads\/2026\/01\/IMG_1418-scaled.jpg\" \/>\n\t<meta property=\"og:image:width\" content=\"2560\" \/>\n\t<meta property=\"og:image:height\" content=\"1684\" \/>\n\t<meta property=\"og:image:type\" content=\"image\/jpeg\" \/>\n<meta name=\"twitter:card\" content=\"summary_large_image\" \/>\n<meta name=\"twitter:label1\" content=\"Est. reading time\" \/>\n\t<meta name=\"twitter:data1\" content=\"1 minute\" \/>\n<script type=\"application\/ld+json\" class=\"yoast-schema-graph\">{\"@context\":\"https:\/\/schema.org\",\"@graph\":[{\"@type\":\"WebPage\",\"@id\":\"https:\/\/amberwithlove.lt\/en\/produktas\/baltic-amber-stone-with-few-inclusions-2\/\",\"url\":\"https:\/\/amberwithlove.lt\/en\/produktas\/baltic-amber-stone-with-few-inclusions-2\/\",\"name\":\"Baltic amber stone with few inclusions - Amberwithlove\",\"isPartOf\":{\"@id\":\"https:\/\/amberwithlove.lt\/en\/#website\"},\"primaryImageOfPage\":{\"@id\":\"https:\/\/amberwithlove.lt\/en\/produktas\/baltic-amber-stone-with-few-inclusions-2\/#primaryimage\"},\"image\":{\"@id\":\"https:\/\/amberwithlove.lt\/en\/produktas\/baltic-amber-stone-with-few-inclusions-2\/#primaryimage\"},\"thumbnailUrl\":\"https:\/\/amberwithlove.lt\/wp-content\/uploads\/2026\/01\/IMG_1418-scaled.jpg\",\"datePublished\":\"2026-01-09T08:36:08+00:00\",\"dateModified\":\"2026-01-09T08:53:23+00:00\",\"description\":\"It as natural Baltic amber stone with amazing Fly inclusion. Fly inclusion is quiet small, but\u00a0 good visible. The piece is clear,\u00a0 round shape.\",\"breadcrumb\":{\"@id\":\"https:\/\/amberwithlove.lt\/en\/produktas\/baltic-amber-stone-with-few-inclusions-2\/#breadcrumb\"},\"inLanguage\":\"en-US\",\"potentialAction\":[{\"@type\":\"ReadAction\",\"target\":[\"https:\/\/amberwithlove.lt\/en\/produktas\/baltic-amber-stone-with-few-inclusions-2\/\"]}]},{\"@type\":\"ImageObject\",\"inLanguage\":\"en-US\",\"@id\":\"https:\/\/amberwithlove.lt\/en\/produktas\/baltic-amber-stone-with-few-inclusions-2\/#primaryimage\",\"url\":\"https:\/\/amberwithlove.lt\/wp-content\/uploads\/2026\/01\/IMG_1418-scaled.jpg\",\"contentUrl\":\"https:\/\/amberwithlove.lt\/wp-content\/uploads\/2026\/01\/IMG_1418-scaled.jpg\",\"width\":2560,\"height\":1684,\"caption\":\"Gintaras su inkliuzais\"},{\"@type\":\"BreadcrumbList\",\"@id\":\"https:\/\/amberwithlove.lt\/en\/produktas\/baltic-amber-stone-with-few-inclusions-2\/#breadcrumb\",\"itemListElement\":[{\"@type\":\"ListItem\",\"position\":1,\"name\":\"Home\",\"item\":\"https:\/\/amberwithlove.lt\/en\/\"},{\"@type\":\"ListItem\",\"position\":2,\"name\":\"Shop\",\"item\":\"https:\/\/amberwithlove.lt\/en\/shop\/\"},{\"@type\":\"ListItem\",\"position\":3,\"name\":\"Baltic amber stone with few inclusions\"}]},{\"@type\":\"WebSite\",\"@id\":\"https:\/\/amberwithlove.lt\/en\/#website\",\"url\":\"https:\/\/amberwithlove.lt\/en\/\",\"name\":\"Amberwithlove\",\"description\":\"Si\u016blome didel\u012f gintaro juvelyrini\u0173 gamini\u0173, suvenyr\u0173, verslo dovan\u0173 pasirinkim\u0105.\",\"potentialAction\":[{\"@type\":\"SearchAction\",\"target\":{\"@type\":\"EntryPoint\",\"urlTemplate\":\"https:\/\/amberwithlove.lt\/en\/?s={search_term_string}\"},\"query-input\":{\"@type\":\"PropertyValueSpecification\",\"valueRequired\":true,\"valueName\":\"search_term_string\"}}],\"inLanguage\":\"en-US\"}]}<\/script>\n<!-- \/ Yoast SEO plugin. -->","yoast_head_json":{"title":"Baltic amber stone with few inclusions - Amberwithlove","description":"It as natural Baltic amber stone with amazing Fly inclusion. Fly inclusion is quiet small, but\u00a0 good visible. The piece is clear,\u00a0 round shape.","robots":{"index":"index","follow":"follow","max-snippet":"max-snippet:-1","max-image-preview":"max-image-preview:large","max-video-preview":"max-video-preview:-1"},"canonical":"https:\/\/amberwithlove.lt\/en\/produktas\/baltic-amber-stone-with-few-inclusions-2\/","og_locale":"en_US","og_type":"article","og_title":"Baltic amber stone with few inclusions - Amberwithlove","og_description":"It as natural Baltic amber stone with amazing Fly inclusion. Fly inclusion is quiet small, but\u00a0 good visible. The piece is clear,\u00a0 round shape.","og_url":"https:\/\/amberwithlove.lt\/en\/produktas\/baltic-amber-stone-with-few-inclusions-2\/","og_site_name":"Amberwithlove","article_modified_time":"2026-01-09T08:53:23+00:00","og_image":[{"width":2560,"height":1684,"url":"https:\/\/amberwithlove.lt\/wp-content\/uploads\/2026\/01\/IMG_1418-scaled.jpg","type":"image\/jpeg"}],"twitter_card":"summary_large_image","twitter_misc":{"Est. reading time":"1 minute"},"schema":{"@context":"https:\/\/schema.org","@graph":[{"@type":"WebPage","@id":"https:\/\/amberwithlove.lt\/en\/produktas\/baltic-amber-stone-with-few-inclusions-2\/","url":"https:\/\/amberwithlove.lt\/en\/produktas\/baltic-amber-stone-with-few-inclusions-2\/","name":"Baltic amber stone with few inclusions - Amberwithlove","isPartOf":{"@id":"https:\/\/amberwithlove.lt\/en\/#website"},"primaryImageOfPage":{"@id":"https:\/\/amberwithlove.lt\/en\/produktas\/baltic-amber-stone-with-few-inclusions-2\/#primaryimage"},"image":{"@id":"https:\/\/amberwithlove.lt\/en\/produktas\/baltic-amber-stone-with-few-inclusions-2\/#primaryimage"},"thumbnailUrl":"https:\/\/amberwithlove.lt\/wp-content\/uploads\/2026\/01\/IMG_1418-scaled.jpg","datePublished":"2026-01-09T08:36:08+00:00","dateModified":"2026-01-09T08:53:23+00:00","description":"It as natural Baltic amber stone with amazing Fly inclusion. Fly inclusion is quiet small, but\u00a0 good visible. The piece is clear,\u00a0 round shape.","breadcrumb":{"@id":"https:\/\/amberwithlove.lt\/en\/produktas\/baltic-amber-stone-with-few-inclusions-2\/#breadcrumb"},"inLanguage":"en-US","potentialAction":[{"@type":"ReadAction","target":["https:\/\/amberwithlove.lt\/en\/produktas\/baltic-amber-stone-with-few-inclusions-2\/"]}]},{"@type":"ImageObject","inLanguage":"en-US","@id":"https:\/\/amberwithlove.lt\/en\/produktas\/baltic-amber-stone-with-few-inclusions-2\/#primaryimage","url":"https:\/\/amberwithlove.lt\/wp-content\/uploads\/2026\/01\/IMG_1418-scaled.jpg","contentUrl":"https:\/\/amberwithlove.lt\/wp-content\/uploads\/2026\/01\/IMG_1418-scaled.jpg","width":2560,"height":1684,"caption":"Gintaras su inkliuzais"},{"@type":"BreadcrumbList","@id":"https:\/\/amberwithlove.lt\/en\/produktas\/baltic-amber-stone-with-few-inclusions-2\/#breadcrumb","itemListElement":[{"@type":"ListItem","position":1,"name":"Home","item":"https:\/\/amberwithlove.lt\/en\/"},{"@type":"ListItem","position":2,"name":"Shop","item":"https:\/\/amberwithlove.lt\/en\/shop\/"},{"@type":"ListItem","position":3,"name":"Baltic amber stone with few inclusions"}]},{"@type":"WebSite","@id":"https:\/\/amberwithlove.lt\/en\/#website","url":"https:\/\/amberwithlove.lt\/en\/","name":"Amberwithlove","description":"Si\u016blome didel\u012f gintaro juvelyrini\u0173 gamini\u0173, suvenyr\u0173, verslo dovan\u0173 pasirinkim\u0105.","potentialAction":[{"@type":"SearchAction","target":{"@type":"EntryPoint","urlTemplate":"https:\/\/amberwithlove.lt\/en\/?s={search_term_string}"},"query-input":{"@type":"PropertyValueSpecification","valueRequired":true,"valueName":"search_term_string"}}],"inLanguage":"en-US"}]}},"_links":{"self":[{"href":"https:\/\/amberwithlove.lt\/en\/wp-json\/wp\/v2\/product\/32551","targetHints":{"allow":["GET"]}}],"collection":[{"href":"https:\/\/amberwithlove.lt\/en\/wp-json\/wp\/v2\/product"}],"about":[{"href":"https:\/\/amberwithlove.lt\/en\/wp-json\/wp\/v2\/types\/product"}],"wp:featuredmedia":[{"embeddable":true,"href":"https:\/\/amberwithlove.lt\/en\/wp-json\/wp\/v2\/media\/32553"}],"wp:attachment":[{"href":"https:\/\/amberwithlove.lt\/en\/wp-json\/wp\/v2\/media?parent=32551"}],"wp:term":[{"taxonomy":"product_brand","embeddable":true,"href":"https:\/\/amberwithlove.lt\/en\/wp-json\/wp\/v2\/product_brand?post=32551"},{"taxonomy":"product_cat","embeddable":true,"href":"https:\/\/amberwithlove.lt\/en\/wp-json\/wp\/v2\/product_cat?post=32551"},{"taxonomy":"product_tag","embeddable":true,"href":"https:\/\/amberwithlove.lt\/en\/wp-json\/wp\/v2\/product_tag?post=32551"}],"curies":[{"name":"wp","href":"https:\/\/api.w.org\/{rel}","templated":true}]}}