{"id":31767,"date":"2025-11-26T12:41:00","date_gmt":"2025-11-26T14:41:00","guid":{"rendered":"https:\/\/amberwithlove.lt\/?post_type=product&#038;p=31767"},"modified":"2025-11-26T12:48:10","modified_gmt":"2025-11-26T14:48:10","slug":"black-amber-earrings-round-bubbles","status":"publish","type":"product","link":"https:\/\/amberwithlove.lt\/en\/produktas\/black-amber-earrings-round-bubbles\/","title":{"rendered":"Black amber earrings round bubbles"},"content":{"rendered":"<div class=\"wpb-content-wrapper\"><p>[vc_row][vc_column][vc_column_text css=&#8221;&#8221; woodmart_inline=&#8221;no&#8221; text_larger=&#8221;no&#8221;]<\/p>\n<h3>Black amber earrings round bubbles<\/h3>\n<ul>\n<li><span class=\"tojvnm2t a6sixzi8 abs2jz4q a8s20v7p t1p8iaqh k5wvi7nf q3lfd5jv pk4s997a bipmatt0 cebpdrjk qowsmv63 owwhemhu dp1hu0rb dhp61c6y iyyx5f41\">Black amber earrings are made of pressed Baltic amber, amber beads are perfect round shape. Amazing black amber color. Earrings are hand made.<br \/>\n<\/span><\/li>\n<li><span class=\"tojvnm2t a6sixzi8 abs2jz4q a8s20v7p t1p8iaqh k5wvi7nf q3lfd5jv pk4s997a bipmatt0 cebpdrjk qowsmv63 owwhemhu dp1hu0rb dhp61c6y iyyx5f41\">Weight: ~3,80 grams.<br \/>\n<\/span><\/li>\n<li>Metal: gold plated 925 sterling silver.<\/li>\n<li>Earrings comes nicely packed with Certificate of Authenticity.<\/li>\n<\/ul>\n<p>[\/vc_column_text][\/vc_column][\/vc_row]<\/p>\n<\/div>","protected":false},"excerpt":{"rendered":"<p>[vc_row][vc_column][vc_column_text css=&#8221;&#8221; woodmart_inline=&#8221;no&#8221; text_larger=&#8221;no&#8221;] Black amber earrings round bubbles Black amber earrings are made of pressed Baltic amber, amber beads<\/p>\n","protected":false},"featured_media":31775,"template":"","meta":[],"product_brand":[],"product_cat":[72,241,75],"product_tag":[],"class_list":{"0":"post-31767","1":"product","2":"type-product","3":"status-publish","4":"has-post-thumbnail","6":"product_cat-all-products","7":"product_cat-dangling-earrings","8":"product_cat-earrings","10":"first","11":"instock","12":"shipping-taxable","13":"purchasable","14":"product-type-simple"},"yoast_head":"<!-- This site is optimized with the Yoast SEO plugin v27.1.1 - https:\/\/yoast.com\/product\/yoast-seo-wordpress\/ -->\n<title>Black amber earrings round bubbles - Amberwithlove -<\/title>\n<meta name=\"description\" content=\"Black amber earrings are made of pressed Baltic amber, amber beads are perfect round shape. Amazing black amber color. Earrings are hand made.\" \/>\n<meta name=\"robots\" content=\"index, follow, max-snippet:-1, max-image-preview:large, max-video-preview:-1\" \/>\n<link rel=\"canonical\" href=\"https:\/\/amberwithlove.lt\/en\/produktas\/black-amber-earrings-round-bubbles\/\" \/>\n<meta property=\"og:locale\" content=\"en_US\" \/>\n<meta property=\"og:type\" content=\"article\" \/>\n<meta property=\"og:title\" content=\"Black amber earrings round bubbles - Amberwithlove -\" \/>\n<meta property=\"og:description\" content=\"Black amber earrings are made of pressed Baltic amber, amber beads are perfect round shape. Amazing black amber color. Earrings are hand made.\" \/>\n<meta property=\"og:url\" content=\"https:\/\/amberwithlove.lt\/en\/produktas\/black-amber-earrings-round-bubbles\/\" \/>\n<meta property=\"og:site_name\" content=\"Amberwithlove\" \/>\n<meta property=\"article:modified_time\" content=\"2025-11-26T14:48:10+00:00\" \/>\n<meta property=\"og:image\" content=\"https:\/\/amberwithlove.lt\/wp-content\/uploads\/2025\/11\/IMG_1038-scaled.jpg\" \/>\n\t<meta property=\"og:image:width\" content=\"2560\" \/>\n\t<meta property=\"og:image:height\" content=\"1707\" \/>\n\t<meta property=\"og:image:type\" content=\"image\/jpeg\" \/>\n<meta name=\"twitter:card\" content=\"summary_large_image\" \/>\n<meta name=\"twitter:label1\" content=\"Est. reading time\" \/>\n\t<meta name=\"twitter:data1\" content=\"1 minute\" \/>\n<script type=\"application\/ld+json\" class=\"yoast-schema-graph\">{\"@context\":\"https:\/\/schema.org\",\"@graph\":[{\"@type\":\"WebPage\",\"@id\":\"https:\/\/amberwithlove.lt\/en\/produktas\/black-amber-earrings-round-bubbles\/\",\"url\":\"https:\/\/amberwithlove.lt\/en\/produktas\/black-amber-earrings-round-bubbles\/\",\"name\":\"Black amber earrings round bubbles - Amberwithlove -\",\"isPartOf\":{\"@id\":\"https:\/\/amberwithlove.lt\/en\/#website\"},\"primaryImageOfPage\":{\"@id\":\"https:\/\/amberwithlove.lt\/en\/produktas\/black-amber-earrings-round-bubbles\/#primaryimage\"},\"image\":{\"@id\":\"https:\/\/amberwithlove.lt\/en\/produktas\/black-amber-earrings-round-bubbles\/#primaryimage\"},\"thumbnailUrl\":\"https:\/\/amberwithlove.lt\/wp-content\/uploads\/2025\/11\/IMG_1038-scaled.jpg\",\"datePublished\":\"2025-11-26T14:41:00+00:00\",\"dateModified\":\"2025-11-26T14:48:10+00:00\",\"description\":\"Black amber earrings are made of pressed Baltic amber, amber beads are perfect round shape. Amazing black amber color. Earrings are hand made.\",\"breadcrumb\":{\"@id\":\"https:\/\/amberwithlove.lt\/en\/produktas\/black-amber-earrings-round-bubbles\/#breadcrumb\"},\"inLanguage\":\"en-US\",\"potentialAction\":[{\"@type\":\"ReadAction\",\"target\":[\"https:\/\/amberwithlove.lt\/en\/produktas\/black-amber-earrings-round-bubbles\/\"]}]},{\"@type\":\"ImageObject\",\"inLanguage\":\"en-US\",\"@id\":\"https:\/\/amberwithlove.lt\/en\/produktas\/black-amber-earrings-round-bubbles\/#primaryimage\",\"url\":\"https:\/\/amberwithlove.lt\/wp-content\/uploads\/2025\/11\/IMG_1038-scaled.jpg\",\"contentUrl\":\"https:\/\/amberwithlove.lt\/wp-content\/uploads\/2025\/11\/IMG_1038-scaled.jpg\",\"width\":2560,\"height\":1707,\"caption\":\"Kabantys juodo gintaro auskarai\"},{\"@type\":\"BreadcrumbList\",\"@id\":\"https:\/\/amberwithlove.lt\/en\/produktas\/black-amber-earrings-round-bubbles\/#breadcrumb\",\"itemListElement\":[{\"@type\":\"ListItem\",\"position\":1,\"name\":\"Home\",\"item\":\"https:\/\/amberwithlove.lt\/en\/\"},{\"@type\":\"ListItem\",\"position\":2,\"name\":\"Shop\",\"item\":\"https:\/\/amberwithlove.lt\/en\/shop\/\"},{\"@type\":\"ListItem\",\"position\":3,\"name\":\"Black amber earrings round bubbles\"}]},{\"@type\":\"WebSite\",\"@id\":\"https:\/\/amberwithlove.lt\/en\/#website\",\"url\":\"https:\/\/amberwithlove.lt\/en\/\",\"name\":\"Amberwithlove\",\"description\":\"Si\u016blome didel\u012f gintaro juvelyrini\u0173 gamini\u0173, suvenyr\u0173, verslo dovan\u0173 pasirinkim\u0105.\",\"potentialAction\":[{\"@type\":\"SearchAction\",\"target\":{\"@type\":\"EntryPoint\",\"urlTemplate\":\"https:\/\/amberwithlove.lt\/en\/?s={search_term_string}\"},\"query-input\":{\"@type\":\"PropertyValueSpecification\",\"valueRequired\":true,\"valueName\":\"search_term_string\"}}],\"inLanguage\":\"en-US\"}]}<\/script>\n<!-- \/ Yoast SEO plugin. -->","yoast_head_json":{"title":"Black amber earrings round bubbles - Amberwithlove -","description":"Black amber earrings are made of pressed Baltic amber, amber beads are perfect round shape. Amazing black amber color. Earrings are hand made.","robots":{"index":"index","follow":"follow","max-snippet":"max-snippet:-1","max-image-preview":"max-image-preview:large","max-video-preview":"max-video-preview:-1"},"canonical":"https:\/\/amberwithlove.lt\/en\/produktas\/black-amber-earrings-round-bubbles\/","og_locale":"en_US","og_type":"article","og_title":"Black amber earrings round bubbles - Amberwithlove -","og_description":"Black amber earrings are made of pressed Baltic amber, amber beads are perfect round shape. Amazing black amber color. Earrings are hand made.","og_url":"https:\/\/amberwithlove.lt\/en\/produktas\/black-amber-earrings-round-bubbles\/","og_site_name":"Amberwithlove","article_modified_time":"2025-11-26T14:48:10+00:00","og_image":[{"width":2560,"height":1707,"url":"https:\/\/amberwithlove.lt\/wp-content\/uploads\/2025\/11\/IMG_1038-scaled.jpg","type":"image\/jpeg"}],"twitter_card":"summary_large_image","twitter_misc":{"Est. reading time":"1 minute"},"schema":{"@context":"https:\/\/schema.org","@graph":[{"@type":"WebPage","@id":"https:\/\/amberwithlove.lt\/en\/produktas\/black-amber-earrings-round-bubbles\/","url":"https:\/\/amberwithlove.lt\/en\/produktas\/black-amber-earrings-round-bubbles\/","name":"Black amber earrings round bubbles - Amberwithlove -","isPartOf":{"@id":"https:\/\/amberwithlove.lt\/en\/#website"},"primaryImageOfPage":{"@id":"https:\/\/amberwithlove.lt\/en\/produktas\/black-amber-earrings-round-bubbles\/#primaryimage"},"image":{"@id":"https:\/\/amberwithlove.lt\/en\/produktas\/black-amber-earrings-round-bubbles\/#primaryimage"},"thumbnailUrl":"https:\/\/amberwithlove.lt\/wp-content\/uploads\/2025\/11\/IMG_1038-scaled.jpg","datePublished":"2025-11-26T14:41:00+00:00","dateModified":"2025-11-26T14:48:10+00:00","description":"Black amber earrings are made of pressed Baltic amber, amber beads are perfect round shape. Amazing black amber color. Earrings are hand made.","breadcrumb":{"@id":"https:\/\/amberwithlove.lt\/en\/produktas\/black-amber-earrings-round-bubbles\/#breadcrumb"},"inLanguage":"en-US","potentialAction":[{"@type":"ReadAction","target":["https:\/\/amberwithlove.lt\/en\/produktas\/black-amber-earrings-round-bubbles\/"]}]},{"@type":"ImageObject","inLanguage":"en-US","@id":"https:\/\/amberwithlove.lt\/en\/produktas\/black-amber-earrings-round-bubbles\/#primaryimage","url":"https:\/\/amberwithlove.lt\/wp-content\/uploads\/2025\/11\/IMG_1038-scaled.jpg","contentUrl":"https:\/\/amberwithlove.lt\/wp-content\/uploads\/2025\/11\/IMG_1038-scaled.jpg","width":2560,"height":1707,"caption":"Kabantys juodo gintaro auskarai"},{"@type":"BreadcrumbList","@id":"https:\/\/amberwithlove.lt\/en\/produktas\/black-amber-earrings-round-bubbles\/#breadcrumb","itemListElement":[{"@type":"ListItem","position":1,"name":"Home","item":"https:\/\/amberwithlove.lt\/en\/"},{"@type":"ListItem","position":2,"name":"Shop","item":"https:\/\/amberwithlove.lt\/en\/shop\/"},{"@type":"ListItem","position":3,"name":"Black amber earrings round bubbles"}]},{"@type":"WebSite","@id":"https:\/\/amberwithlove.lt\/en\/#website","url":"https:\/\/amberwithlove.lt\/en\/","name":"Amberwithlove","description":"Si\u016blome didel\u012f gintaro juvelyrini\u0173 gamini\u0173, suvenyr\u0173, verslo dovan\u0173 pasirinkim\u0105.","potentialAction":[{"@type":"SearchAction","target":{"@type":"EntryPoint","urlTemplate":"https:\/\/amberwithlove.lt\/en\/?s={search_term_string}"},"query-input":{"@type":"PropertyValueSpecification","valueRequired":true,"valueName":"search_term_string"}}],"inLanguage":"en-US"}]}},"_links":{"self":[{"href":"https:\/\/amberwithlove.lt\/en\/wp-json\/wp\/v2\/product\/31767","targetHints":{"allow":["GET"]}}],"collection":[{"href":"https:\/\/amberwithlove.lt\/en\/wp-json\/wp\/v2\/product"}],"about":[{"href":"https:\/\/amberwithlove.lt\/en\/wp-json\/wp\/v2\/types\/product"}],"wp:featuredmedia":[{"embeddable":true,"href":"https:\/\/amberwithlove.lt\/en\/wp-json\/wp\/v2\/media\/31775"}],"wp:attachment":[{"href":"https:\/\/amberwithlove.lt\/en\/wp-json\/wp\/v2\/media?parent=31767"}],"wp:term":[{"taxonomy":"product_brand","embeddable":true,"href":"https:\/\/amberwithlove.lt\/en\/wp-json\/wp\/v2\/product_brand?post=31767"},{"taxonomy":"product_cat","embeddable":true,"href":"https:\/\/amberwithlove.lt\/en\/wp-json\/wp\/v2\/product_cat?post=31767"},{"taxonomy":"product_tag","embeddable":true,"href":"https:\/\/amberwithlove.lt\/en\/wp-json\/wp\/v2\/product_tag?post=31767"}],"curies":[{"name":"wp","href":"https:\/\/api.w.org\/{rel}","templated":true}]}}