{"id":29315,"date":"2025-04-08T15:35:21","date_gmt":"2025-04-08T17:35:21","guid":{"rendered":"https:\/\/amberwithlove.lt\/?post_type=product&#038;p=29315"},"modified":"2025-04-08T15:45:05","modified_gmt":"2025-04-08T17:45:05","slug":"natural-healing-baltic-amber-adult-necklace-kopija","status":"publish","type":"product","link":"https:\/\/amberwithlove.lt\/en\/produktas\/natural-healing-baltic-amber-adult-necklace-kopija\/","title":{"rendered":"Natural, healing, Baltic amber adult necklace"},"content":{"rendered":"<h3>Healing amber necklace<\/h3>\n<ul>\n<li><span class=\"tojvnm2t a6sixzi8 abs2jz4q a8s20v7p t1p8iaqh k5wvi7nf q3lfd5jv pk4s997a bipmatt0 cebpdrjk qowsmv63 owwhemhu dp1hu0rb dhp61c6y iyyx5f41\">Healing amber necklace is made of natural, polished Baltic amber beads.\u00a0<span class=\"HwtZe\" lang=\"en\"> <span class=\"jCAhz ChMk0b\"><span class=\"ryNqvb\">Amber beads are natural few amber colors.<\/span><\/span> Amber beads are just polished<span class=\"jCAhz ChMk0b\"><span class=\"ryNqvb\">.<\/span><\/span> <span class=\"jCAhz ChMk0b\"><span class=\"ryNqvb\">Amber beads are drilled and strung on a special, very strong silk thread.<\/span><\/span><\/span><br \/>\n<\/span><\/li>\n<li><span class=\"tojvnm2t a6sixzi8 abs2jz4q a8s20v7p t1p8iaqh k5wvi7nf q3lfd5jv pk4s997a bipmatt0 cebpdrjk qowsmv63 owwhemhu dp1hu0rb dhp61c6y iyyx5f41\"><span class=\"VIiyi\" lang=\"en\"><span class=\"JLqJ4b ChMk0b\" data-language-for-alternatives=\"en\" data-language-to-translate-into=\"lt\" data-phrase-index=\"0\">Product weight<\/span><\/span>: 25,66 grams.<\/span><\/li>\n<li>Product length: ~ 52 cm.<\/li>\n<li><span class=\"tojvnm2t a6sixzi8 abs2jz4q a8s20v7p t1p8iaqh k5wvi7nf q3lfd5jv pk4s997a bipmatt0 cebpdrjk qowsmv63 owwhemhu dp1hu0rb dhp61c6y iyyx5f41\">Necklace<\/span> comes nicely packed in box with Certificate of Authenticity.<\/li>\n<\/ul>\n","protected":false},"excerpt":{"rendered":"<p>Healing amber necklace Healing amber necklace is made of natural, polished Baltic amber beads.\u00a0 Amber beads are natural few amber<\/p>\n","protected":false},"featured_media":29319,"template":"","meta":[],"product_brand":[],"product_cat":[72,81],"product_tag":[],"class_list":{"0":"post-29315","1":"product","2":"type-product","3":"status-publish","4":"has-post-thumbnail","6":"product_cat-all-products","7":"product_cat-necklaces","9":"first","10":"outofstock","11":"shipping-taxable","12":"purchasable","13":"product-type-simple"},"yoast_head":"<!-- This site is optimized with the Yoast SEO plugin v27.1.1 - https:\/\/yoast.com\/product\/yoast-seo-wordpress\/ -->\n<title>Natural, healing, Baltic amber adult necklace<\/title>\n<meta name=\"description\" content=\"Healing amber necklace is made of natural, polished Baltic amber beads.\u00a0 Amber beads are natural few amber colors. Amber beads are just polished.\" \/>\n<meta name=\"robots\" content=\"index, follow, max-snippet:-1, max-image-preview:large, max-video-preview:-1\" \/>\n<link rel=\"canonical\" href=\"https:\/\/amberwithlove.lt\/en\/produktas\/natural-healing-baltic-amber-adult-necklace-kopija\/\" \/>\n<meta property=\"og:locale\" content=\"en_US\" \/>\n<meta property=\"og:type\" content=\"article\" \/>\n<meta property=\"og:title\" content=\"Natural, healing, Baltic amber adult necklace\" \/>\n<meta property=\"og:description\" content=\"Healing amber necklace is made of natural, polished Baltic amber beads.\u00a0 Amber beads are natural few amber colors. Amber beads are just polished.\" \/>\n<meta property=\"og:url\" content=\"https:\/\/amberwithlove.lt\/en\/produktas\/natural-healing-baltic-amber-adult-necklace-kopija\/\" \/>\n<meta property=\"og:site_name\" content=\"Amberwithlove\" \/>\n<meta property=\"article:modified_time\" content=\"2025-04-08T17:45:05+00:00\" \/>\n<meta property=\"og:image\" content=\"https:\/\/amberwithlove.lt\/wp-content\/uploads\/2025\/04\/IMG_0001-scaled.jpg\" \/>\n\t<meta property=\"og:image:width\" content=\"2560\" \/>\n\t<meta property=\"og:image:height\" content=\"1571\" \/>\n\t<meta property=\"og:image:type\" content=\"image\/jpeg\" \/>\n<meta name=\"twitter:card\" content=\"summary_large_image\" \/>\n<meta name=\"twitter:label1\" content=\"Est. reading time\" \/>\n\t<meta name=\"twitter:data1\" content=\"1 minute\" \/>\n<script type=\"application\/ld+json\" class=\"yoast-schema-graph\">{\"@context\":\"https:\/\/schema.org\",\"@graph\":[{\"@type\":\"WebPage\",\"@id\":\"https:\/\/amberwithlove.lt\/en\/produktas\/natural-healing-baltic-amber-adult-necklace-kopija\/\",\"url\":\"https:\/\/amberwithlove.lt\/en\/produktas\/natural-healing-baltic-amber-adult-necklace-kopija\/\",\"name\":\"Natural, healing, Baltic amber adult necklace\",\"isPartOf\":{\"@id\":\"https:\/\/amberwithlove.lt\/en\/#website\"},\"primaryImageOfPage\":{\"@id\":\"https:\/\/amberwithlove.lt\/en\/produktas\/natural-healing-baltic-amber-adult-necklace-kopija\/#primaryimage\"},\"image\":{\"@id\":\"https:\/\/amberwithlove.lt\/en\/produktas\/natural-healing-baltic-amber-adult-necklace-kopija\/#primaryimage\"},\"thumbnailUrl\":\"https:\/\/amberwithlove.lt\/wp-content\/uploads\/2025\/04\/IMG_0001-scaled.jpg\",\"datePublished\":\"2025-04-08T17:35:21+00:00\",\"dateModified\":\"2025-04-08T17:45:05+00:00\",\"description\":\"Healing amber necklace is made of natural, polished Baltic amber beads.\u00a0 Amber beads are natural few amber colors. Amber beads are just polished.\",\"breadcrumb\":{\"@id\":\"https:\/\/amberwithlove.lt\/en\/produktas\/natural-healing-baltic-amber-adult-necklace-kopija\/#breadcrumb\"},\"inLanguage\":\"en-US\",\"potentialAction\":[{\"@type\":\"ReadAction\",\"target\":[\"https:\/\/amberwithlove.lt\/en\/produktas\/natural-healing-baltic-amber-adult-necklace-kopija\/\"]}]},{\"@type\":\"ImageObject\",\"inLanguage\":\"en-US\",\"@id\":\"https:\/\/amberwithlove.lt\/en\/produktas\/natural-healing-baltic-amber-adult-necklace-kopija\/#primaryimage\",\"url\":\"https:\/\/amberwithlove.lt\/wp-content\/uploads\/2025\/04\/IMG_0001-scaled.jpg\",\"contentUrl\":\"https:\/\/amberwithlove.lt\/wp-content\/uploads\/2025\/04\/IMG_0001-scaled.jpg\",\"width\":2560,\"height\":1571,\"caption\":\"gydomieji gintaro karoliai\"},{\"@type\":\"BreadcrumbList\",\"@id\":\"https:\/\/amberwithlove.lt\/en\/produktas\/natural-healing-baltic-amber-adult-necklace-kopija\/#breadcrumb\",\"itemListElement\":[{\"@type\":\"ListItem\",\"position\":1,\"name\":\"Home\",\"item\":\"https:\/\/amberwithlove.lt\/en\/\"},{\"@type\":\"ListItem\",\"position\":2,\"name\":\"Shop\",\"item\":\"https:\/\/amberwithlove.lt\/en\/shop\/\"},{\"@type\":\"ListItem\",\"position\":3,\"name\":\"Natural, healing, Baltic amber adult necklace\"}]},{\"@type\":\"WebSite\",\"@id\":\"https:\/\/amberwithlove.lt\/en\/#website\",\"url\":\"https:\/\/amberwithlove.lt\/en\/\",\"name\":\"Amberwithlove\",\"description\":\"Si\u016blome didel\u012f gintaro juvelyrini\u0173 gamini\u0173, suvenyr\u0173, verslo dovan\u0173 pasirinkim\u0105.\",\"potentialAction\":[{\"@type\":\"SearchAction\",\"target\":{\"@type\":\"EntryPoint\",\"urlTemplate\":\"https:\/\/amberwithlove.lt\/en\/?s={search_term_string}\"},\"query-input\":{\"@type\":\"PropertyValueSpecification\",\"valueRequired\":true,\"valueName\":\"search_term_string\"}}],\"inLanguage\":\"en-US\"}]}<\/script>\n<!-- \/ Yoast SEO plugin. -->","yoast_head_json":{"title":"Natural, healing, Baltic amber adult necklace","description":"Healing amber necklace is made of natural, polished Baltic amber beads.\u00a0 Amber beads are natural few amber colors. Amber beads are just polished.","robots":{"index":"index","follow":"follow","max-snippet":"max-snippet:-1","max-image-preview":"max-image-preview:large","max-video-preview":"max-video-preview:-1"},"canonical":"https:\/\/amberwithlove.lt\/en\/produktas\/natural-healing-baltic-amber-adult-necklace-kopija\/","og_locale":"en_US","og_type":"article","og_title":"Natural, healing, Baltic amber adult necklace","og_description":"Healing amber necklace is made of natural, polished Baltic amber beads.\u00a0 Amber beads are natural few amber colors. Amber beads are just polished.","og_url":"https:\/\/amberwithlove.lt\/en\/produktas\/natural-healing-baltic-amber-adult-necklace-kopija\/","og_site_name":"Amberwithlove","article_modified_time":"2025-04-08T17:45:05+00:00","og_image":[{"width":2560,"height":1571,"url":"https:\/\/amberwithlove.lt\/wp-content\/uploads\/2025\/04\/IMG_0001-scaled.jpg","type":"image\/jpeg"}],"twitter_card":"summary_large_image","twitter_misc":{"Est. reading time":"1 minute"},"schema":{"@context":"https:\/\/schema.org","@graph":[{"@type":"WebPage","@id":"https:\/\/amberwithlove.lt\/en\/produktas\/natural-healing-baltic-amber-adult-necklace-kopija\/","url":"https:\/\/amberwithlove.lt\/en\/produktas\/natural-healing-baltic-amber-adult-necklace-kopija\/","name":"Natural, healing, Baltic amber adult necklace","isPartOf":{"@id":"https:\/\/amberwithlove.lt\/en\/#website"},"primaryImageOfPage":{"@id":"https:\/\/amberwithlove.lt\/en\/produktas\/natural-healing-baltic-amber-adult-necklace-kopija\/#primaryimage"},"image":{"@id":"https:\/\/amberwithlove.lt\/en\/produktas\/natural-healing-baltic-amber-adult-necklace-kopija\/#primaryimage"},"thumbnailUrl":"https:\/\/amberwithlove.lt\/wp-content\/uploads\/2025\/04\/IMG_0001-scaled.jpg","datePublished":"2025-04-08T17:35:21+00:00","dateModified":"2025-04-08T17:45:05+00:00","description":"Healing amber necklace is made of natural, polished Baltic amber beads.\u00a0 Amber beads are natural few amber colors. Amber beads are just polished.","breadcrumb":{"@id":"https:\/\/amberwithlove.lt\/en\/produktas\/natural-healing-baltic-amber-adult-necklace-kopija\/#breadcrumb"},"inLanguage":"en-US","potentialAction":[{"@type":"ReadAction","target":["https:\/\/amberwithlove.lt\/en\/produktas\/natural-healing-baltic-amber-adult-necklace-kopija\/"]}]},{"@type":"ImageObject","inLanguage":"en-US","@id":"https:\/\/amberwithlove.lt\/en\/produktas\/natural-healing-baltic-amber-adult-necklace-kopija\/#primaryimage","url":"https:\/\/amberwithlove.lt\/wp-content\/uploads\/2025\/04\/IMG_0001-scaled.jpg","contentUrl":"https:\/\/amberwithlove.lt\/wp-content\/uploads\/2025\/04\/IMG_0001-scaled.jpg","width":2560,"height":1571,"caption":"gydomieji gintaro karoliai"},{"@type":"BreadcrumbList","@id":"https:\/\/amberwithlove.lt\/en\/produktas\/natural-healing-baltic-amber-adult-necklace-kopija\/#breadcrumb","itemListElement":[{"@type":"ListItem","position":1,"name":"Home","item":"https:\/\/amberwithlove.lt\/en\/"},{"@type":"ListItem","position":2,"name":"Shop","item":"https:\/\/amberwithlove.lt\/en\/shop\/"},{"@type":"ListItem","position":3,"name":"Natural, healing, Baltic amber adult necklace"}]},{"@type":"WebSite","@id":"https:\/\/amberwithlove.lt\/en\/#website","url":"https:\/\/amberwithlove.lt\/en\/","name":"Amberwithlove","description":"Si\u016blome didel\u012f gintaro juvelyrini\u0173 gamini\u0173, suvenyr\u0173, verslo dovan\u0173 pasirinkim\u0105.","potentialAction":[{"@type":"SearchAction","target":{"@type":"EntryPoint","urlTemplate":"https:\/\/amberwithlove.lt\/en\/?s={search_term_string}"},"query-input":{"@type":"PropertyValueSpecification","valueRequired":true,"valueName":"search_term_string"}}],"inLanguage":"en-US"}]}},"_links":{"self":[{"href":"https:\/\/amberwithlove.lt\/en\/wp-json\/wp\/v2\/product\/29315","targetHints":{"allow":["GET"]}}],"collection":[{"href":"https:\/\/amberwithlove.lt\/en\/wp-json\/wp\/v2\/product"}],"about":[{"href":"https:\/\/amberwithlove.lt\/en\/wp-json\/wp\/v2\/types\/product"}],"wp:featuredmedia":[{"embeddable":true,"href":"https:\/\/amberwithlove.lt\/en\/wp-json\/wp\/v2\/media\/29319"}],"wp:attachment":[{"href":"https:\/\/amberwithlove.lt\/en\/wp-json\/wp\/v2\/media?parent=29315"}],"wp:term":[{"taxonomy":"product_brand","embeddable":true,"href":"https:\/\/amberwithlove.lt\/en\/wp-json\/wp\/v2\/product_brand?post=29315"},{"taxonomy":"product_cat","embeddable":true,"href":"https:\/\/amberwithlove.lt\/en\/wp-json\/wp\/v2\/product_cat?post=29315"},{"taxonomy":"product_tag","embeddable":true,"href":"https:\/\/amberwithlove.lt\/en\/wp-json\/wp\/v2\/product_tag?post=29315"}],"curies":[{"name":"wp","href":"https:\/\/api.w.org\/{rel}","templated":true}]}}