{"id":28949,"date":"2025-03-13T06:49:02","date_gmt":"2025-03-13T08:49:02","guid":{"rendered":"https:\/\/amberwithlove.lt\/?post_type=product&#038;p=28949"},"modified":"2025-03-13T06:55:07","modified_gmt":"2025-03-13T08:55:07","slug":"baltic-amber-earrings-heart-shape","status":"publish","type":"product","link":"https:\/\/amberwithlove.lt\/en\/produktas\/baltic-amber-earrings-heart-shape\/","title":{"rendered":"Baltic amber earrings heart shape"},"content":{"rendered":"<h3>Amber earrings<\/h3>\n<ul>\n<li><span class=\"tojvnm2t a6sixzi8 abs2jz4q a8s20v7p t1p8iaqh k5wvi7nf q3lfd5jv pk4s997a bipmatt0 cebpdrjk qowsmv63 owwhemhu dp1hu0rb dhp61c6y iyyx5f41\">Amber earrings are made of natural\u00a0 Baltic amber. Amber beads are heart shape. Amazing\u00a0 brown color. Earrings are hand made.<br \/>\n<\/span><\/li>\n<li><span class=\"tojvnm2t a6sixzi8 abs2jz4q a8s20v7p t1p8iaqh k5wvi7nf q3lfd5jv pk4s997a bipmatt0 cebpdrjk qowsmv63 owwhemhu dp1hu0rb dhp61c6y iyyx5f41\">Weight: ~1,00 grams.<br \/>\n<\/span><\/li>\n<li>Metal: 925 sterling silver.<\/li>\n<li>Earrings comes nicely packed in box with Certificate of Authenticity.<\/li>\n<\/ul>\n<p>&nbsp;<\/p>\n","protected":false},"excerpt":{"rendered":"<p>Amber earrings Amber earrings are made of natural\u00a0 Baltic amber. Amber beads are heart shape. Amazing\u00a0 brown color. Earrings are<\/p>\n","protected":false},"featured_media":28953,"template":"","meta":[],"product_brand":[],"product_cat":[72,75,239],"product_tag":[],"class_list":{"0":"post-28949","1":"product","2":"type-product","3":"status-publish","4":"has-post-thumbnail","6":"product_cat-all-products","7":"product_cat-earrings","8":"product_cat-stud-earrings","10":"first","11":"instock","12":"shipping-taxable","13":"purchasable","14":"product-type-simple"},"yoast_head":"<!-- This site is optimized with the Yoast SEO plugin v27.1.1 - https:\/\/yoast.com\/product\/yoast-seo-wordpress\/ -->\n<title>Baltic amber earrings heart shape - Amberwithlove -<\/title>\n<meta name=\"description\" content=\"Amber earrings are made of natural pressed Baltic amber, amber beads are circle shape. Amazing\u00a0 black color. Earrings are hand made.\" \/>\n<meta name=\"robots\" content=\"index, follow, max-snippet:-1, max-image-preview:large, max-video-preview:-1\" \/>\n<link rel=\"canonical\" href=\"https:\/\/amberwithlove.lt\/en\/produktas\/baltic-amber-earrings-heart-shape\/\" \/>\n<meta property=\"og:locale\" content=\"en_US\" \/>\n<meta property=\"og:type\" content=\"article\" \/>\n<meta property=\"og:title\" content=\"Baltic amber earrings heart shape - Amberwithlove -\" \/>\n<meta property=\"og:description\" content=\"Amber earrings are made of natural pressed Baltic amber, amber beads are circle shape. Amazing\u00a0 black color. Earrings are hand made.\" \/>\n<meta property=\"og:url\" content=\"https:\/\/amberwithlove.lt\/en\/produktas\/baltic-amber-earrings-heart-shape\/\" \/>\n<meta property=\"og:site_name\" content=\"Amberwithlove\" \/>\n<meta property=\"article:modified_time\" content=\"2025-03-13T08:55:07+00:00\" \/>\n<meta property=\"og:image\" content=\"https:\/\/amberwithlove.lt\/wp-content\/uploads\/2025\/03\/IMG_9723.jpg\" \/>\n\t<meta property=\"og:image:width\" content=\"1951\" \/>\n\t<meta property=\"og:image:height\" content=\"1221\" \/>\n\t<meta property=\"og:image:type\" content=\"image\/jpeg\" \/>\n<meta name=\"twitter:card\" content=\"summary_large_image\" \/>\n<meta name=\"twitter:label1\" content=\"Est. reading time\" \/>\n\t<meta name=\"twitter:data1\" content=\"1 minute\" \/>\n<script type=\"application\/ld+json\" class=\"yoast-schema-graph\">{\"@context\":\"https:\/\/schema.org\",\"@graph\":[{\"@type\":\"WebPage\",\"@id\":\"https:\/\/amberwithlove.lt\/en\/produktas\/baltic-amber-earrings-heart-shape\/\",\"url\":\"https:\/\/amberwithlove.lt\/en\/produktas\/baltic-amber-earrings-heart-shape\/\",\"name\":\"Baltic amber earrings heart shape - Amberwithlove -\",\"isPartOf\":{\"@id\":\"https:\/\/amberwithlove.lt\/en\/#website\"},\"primaryImageOfPage\":{\"@id\":\"https:\/\/amberwithlove.lt\/en\/produktas\/baltic-amber-earrings-heart-shape\/#primaryimage\"},\"image\":{\"@id\":\"https:\/\/amberwithlove.lt\/en\/produktas\/baltic-amber-earrings-heart-shape\/#primaryimage\"},\"thumbnailUrl\":\"https:\/\/amberwithlove.lt\/wp-content\/uploads\/2025\/03\/IMG_9723.jpg\",\"datePublished\":\"2025-03-13T08:49:02+00:00\",\"dateModified\":\"2025-03-13T08:55:07+00:00\",\"description\":\"Amber earrings are made of natural pressed Baltic amber, amber beads are circle shape. Amazing\u00a0 black color. Earrings are hand made.\",\"breadcrumb\":{\"@id\":\"https:\/\/amberwithlove.lt\/en\/produktas\/baltic-amber-earrings-heart-shape\/#breadcrumb\"},\"inLanguage\":\"en-US\",\"potentialAction\":[{\"@type\":\"ReadAction\",\"target\":[\"https:\/\/amberwithlove.lt\/en\/produktas\/baltic-amber-earrings-heart-shape\/\"]}]},{\"@type\":\"ImageObject\",\"inLanguage\":\"en-US\",\"@id\":\"https:\/\/amberwithlove.lt\/en\/produktas\/baltic-amber-earrings-heart-shape\/#primaryimage\",\"url\":\"https:\/\/amberwithlove.lt\/wp-content\/uploads\/2025\/03\/IMG_9723.jpg\",\"contentUrl\":\"https:\/\/amberwithlove.lt\/wp-content\/uploads\/2025\/03\/IMG_9723.jpg\",\"width\":1951,\"height\":1221,\"caption\":\"Gintariniai auskarai\"},{\"@type\":\"BreadcrumbList\",\"@id\":\"https:\/\/amberwithlove.lt\/en\/produktas\/baltic-amber-earrings-heart-shape\/#breadcrumb\",\"itemListElement\":[{\"@type\":\"ListItem\",\"position\":1,\"name\":\"Home\",\"item\":\"https:\/\/amberwithlove.lt\/en\/\"},{\"@type\":\"ListItem\",\"position\":2,\"name\":\"Shop\",\"item\":\"https:\/\/amberwithlove.lt\/en\/shop\/\"},{\"@type\":\"ListItem\",\"position\":3,\"name\":\"Baltic amber earrings heart shape\"}]},{\"@type\":\"WebSite\",\"@id\":\"https:\/\/amberwithlove.lt\/en\/#website\",\"url\":\"https:\/\/amberwithlove.lt\/en\/\",\"name\":\"Amberwithlove\",\"description\":\"Si\u016blome didel\u012f gintaro juvelyrini\u0173 gamini\u0173, suvenyr\u0173, verslo dovan\u0173 pasirinkim\u0105.\",\"potentialAction\":[{\"@type\":\"SearchAction\",\"target\":{\"@type\":\"EntryPoint\",\"urlTemplate\":\"https:\/\/amberwithlove.lt\/en\/?s={search_term_string}\"},\"query-input\":{\"@type\":\"PropertyValueSpecification\",\"valueRequired\":true,\"valueName\":\"search_term_string\"}}],\"inLanguage\":\"en-US\"}]}<\/script>\n<!-- \/ Yoast SEO plugin. -->","yoast_head_json":{"title":"Baltic amber earrings heart shape - Amberwithlove -","description":"Amber earrings are made of natural pressed Baltic amber, amber beads are circle shape. Amazing\u00a0 black color. Earrings are hand made.","robots":{"index":"index","follow":"follow","max-snippet":"max-snippet:-1","max-image-preview":"max-image-preview:large","max-video-preview":"max-video-preview:-1"},"canonical":"https:\/\/amberwithlove.lt\/en\/produktas\/baltic-amber-earrings-heart-shape\/","og_locale":"en_US","og_type":"article","og_title":"Baltic amber earrings heart shape - Amberwithlove -","og_description":"Amber earrings are made of natural pressed Baltic amber, amber beads are circle shape. Amazing\u00a0 black color. Earrings are hand made.","og_url":"https:\/\/amberwithlove.lt\/en\/produktas\/baltic-amber-earrings-heart-shape\/","og_site_name":"Amberwithlove","article_modified_time":"2025-03-13T08:55:07+00:00","og_image":[{"width":1951,"height":1221,"url":"https:\/\/amberwithlove.lt\/wp-content\/uploads\/2025\/03\/IMG_9723.jpg","type":"image\/jpeg"}],"twitter_card":"summary_large_image","twitter_misc":{"Est. reading time":"1 minute"},"schema":{"@context":"https:\/\/schema.org","@graph":[{"@type":"WebPage","@id":"https:\/\/amberwithlove.lt\/en\/produktas\/baltic-amber-earrings-heart-shape\/","url":"https:\/\/amberwithlove.lt\/en\/produktas\/baltic-amber-earrings-heart-shape\/","name":"Baltic amber earrings heart shape - Amberwithlove -","isPartOf":{"@id":"https:\/\/amberwithlove.lt\/en\/#website"},"primaryImageOfPage":{"@id":"https:\/\/amberwithlove.lt\/en\/produktas\/baltic-amber-earrings-heart-shape\/#primaryimage"},"image":{"@id":"https:\/\/amberwithlove.lt\/en\/produktas\/baltic-amber-earrings-heart-shape\/#primaryimage"},"thumbnailUrl":"https:\/\/amberwithlove.lt\/wp-content\/uploads\/2025\/03\/IMG_9723.jpg","datePublished":"2025-03-13T08:49:02+00:00","dateModified":"2025-03-13T08:55:07+00:00","description":"Amber earrings are made of natural pressed Baltic amber, amber beads are circle shape. Amazing\u00a0 black color. Earrings are hand made.","breadcrumb":{"@id":"https:\/\/amberwithlove.lt\/en\/produktas\/baltic-amber-earrings-heart-shape\/#breadcrumb"},"inLanguage":"en-US","potentialAction":[{"@type":"ReadAction","target":["https:\/\/amberwithlove.lt\/en\/produktas\/baltic-amber-earrings-heart-shape\/"]}]},{"@type":"ImageObject","inLanguage":"en-US","@id":"https:\/\/amberwithlove.lt\/en\/produktas\/baltic-amber-earrings-heart-shape\/#primaryimage","url":"https:\/\/amberwithlove.lt\/wp-content\/uploads\/2025\/03\/IMG_9723.jpg","contentUrl":"https:\/\/amberwithlove.lt\/wp-content\/uploads\/2025\/03\/IMG_9723.jpg","width":1951,"height":1221,"caption":"Gintariniai auskarai"},{"@type":"BreadcrumbList","@id":"https:\/\/amberwithlove.lt\/en\/produktas\/baltic-amber-earrings-heart-shape\/#breadcrumb","itemListElement":[{"@type":"ListItem","position":1,"name":"Home","item":"https:\/\/amberwithlove.lt\/en\/"},{"@type":"ListItem","position":2,"name":"Shop","item":"https:\/\/amberwithlove.lt\/en\/shop\/"},{"@type":"ListItem","position":3,"name":"Baltic amber earrings heart shape"}]},{"@type":"WebSite","@id":"https:\/\/amberwithlove.lt\/en\/#website","url":"https:\/\/amberwithlove.lt\/en\/","name":"Amberwithlove","description":"Si\u016blome didel\u012f gintaro juvelyrini\u0173 gamini\u0173, suvenyr\u0173, verslo dovan\u0173 pasirinkim\u0105.","potentialAction":[{"@type":"SearchAction","target":{"@type":"EntryPoint","urlTemplate":"https:\/\/amberwithlove.lt\/en\/?s={search_term_string}"},"query-input":{"@type":"PropertyValueSpecification","valueRequired":true,"valueName":"search_term_string"}}],"inLanguage":"en-US"}]}},"_links":{"self":[{"href":"https:\/\/amberwithlove.lt\/en\/wp-json\/wp\/v2\/product\/28949","targetHints":{"allow":["GET"]}}],"collection":[{"href":"https:\/\/amberwithlove.lt\/en\/wp-json\/wp\/v2\/product"}],"about":[{"href":"https:\/\/amberwithlove.lt\/en\/wp-json\/wp\/v2\/types\/product"}],"wp:featuredmedia":[{"embeddable":true,"href":"https:\/\/amberwithlove.lt\/en\/wp-json\/wp\/v2\/media\/28953"}],"wp:attachment":[{"href":"https:\/\/amberwithlove.lt\/en\/wp-json\/wp\/v2\/media?parent=28949"}],"wp:term":[{"taxonomy":"product_brand","embeddable":true,"href":"https:\/\/amberwithlove.lt\/en\/wp-json\/wp\/v2\/product_brand?post=28949"},{"taxonomy":"product_cat","embeddable":true,"href":"https:\/\/amberwithlove.lt\/en\/wp-json\/wp\/v2\/product_cat?post=28949"},{"taxonomy":"product_tag","embeddable":true,"href":"https:\/\/amberwithlove.lt\/en\/wp-json\/wp\/v2\/product_tag?post=28949"}],"curies":[{"name":"wp","href":"https:\/\/api.w.org\/{rel}","templated":true}]}}