{"id":28918,"date":"2025-03-07T16:28:53","date_gmt":"2025-03-07T18:28:53","guid":{"rendered":"https:\/\/amberwithlove.lt\/?post_type=product&#038;p=28918"},"modified":"2025-03-07T17:02:05","modified_gmt":"2025-03-07T19:02:05","slug":"white-color-baltic-amber-bracelet","status":"publish","type":"product","link":"https:\/\/amberwithlove.lt\/en\/produktas\/white-color-baltic-amber-bracelet\/","title":{"rendered":"White color Baltic amber bracelet"},"content":{"rendered":"<h3>Baltic amber bracelet<\/h3>\n<p><span class=\"tojvnm2t a6sixzi8 abs2jz4q a8s20v7p t1p8iaqh k5wvi7nf q3lfd5jv pk4s997a bipmatt0 cebpdrjk qowsmv63 owwhemhu dp1hu0rb dhp61c6y iyyx5f41\">Bracelet is made of natural Baltic amber<\/span>. Amazing light amber colors. <span class=\"tojvnm2t a6sixzi8 abs2jz4q a8s20v7p t1p8iaqh k5wvi7nf q3lfd5jv pk4s997a bipmatt0 cebpdrjk qowsmv63 owwhemhu dp1hu0rb dhp61c6y iyyx5f41\">Amber beads <\/span>are unpolished, so bracelet is not shiny.<\/p>\n<p>Bracelet weight: 8,77 grams.<\/p>\n<p>Bracelet length: ~18,5 centimeters. Bracelet suits for ~17 &#8211; 18 cm wrist.<\/p>\n<p>Bracelet comes nicely packed in box with Certificate of Authenticity.<\/p>\n<h5><\/h5>\n","protected":false},"excerpt":{"rendered":"<p>Baltic amber bracelet Bracelet is made of natural Baltic amber. Amazing light amber colors. Amber beads are unpolished, so bracelet<\/p>\n","protected":false},"featured_media":28924,"template":"","meta":[],"product_brand":[],"product_cat":[72,74],"product_tag":[],"class_list":{"0":"post-28918","1":"product","2":"type-product","3":"status-publish","4":"has-post-thumbnail","6":"product_cat-all-products","7":"product_cat-bracelets","9":"first","10":"outofstock","11":"shipping-taxable","12":"purchasable","13":"product-type-simple"},"yoast_head":"<!-- This site is optimized with the Yoast SEO plugin v27.1.1 - https:\/\/yoast.com\/product\/yoast-seo-wordpress\/ -->\n<title>White color Baltic amber bracelet - Amberwithlove<\/title>\n<meta name=\"description\" content=\"Bracelet is made of natural Baltic amber. Amazing light amber colors. Amber beads are unpolished, so bracelet is not shiny.\" \/>\n<meta name=\"robots\" content=\"index, follow, max-snippet:-1, max-image-preview:large, max-video-preview:-1\" \/>\n<link rel=\"canonical\" href=\"https:\/\/amberwithlove.lt\/en\/produktas\/white-color-baltic-amber-bracelet\/\" \/>\n<meta property=\"og:locale\" content=\"en_US\" \/>\n<meta property=\"og:type\" content=\"article\" \/>\n<meta property=\"og:title\" content=\"White color Baltic amber bracelet - Amberwithlove\" \/>\n<meta property=\"og:description\" content=\"Bracelet is made of natural Baltic amber. Amazing light amber colors. Amber beads are unpolished, so bracelet is not shiny.\" \/>\n<meta property=\"og:url\" content=\"https:\/\/amberwithlove.lt\/en\/produktas\/white-color-baltic-amber-bracelet\/\" \/>\n<meta property=\"og:site_name\" content=\"Amberwithlove\" \/>\n<meta property=\"article:modified_time\" content=\"2025-03-07T19:02:05+00:00\" \/>\n<meta property=\"og:image\" content=\"https:\/\/amberwithlove.lt\/wp-content\/uploads\/2025\/03\/IMG_9712-scaled.jpg\" \/>\n\t<meta property=\"og:image:width\" content=\"2560\" \/>\n\t<meta property=\"og:image:height\" content=\"1787\" \/>\n\t<meta property=\"og:image:type\" content=\"image\/jpeg\" \/>\n<meta name=\"twitter:card\" content=\"summary_large_image\" \/>\n<meta name=\"twitter:label1\" content=\"Est. reading time\" \/>\n\t<meta name=\"twitter:data1\" content=\"1 minute\" \/>\n<script type=\"application\/ld+json\" class=\"yoast-schema-graph\">{\"@context\":\"https:\/\/schema.org\",\"@graph\":[{\"@type\":\"WebPage\",\"@id\":\"https:\/\/amberwithlove.lt\/en\/produktas\/white-color-baltic-amber-bracelet\/\",\"url\":\"https:\/\/amberwithlove.lt\/en\/produktas\/white-color-baltic-amber-bracelet\/\",\"name\":\"White color Baltic amber bracelet - Amberwithlove\",\"isPartOf\":{\"@id\":\"https:\/\/amberwithlove.lt\/en\/#website\"},\"primaryImageOfPage\":{\"@id\":\"https:\/\/amberwithlove.lt\/en\/produktas\/white-color-baltic-amber-bracelet\/#primaryimage\"},\"image\":{\"@id\":\"https:\/\/amberwithlove.lt\/en\/produktas\/white-color-baltic-amber-bracelet\/#primaryimage\"},\"thumbnailUrl\":\"https:\/\/amberwithlove.lt\/wp-content\/uploads\/2025\/03\/IMG_9712-scaled.jpg\",\"datePublished\":\"2025-03-07T18:28:53+00:00\",\"dateModified\":\"2025-03-07T19:02:05+00:00\",\"description\":\"Bracelet is made of natural Baltic amber. Amazing light amber colors. Amber beads are unpolished, so bracelet is not shiny.\",\"breadcrumb\":{\"@id\":\"https:\/\/amberwithlove.lt\/en\/produktas\/white-color-baltic-amber-bracelet\/#breadcrumb\"},\"inLanguage\":\"en-US\",\"potentialAction\":[{\"@type\":\"ReadAction\",\"target\":[\"https:\/\/amberwithlove.lt\/en\/produktas\/white-color-baltic-amber-bracelet\/\"]}]},{\"@type\":\"ImageObject\",\"inLanguage\":\"en-US\",\"@id\":\"https:\/\/amberwithlove.lt\/en\/produktas\/white-color-baltic-amber-bracelet\/#primaryimage\",\"url\":\"https:\/\/amberwithlove.lt\/wp-content\/uploads\/2025\/03\/IMG_9712-scaled.jpg\",\"contentUrl\":\"https:\/\/amberwithlove.lt\/wp-content\/uploads\/2025\/03\/IMG_9712-scaled.jpg\",\"width\":2560,\"height\":1787,\"caption\":\"balto gintaro apyrank\u0117\"},{\"@type\":\"BreadcrumbList\",\"@id\":\"https:\/\/amberwithlove.lt\/en\/produktas\/white-color-baltic-amber-bracelet\/#breadcrumb\",\"itemListElement\":[{\"@type\":\"ListItem\",\"position\":1,\"name\":\"Home\",\"item\":\"https:\/\/amberwithlove.lt\/en\/\"},{\"@type\":\"ListItem\",\"position\":2,\"name\":\"Shop\",\"item\":\"https:\/\/amberwithlove.lt\/en\/shop\/\"},{\"@type\":\"ListItem\",\"position\":3,\"name\":\"White color Baltic amber bracelet\"}]},{\"@type\":\"WebSite\",\"@id\":\"https:\/\/amberwithlove.lt\/en\/#website\",\"url\":\"https:\/\/amberwithlove.lt\/en\/\",\"name\":\"Amberwithlove\",\"description\":\"Si\u016blome didel\u012f gintaro juvelyrini\u0173 gamini\u0173, suvenyr\u0173, verslo dovan\u0173 pasirinkim\u0105.\",\"potentialAction\":[{\"@type\":\"SearchAction\",\"target\":{\"@type\":\"EntryPoint\",\"urlTemplate\":\"https:\/\/amberwithlove.lt\/en\/?s={search_term_string}\"},\"query-input\":{\"@type\":\"PropertyValueSpecification\",\"valueRequired\":true,\"valueName\":\"search_term_string\"}}],\"inLanguage\":\"en-US\"}]}<\/script>\n<!-- \/ Yoast SEO plugin. -->","yoast_head_json":{"title":"White color Baltic amber bracelet - Amberwithlove","description":"Bracelet is made of natural Baltic amber. Amazing light amber colors. Amber beads are unpolished, so bracelet is not shiny.","robots":{"index":"index","follow":"follow","max-snippet":"max-snippet:-1","max-image-preview":"max-image-preview:large","max-video-preview":"max-video-preview:-1"},"canonical":"https:\/\/amberwithlove.lt\/en\/produktas\/white-color-baltic-amber-bracelet\/","og_locale":"en_US","og_type":"article","og_title":"White color Baltic amber bracelet - Amberwithlove","og_description":"Bracelet is made of natural Baltic amber. Amazing light amber colors. Amber beads are unpolished, so bracelet is not shiny.","og_url":"https:\/\/amberwithlove.lt\/en\/produktas\/white-color-baltic-amber-bracelet\/","og_site_name":"Amberwithlove","article_modified_time":"2025-03-07T19:02:05+00:00","og_image":[{"width":2560,"height":1787,"url":"https:\/\/amberwithlove.lt\/wp-content\/uploads\/2025\/03\/IMG_9712-scaled.jpg","type":"image\/jpeg"}],"twitter_card":"summary_large_image","twitter_misc":{"Est. reading time":"1 minute"},"schema":{"@context":"https:\/\/schema.org","@graph":[{"@type":"WebPage","@id":"https:\/\/amberwithlove.lt\/en\/produktas\/white-color-baltic-amber-bracelet\/","url":"https:\/\/amberwithlove.lt\/en\/produktas\/white-color-baltic-amber-bracelet\/","name":"White color Baltic amber bracelet - Amberwithlove","isPartOf":{"@id":"https:\/\/amberwithlove.lt\/en\/#website"},"primaryImageOfPage":{"@id":"https:\/\/amberwithlove.lt\/en\/produktas\/white-color-baltic-amber-bracelet\/#primaryimage"},"image":{"@id":"https:\/\/amberwithlove.lt\/en\/produktas\/white-color-baltic-amber-bracelet\/#primaryimage"},"thumbnailUrl":"https:\/\/amberwithlove.lt\/wp-content\/uploads\/2025\/03\/IMG_9712-scaled.jpg","datePublished":"2025-03-07T18:28:53+00:00","dateModified":"2025-03-07T19:02:05+00:00","description":"Bracelet is made of natural Baltic amber. Amazing light amber colors. Amber beads are unpolished, so bracelet is not shiny.","breadcrumb":{"@id":"https:\/\/amberwithlove.lt\/en\/produktas\/white-color-baltic-amber-bracelet\/#breadcrumb"},"inLanguage":"en-US","potentialAction":[{"@type":"ReadAction","target":["https:\/\/amberwithlove.lt\/en\/produktas\/white-color-baltic-amber-bracelet\/"]}]},{"@type":"ImageObject","inLanguage":"en-US","@id":"https:\/\/amberwithlove.lt\/en\/produktas\/white-color-baltic-amber-bracelet\/#primaryimage","url":"https:\/\/amberwithlove.lt\/wp-content\/uploads\/2025\/03\/IMG_9712-scaled.jpg","contentUrl":"https:\/\/amberwithlove.lt\/wp-content\/uploads\/2025\/03\/IMG_9712-scaled.jpg","width":2560,"height":1787,"caption":"balto gintaro apyrank\u0117"},{"@type":"BreadcrumbList","@id":"https:\/\/amberwithlove.lt\/en\/produktas\/white-color-baltic-amber-bracelet\/#breadcrumb","itemListElement":[{"@type":"ListItem","position":1,"name":"Home","item":"https:\/\/amberwithlove.lt\/en\/"},{"@type":"ListItem","position":2,"name":"Shop","item":"https:\/\/amberwithlove.lt\/en\/shop\/"},{"@type":"ListItem","position":3,"name":"White color Baltic amber bracelet"}]},{"@type":"WebSite","@id":"https:\/\/amberwithlove.lt\/en\/#website","url":"https:\/\/amberwithlove.lt\/en\/","name":"Amberwithlove","description":"Si\u016blome didel\u012f gintaro juvelyrini\u0173 gamini\u0173, suvenyr\u0173, verslo dovan\u0173 pasirinkim\u0105.","potentialAction":[{"@type":"SearchAction","target":{"@type":"EntryPoint","urlTemplate":"https:\/\/amberwithlove.lt\/en\/?s={search_term_string}"},"query-input":{"@type":"PropertyValueSpecification","valueRequired":true,"valueName":"search_term_string"}}],"inLanguage":"en-US"}]}},"_links":{"self":[{"href":"https:\/\/amberwithlove.lt\/en\/wp-json\/wp\/v2\/product\/28918","targetHints":{"allow":["GET"]}}],"collection":[{"href":"https:\/\/amberwithlove.lt\/en\/wp-json\/wp\/v2\/product"}],"about":[{"href":"https:\/\/amberwithlove.lt\/en\/wp-json\/wp\/v2\/types\/product"}],"wp:featuredmedia":[{"embeddable":true,"href":"https:\/\/amberwithlove.lt\/en\/wp-json\/wp\/v2\/media\/28924"}],"wp:attachment":[{"href":"https:\/\/amberwithlove.lt\/en\/wp-json\/wp\/v2\/media?parent=28918"}],"wp:term":[{"taxonomy":"product_brand","embeddable":true,"href":"https:\/\/amberwithlove.lt\/en\/wp-json\/wp\/v2\/product_brand?post=28918"},{"taxonomy":"product_cat","embeddable":true,"href":"https:\/\/amberwithlove.lt\/en\/wp-json\/wp\/v2\/product_cat?post=28918"},{"taxonomy":"product_tag","embeddable":true,"href":"https:\/\/amberwithlove.lt\/en\/wp-json\/wp\/v2\/product_tag?post=28918"}],"curies":[{"name":"wp","href":"https:\/\/api.w.org\/{rel}","templated":true}]}}