{"id":28485,"date":"2025-01-22T08:10:31","date_gmt":"2025-01-22T10:10:32","guid":{"rendered":"https:\/\/amberwithlove.lt\/?post_type=product&#038;p=28485"},"modified":"2025-01-22T08:19:17","modified_gmt":"2025-01-22T10:19:17","slug":"silver-ring-with-unique-color-amber-kopija","status":"publish","type":"product","link":"https:\/\/amberwithlove.lt\/en\/produktas\/silver-ring-with-unique-color-amber-kopija\/","title":{"rendered":"Silver ring with amber"},"content":{"rendered":"<h3>Silver ring with amber<\/h3>\n<ul>\n<li>Silver ring with amber<span class=\"tojvnm2t a6sixzi8 abs2jz4q a8s20v7p t1p8iaqh k5wvi7nf q3lfd5jv pk4s997a bipmatt0 cebpdrjk qowsmv63 owwhemhu dp1hu0rb dhp61c6y iyyx5f41\">\u00a0is made of silver and natural Baltic amber. Amber color is very unique, beautiful and rare. Ring is very elegant and looks amazing on finger.<br \/>\n<\/span><\/li>\n<li>Metal: 925 sterling silver.<\/li>\n<li><span class=\"tojvnm2t a6sixzi8 abs2jz4q a8s20v7p t1p8iaqh k5wvi7nf q3lfd5jv pk4s997a bipmatt0 cebpdrjk qowsmv63 owwhemhu dp1hu0rb dhp61c6y iyyx5f41\"><span class=\"VIiyi\" lang=\"en\"><span class=\"JLqJ4b ChMk0b\" data-language-for-alternatives=\"en\" data-language-to-translate-into=\"lt\" data-phrase-index=\"0\">Ring weight<\/span><\/span>: 3,46 gram. <\/span><\/li>\n<li><span class=\"tojvnm2t a6sixzi8 abs2jz4q a8s20v7p t1p8iaqh k5wvi7nf q3lfd5jv pk4s997a bipmatt0 cebpdrjk qowsmv63 owwhemhu dp1hu0rb dhp61c6y iyyx5f41\">Size: 18 mm. US size 8.<br \/>\n<\/span><\/li>\n<li>Ring comes nicely packed in box with Certificate of Authenticity.<\/li>\n<\/ul>\n<p>&nbsp;<\/p>\n","protected":false},"excerpt":{"rendered":"<p>Silver ring with amber Silver ring with amber\u00a0is made of silver and natural Baltic amber. Amber color is very unique,<\/p>\n","protected":false},"featured_media":28487,"template":"","meta":[],"product_brand":[],"product_cat":[72,91],"product_tag":[],"class_list":{"0":"post-28485","1":"product","2":"type-product","3":"status-publish","4":"has-post-thumbnail","6":"product_cat-all-products","7":"product_cat-rings","9":"first","10":"instock","11":"shipping-taxable","12":"purchasable","13":"product-type-simple"},"yoast_head":"<!-- This site is optimized with the Yoast SEO plugin v27.1.1 - https:\/\/yoast.com\/product\/yoast-seo-wordpress\/ -->\n<title>Silver ring with amber - Amberwithlove<\/title>\n<meta name=\"description\" content=\"Silver ring with amber\u00a0is made of silver and natural Baltic amber. Amber color is very unique, beautiful and rare. Ring is very elegant and looks amazing.\" \/>\n<meta name=\"robots\" content=\"index, follow, max-snippet:-1, max-image-preview:large, max-video-preview:-1\" \/>\n<link rel=\"canonical\" href=\"https:\/\/amberwithlove.lt\/en\/produktas\/silver-ring-with-unique-color-amber-kopija\/\" \/>\n<meta property=\"og:locale\" content=\"en_US\" \/>\n<meta property=\"og:type\" content=\"article\" \/>\n<meta property=\"og:title\" content=\"Silver ring with amber - Amberwithlove\" \/>\n<meta property=\"og:description\" content=\"Silver ring with amber\u00a0is made of silver and natural Baltic amber. Amber color is very unique, beautiful and rare. Ring is very elegant and looks amazing.\" \/>\n<meta property=\"og:url\" content=\"https:\/\/amberwithlove.lt\/en\/produktas\/silver-ring-with-unique-color-amber-kopija\/\" \/>\n<meta property=\"og:site_name\" content=\"Amberwithlove\" \/>\n<meta property=\"article:modified_time\" content=\"2025-01-22T10:19:17+00:00\" \/>\n<meta property=\"og:image\" content=\"https:\/\/amberwithlove.lt\/wp-content\/uploads\/2025\/01\/IMG_9304-scaled.jpg\" \/>\n\t<meta property=\"og:image:width\" content=\"2560\" \/>\n\t<meta property=\"og:image:height\" content=\"1707\" \/>\n\t<meta property=\"og:image:type\" content=\"image\/jpeg\" \/>\n<meta name=\"twitter:card\" content=\"summary_large_image\" \/>\n<meta name=\"twitter:label1\" content=\"Est. reading time\" \/>\n\t<meta name=\"twitter:data1\" content=\"1 minute\" \/>\n<script type=\"application\/ld+json\" class=\"yoast-schema-graph\">{\"@context\":\"https:\/\/schema.org\",\"@graph\":[{\"@type\":\"WebPage\",\"@id\":\"https:\/\/amberwithlove.lt\/en\/produktas\/silver-ring-with-unique-color-amber-kopija\/\",\"url\":\"https:\/\/amberwithlove.lt\/en\/produktas\/silver-ring-with-unique-color-amber-kopija\/\",\"name\":\"Silver ring with amber - Amberwithlove\",\"isPartOf\":{\"@id\":\"https:\/\/amberwithlove.lt\/en\/#website\"},\"primaryImageOfPage\":{\"@id\":\"https:\/\/amberwithlove.lt\/en\/produktas\/silver-ring-with-unique-color-amber-kopija\/#primaryimage\"},\"image\":{\"@id\":\"https:\/\/amberwithlove.lt\/en\/produktas\/silver-ring-with-unique-color-amber-kopija\/#primaryimage\"},\"thumbnailUrl\":\"https:\/\/amberwithlove.lt\/wp-content\/uploads\/2025\/01\/IMG_9304-scaled.jpg\",\"datePublished\":\"2025-01-22T10:10:32+00:00\",\"dateModified\":\"2025-01-22T10:19:17+00:00\",\"description\":\"Silver ring with amber\u00a0is made of silver and natural Baltic amber. Amber color is very unique, beautiful and rare. Ring is very elegant and looks amazing.\",\"breadcrumb\":{\"@id\":\"https:\/\/amberwithlove.lt\/en\/produktas\/silver-ring-with-unique-color-amber-kopija\/#breadcrumb\"},\"inLanguage\":\"en-US\",\"potentialAction\":[{\"@type\":\"ReadAction\",\"target\":[\"https:\/\/amberwithlove.lt\/en\/produktas\/silver-ring-with-unique-color-amber-kopija\/\"]}]},{\"@type\":\"ImageObject\",\"inLanguage\":\"en-US\",\"@id\":\"https:\/\/amberwithlove.lt\/en\/produktas\/silver-ring-with-unique-color-amber-kopija\/#primaryimage\",\"url\":\"https:\/\/amberwithlove.lt\/wp-content\/uploads\/2025\/01\/IMG_9304-scaled.jpg\",\"contentUrl\":\"https:\/\/amberwithlove.lt\/wp-content\/uploads\/2025\/01\/IMG_9304-scaled.jpg\",\"width\":2560,\"height\":1707,\"caption\":\"\u017diedas su gintaru\"},{\"@type\":\"BreadcrumbList\",\"@id\":\"https:\/\/amberwithlove.lt\/en\/produktas\/silver-ring-with-unique-color-amber-kopija\/#breadcrumb\",\"itemListElement\":[{\"@type\":\"ListItem\",\"position\":1,\"name\":\"Home\",\"item\":\"https:\/\/amberwithlove.lt\/en\/\"},{\"@type\":\"ListItem\",\"position\":2,\"name\":\"Shop\",\"item\":\"https:\/\/amberwithlove.lt\/en\/shop\/\"},{\"@type\":\"ListItem\",\"position\":3,\"name\":\"Silver ring with amber\"}]},{\"@type\":\"WebSite\",\"@id\":\"https:\/\/amberwithlove.lt\/en\/#website\",\"url\":\"https:\/\/amberwithlove.lt\/en\/\",\"name\":\"Amberwithlove\",\"description\":\"Si\u016blome didel\u012f gintaro juvelyrini\u0173 gamini\u0173, suvenyr\u0173, verslo dovan\u0173 pasirinkim\u0105.\",\"potentialAction\":[{\"@type\":\"SearchAction\",\"target\":{\"@type\":\"EntryPoint\",\"urlTemplate\":\"https:\/\/amberwithlove.lt\/en\/?s={search_term_string}\"},\"query-input\":{\"@type\":\"PropertyValueSpecification\",\"valueRequired\":true,\"valueName\":\"search_term_string\"}}],\"inLanguage\":\"en-US\"}]}<\/script>\n<!-- \/ Yoast SEO plugin. -->","yoast_head_json":{"title":"Silver ring with amber - Amberwithlove","description":"Silver ring with amber\u00a0is made of silver and natural Baltic amber. Amber color is very unique, beautiful and rare. Ring is very elegant and looks amazing.","robots":{"index":"index","follow":"follow","max-snippet":"max-snippet:-1","max-image-preview":"max-image-preview:large","max-video-preview":"max-video-preview:-1"},"canonical":"https:\/\/amberwithlove.lt\/en\/produktas\/silver-ring-with-unique-color-amber-kopija\/","og_locale":"en_US","og_type":"article","og_title":"Silver ring with amber - Amberwithlove","og_description":"Silver ring with amber\u00a0is made of silver and natural Baltic amber. Amber color is very unique, beautiful and rare. Ring is very elegant and looks amazing.","og_url":"https:\/\/amberwithlove.lt\/en\/produktas\/silver-ring-with-unique-color-amber-kopija\/","og_site_name":"Amberwithlove","article_modified_time":"2025-01-22T10:19:17+00:00","og_image":[{"width":2560,"height":1707,"url":"https:\/\/amberwithlove.lt\/wp-content\/uploads\/2025\/01\/IMG_9304-scaled.jpg","type":"image\/jpeg"}],"twitter_card":"summary_large_image","twitter_misc":{"Est. reading time":"1 minute"},"schema":{"@context":"https:\/\/schema.org","@graph":[{"@type":"WebPage","@id":"https:\/\/amberwithlove.lt\/en\/produktas\/silver-ring-with-unique-color-amber-kopija\/","url":"https:\/\/amberwithlove.lt\/en\/produktas\/silver-ring-with-unique-color-amber-kopija\/","name":"Silver ring with amber - Amberwithlove","isPartOf":{"@id":"https:\/\/amberwithlove.lt\/en\/#website"},"primaryImageOfPage":{"@id":"https:\/\/amberwithlove.lt\/en\/produktas\/silver-ring-with-unique-color-amber-kopija\/#primaryimage"},"image":{"@id":"https:\/\/amberwithlove.lt\/en\/produktas\/silver-ring-with-unique-color-amber-kopija\/#primaryimage"},"thumbnailUrl":"https:\/\/amberwithlove.lt\/wp-content\/uploads\/2025\/01\/IMG_9304-scaled.jpg","datePublished":"2025-01-22T10:10:32+00:00","dateModified":"2025-01-22T10:19:17+00:00","description":"Silver ring with amber\u00a0is made of silver and natural Baltic amber. Amber color is very unique, beautiful and rare. Ring is very elegant and looks amazing.","breadcrumb":{"@id":"https:\/\/amberwithlove.lt\/en\/produktas\/silver-ring-with-unique-color-amber-kopija\/#breadcrumb"},"inLanguage":"en-US","potentialAction":[{"@type":"ReadAction","target":["https:\/\/amberwithlove.lt\/en\/produktas\/silver-ring-with-unique-color-amber-kopija\/"]}]},{"@type":"ImageObject","inLanguage":"en-US","@id":"https:\/\/amberwithlove.lt\/en\/produktas\/silver-ring-with-unique-color-amber-kopija\/#primaryimage","url":"https:\/\/amberwithlove.lt\/wp-content\/uploads\/2025\/01\/IMG_9304-scaled.jpg","contentUrl":"https:\/\/amberwithlove.lt\/wp-content\/uploads\/2025\/01\/IMG_9304-scaled.jpg","width":2560,"height":1707,"caption":"\u017diedas su gintaru"},{"@type":"BreadcrumbList","@id":"https:\/\/amberwithlove.lt\/en\/produktas\/silver-ring-with-unique-color-amber-kopija\/#breadcrumb","itemListElement":[{"@type":"ListItem","position":1,"name":"Home","item":"https:\/\/amberwithlove.lt\/en\/"},{"@type":"ListItem","position":2,"name":"Shop","item":"https:\/\/amberwithlove.lt\/en\/shop\/"},{"@type":"ListItem","position":3,"name":"Silver ring with amber"}]},{"@type":"WebSite","@id":"https:\/\/amberwithlove.lt\/en\/#website","url":"https:\/\/amberwithlove.lt\/en\/","name":"Amberwithlove","description":"Si\u016blome didel\u012f gintaro juvelyrini\u0173 gamini\u0173, suvenyr\u0173, verslo dovan\u0173 pasirinkim\u0105.","potentialAction":[{"@type":"SearchAction","target":{"@type":"EntryPoint","urlTemplate":"https:\/\/amberwithlove.lt\/en\/?s={search_term_string}"},"query-input":{"@type":"PropertyValueSpecification","valueRequired":true,"valueName":"search_term_string"}}],"inLanguage":"en-US"}]}},"_links":{"self":[{"href":"https:\/\/amberwithlove.lt\/en\/wp-json\/wp\/v2\/product\/28485","targetHints":{"allow":["GET"]}}],"collection":[{"href":"https:\/\/amberwithlove.lt\/en\/wp-json\/wp\/v2\/product"}],"about":[{"href":"https:\/\/amberwithlove.lt\/en\/wp-json\/wp\/v2\/types\/product"}],"wp:featuredmedia":[{"embeddable":true,"href":"https:\/\/amberwithlove.lt\/en\/wp-json\/wp\/v2\/media\/28487"}],"wp:attachment":[{"href":"https:\/\/amberwithlove.lt\/en\/wp-json\/wp\/v2\/media?parent=28485"}],"wp:term":[{"taxonomy":"product_brand","embeddable":true,"href":"https:\/\/amberwithlove.lt\/en\/wp-json\/wp\/v2\/product_brand?post=28485"},{"taxonomy":"product_cat","embeddable":true,"href":"https:\/\/amberwithlove.lt\/en\/wp-json\/wp\/v2\/product_cat?post=28485"},{"taxonomy":"product_tag","embeddable":true,"href":"https:\/\/amberwithlove.lt\/en\/wp-json\/wp\/v2\/product_tag?post=28485"}],"curies":[{"name":"wp","href":"https:\/\/api.w.org\/{rel}","templated":true}]}}