{"id":27542,"date":"2024-10-31T07:21:37","date_gmt":"2024-10-31T09:21:37","guid":{"rendered":"https:\/\/amberwithlove.lt\/?post_type=product&#038;p=27542"},"modified":"2024-10-31T07:46:27","modified_gmt":"2024-10-31T09:46:27","slug":"baltic-amber-stone-with-few-insects-inclusions","status":"publish","type":"product","link":"https:\/\/amberwithlove.lt\/en\/produktas\/baltic-amber-stone-with-few-insects-inclusions\/","title":{"rendered":"Baltic amber stone with few insects inclusions"},"content":{"rendered":"<h3>Baltic amber stone with inclusion<\/h3>\n<ul>\n<li><span class=\"tojvnm2t a6sixzi8 abs2jz4q a8s20v7p t1p8iaqh k5wvi7nf q3lfd5jv pk4s997a bipmatt0 cebpdrjk qowsmv63 owwhemhu dp1hu0rb dhp61c6y iyyx5f41\">It as natural Baltic amber stone with amazing few flies insects <\/span><span class=\"tojvnm2t a6sixzi8 abs2jz4q a8s20v7p t1p8iaqh k5wvi7nf q3lfd5jv pk4s997a bipmatt0 cebpdrjk qowsmv63 owwhemhu dp1hu0rb dhp61c6y iyyx5f41\">inclusion. <span class=\"HwtZe\" lang=\"en\"><span class=\"jCAhz ChMk0b\"><span class=\"ryNqvb\">The flies are not very large and not all are clearly visible.<\/span><\/span> <span class=\"jCAhz ChMk0b\"><span class=\"ryNqvb\">The piece is quite large, almost clear, irregular in shape.<\/span><\/span><\/span><\/span><\/li>\n<li><span class=\"tojvnm2t a6sixzi8 abs2jz4q a8s20v7p t1p8iaqh k5wvi7nf q3lfd5jv pk4s997a bipmatt0 cebpdrjk qowsmv63 owwhemhu dp1hu0rb dhp61c6y iyyx5f41\"><span class=\"VIiyi\" lang=\"en\"><span class=\"JLqJ4b ChMk0b\" data-language-for-alternatives=\"en\" data-language-to-translate-into=\"lt\" data-phrase-index=\"0\">Amber stone weight<\/span><\/span>: 7,67 grams<\/span><\/li>\n<li><span class=\"tojvnm2t a6sixzi8 abs2jz4q a8s20v7p t1p8iaqh k5wvi7nf q3lfd5jv pk4s997a bipmatt0 cebpdrjk qowsmv63 owwhemhu dp1hu0rb dhp61c6y iyyx5f41\"><span class=\"VIiyi\" lang=\"en\"><span class=\"JLqJ4b ChMk0b\" data-language-for-alternatives=\"en\" data-language-to-translate-into=\"lt\" data-phrase-index=\"0\">Amber stone dimensions: 33<\/span><\/span><\/span><span class=\"tojvnm2t a6sixzi8 abs2jz4q a8s20v7p t1p8iaqh k5wvi7nf q3lfd5jv pk4s997a bipmatt0 cebpdrjk qowsmv63 owwhemhu dp1hu0rb dhp61c6y iyyx5f41\"> x 28\u00a0 x 12 mm.<\/span><\/li>\n<li>Amber stone comes nicely packed in box with Certificate of Authenticity.<\/li>\n<\/ul>\n<p>&nbsp;<\/p>\n","protected":false},"excerpt":{"rendered":"<p>Baltic amber stone with inclusion It as natural Baltic amber stone with amazing few flies insects inclusion. The flies are<\/p>\n","protected":false},"featured_media":27544,"template":"","meta":[],"product_brand":[],"product_cat":[72,76,77],"product_tag":[],"class_list":{"0":"post-27542","1":"product","2":"type-product","3":"status-publish","4":"has-post-thumbnail","6":"product_cat-all-products","7":"product_cat-amber-stones","8":"product_cat-amber-stones-with-inclusions","10":"first","11":"instock","12":"sold-individually","13":"shipping-taxable","14":"purchasable","15":"product-type-simple"},"yoast_head":"<!-- This site is optimized with the Yoast SEO plugin v27.1.1 - https:\/\/yoast.com\/product\/yoast-seo-wordpress\/ -->\n<title>Baltic amber stone with few insects inclusions - Amberwithlove<\/title>\n<meta name=\"description\" content=\"It as natural Baltic amber stone with amazing few flies insects inclusion. The flies are not very large and not all are clearly visible. The piece is large.\" \/>\n<meta name=\"robots\" content=\"index, follow, max-snippet:-1, max-image-preview:large, max-video-preview:-1\" \/>\n<link rel=\"canonical\" href=\"https:\/\/amberwithlove.lt\/en\/produktas\/baltic-amber-stone-with-few-insects-inclusions\/\" \/>\n<meta property=\"og:locale\" content=\"en_US\" \/>\n<meta property=\"og:type\" content=\"article\" \/>\n<meta property=\"og:title\" content=\"Baltic amber stone with few insects inclusions - Amberwithlove\" \/>\n<meta property=\"og:description\" content=\"It as natural Baltic amber stone with amazing few flies insects inclusion. The flies are not very large and not all are clearly visible. The piece is large.\" \/>\n<meta property=\"og:url\" content=\"https:\/\/amberwithlove.lt\/en\/produktas\/baltic-amber-stone-with-few-insects-inclusions\/\" \/>\n<meta property=\"og:site_name\" content=\"Amberwithlove\" \/>\n<meta property=\"article:modified_time\" content=\"2024-10-31T09:46:27+00:00\" \/>\n<meta property=\"og:image\" content=\"https:\/\/amberwithlove.lt\/wp-content\/uploads\/2024\/10\/IMG_8711-scaled.jpg\" \/>\n\t<meta property=\"og:image:width\" content=\"2560\" \/>\n\t<meta property=\"og:image:height\" content=\"1612\" \/>\n\t<meta property=\"og:image:type\" content=\"image\/jpeg\" \/>\n<meta name=\"twitter:card\" content=\"summary_large_image\" \/>\n<meta name=\"twitter:label1\" content=\"Est. reading time\" \/>\n\t<meta name=\"twitter:data1\" content=\"1 minute\" \/>\n<script type=\"application\/ld+json\" class=\"yoast-schema-graph\">{\"@context\":\"https:\/\/schema.org\",\"@graph\":[{\"@type\":\"WebPage\",\"@id\":\"https:\/\/amberwithlove.lt\/en\/produktas\/baltic-amber-stone-with-few-insects-inclusions\/\",\"url\":\"https:\/\/amberwithlove.lt\/en\/produktas\/baltic-amber-stone-with-few-insects-inclusions\/\",\"name\":\"Baltic amber stone with few insects inclusions - Amberwithlove\",\"isPartOf\":{\"@id\":\"https:\/\/amberwithlove.lt\/en\/#website\"},\"primaryImageOfPage\":{\"@id\":\"https:\/\/amberwithlove.lt\/en\/produktas\/baltic-amber-stone-with-few-insects-inclusions\/#primaryimage\"},\"image\":{\"@id\":\"https:\/\/amberwithlove.lt\/en\/produktas\/baltic-amber-stone-with-few-insects-inclusions\/#primaryimage\"},\"thumbnailUrl\":\"https:\/\/amberwithlove.lt\/wp-content\/uploads\/2024\/10\/IMG_8711-scaled.jpg\",\"datePublished\":\"2024-10-31T09:21:37+00:00\",\"dateModified\":\"2024-10-31T09:46:27+00:00\",\"description\":\"It as natural Baltic amber stone with amazing few flies insects inclusion. The flies are not very large and not all are clearly visible. The piece is large.\",\"breadcrumb\":{\"@id\":\"https:\/\/amberwithlove.lt\/en\/produktas\/baltic-amber-stone-with-few-insects-inclusions\/#breadcrumb\"},\"inLanguage\":\"en-US\",\"potentialAction\":[{\"@type\":\"ReadAction\",\"target\":[\"https:\/\/amberwithlove.lt\/en\/produktas\/baltic-amber-stone-with-few-insects-inclusions\/\"]}]},{\"@type\":\"ImageObject\",\"inLanguage\":\"en-US\",\"@id\":\"https:\/\/amberwithlove.lt\/en\/produktas\/baltic-amber-stone-with-few-insects-inclusions\/#primaryimage\",\"url\":\"https:\/\/amberwithlove.lt\/wp-content\/uploads\/2024\/10\/IMG_8711-scaled.jpg\",\"contentUrl\":\"https:\/\/amberwithlove.lt\/wp-content\/uploads\/2024\/10\/IMG_8711-scaled.jpg\",\"width\":2560,\"height\":1612,\"caption\":\"Gintaras su inkliuzu\"},{\"@type\":\"BreadcrumbList\",\"@id\":\"https:\/\/amberwithlove.lt\/en\/produktas\/baltic-amber-stone-with-few-insects-inclusions\/#breadcrumb\",\"itemListElement\":[{\"@type\":\"ListItem\",\"position\":1,\"name\":\"Home\",\"item\":\"https:\/\/amberwithlove.lt\/en\/\"},{\"@type\":\"ListItem\",\"position\":2,\"name\":\"Shop\",\"item\":\"https:\/\/amberwithlove.lt\/en\/shop\/\"},{\"@type\":\"ListItem\",\"position\":3,\"name\":\"Baltic amber stone with few insects inclusions\"}]},{\"@type\":\"WebSite\",\"@id\":\"https:\/\/amberwithlove.lt\/en\/#website\",\"url\":\"https:\/\/amberwithlove.lt\/en\/\",\"name\":\"Amberwithlove\",\"description\":\"Si\u016blome didel\u012f gintaro juvelyrini\u0173 gamini\u0173, suvenyr\u0173, verslo dovan\u0173 pasirinkim\u0105.\",\"potentialAction\":[{\"@type\":\"SearchAction\",\"target\":{\"@type\":\"EntryPoint\",\"urlTemplate\":\"https:\/\/amberwithlove.lt\/en\/?s={search_term_string}\"},\"query-input\":{\"@type\":\"PropertyValueSpecification\",\"valueRequired\":true,\"valueName\":\"search_term_string\"}}],\"inLanguage\":\"en-US\"}]}<\/script>\n<!-- \/ Yoast SEO plugin. -->","yoast_head_json":{"title":"Baltic amber stone with few insects inclusions - Amberwithlove","description":"It as natural Baltic amber stone with amazing few flies insects inclusion. The flies are not very large and not all are clearly visible. The piece is large.","robots":{"index":"index","follow":"follow","max-snippet":"max-snippet:-1","max-image-preview":"max-image-preview:large","max-video-preview":"max-video-preview:-1"},"canonical":"https:\/\/amberwithlove.lt\/en\/produktas\/baltic-amber-stone-with-few-insects-inclusions\/","og_locale":"en_US","og_type":"article","og_title":"Baltic amber stone with few insects inclusions - Amberwithlove","og_description":"It as natural Baltic amber stone with amazing few flies insects inclusion. The flies are not very large and not all are clearly visible. The piece is large.","og_url":"https:\/\/amberwithlove.lt\/en\/produktas\/baltic-amber-stone-with-few-insects-inclusions\/","og_site_name":"Amberwithlove","article_modified_time":"2024-10-31T09:46:27+00:00","og_image":[{"width":2560,"height":1612,"url":"https:\/\/amberwithlove.lt\/wp-content\/uploads\/2024\/10\/IMG_8711-scaled.jpg","type":"image\/jpeg"}],"twitter_card":"summary_large_image","twitter_misc":{"Est. reading time":"1 minute"},"schema":{"@context":"https:\/\/schema.org","@graph":[{"@type":"WebPage","@id":"https:\/\/amberwithlove.lt\/en\/produktas\/baltic-amber-stone-with-few-insects-inclusions\/","url":"https:\/\/amberwithlove.lt\/en\/produktas\/baltic-amber-stone-with-few-insects-inclusions\/","name":"Baltic amber stone with few insects inclusions - Amberwithlove","isPartOf":{"@id":"https:\/\/amberwithlove.lt\/en\/#website"},"primaryImageOfPage":{"@id":"https:\/\/amberwithlove.lt\/en\/produktas\/baltic-amber-stone-with-few-insects-inclusions\/#primaryimage"},"image":{"@id":"https:\/\/amberwithlove.lt\/en\/produktas\/baltic-amber-stone-with-few-insects-inclusions\/#primaryimage"},"thumbnailUrl":"https:\/\/amberwithlove.lt\/wp-content\/uploads\/2024\/10\/IMG_8711-scaled.jpg","datePublished":"2024-10-31T09:21:37+00:00","dateModified":"2024-10-31T09:46:27+00:00","description":"It as natural Baltic amber stone with amazing few flies insects inclusion. The flies are not very large and not all are clearly visible. The piece is large.","breadcrumb":{"@id":"https:\/\/amberwithlove.lt\/en\/produktas\/baltic-amber-stone-with-few-insects-inclusions\/#breadcrumb"},"inLanguage":"en-US","potentialAction":[{"@type":"ReadAction","target":["https:\/\/amberwithlove.lt\/en\/produktas\/baltic-amber-stone-with-few-insects-inclusions\/"]}]},{"@type":"ImageObject","inLanguage":"en-US","@id":"https:\/\/amberwithlove.lt\/en\/produktas\/baltic-amber-stone-with-few-insects-inclusions\/#primaryimage","url":"https:\/\/amberwithlove.lt\/wp-content\/uploads\/2024\/10\/IMG_8711-scaled.jpg","contentUrl":"https:\/\/amberwithlove.lt\/wp-content\/uploads\/2024\/10\/IMG_8711-scaled.jpg","width":2560,"height":1612,"caption":"Gintaras su inkliuzu"},{"@type":"BreadcrumbList","@id":"https:\/\/amberwithlove.lt\/en\/produktas\/baltic-amber-stone-with-few-insects-inclusions\/#breadcrumb","itemListElement":[{"@type":"ListItem","position":1,"name":"Home","item":"https:\/\/amberwithlove.lt\/en\/"},{"@type":"ListItem","position":2,"name":"Shop","item":"https:\/\/amberwithlove.lt\/en\/shop\/"},{"@type":"ListItem","position":3,"name":"Baltic amber stone with few insects inclusions"}]},{"@type":"WebSite","@id":"https:\/\/amberwithlove.lt\/en\/#website","url":"https:\/\/amberwithlove.lt\/en\/","name":"Amberwithlove","description":"Si\u016blome didel\u012f gintaro juvelyrini\u0173 gamini\u0173, suvenyr\u0173, verslo dovan\u0173 pasirinkim\u0105.","potentialAction":[{"@type":"SearchAction","target":{"@type":"EntryPoint","urlTemplate":"https:\/\/amberwithlove.lt\/en\/?s={search_term_string}"},"query-input":{"@type":"PropertyValueSpecification","valueRequired":true,"valueName":"search_term_string"}}],"inLanguage":"en-US"}]}},"_links":{"self":[{"href":"https:\/\/amberwithlove.lt\/en\/wp-json\/wp\/v2\/product\/27542","targetHints":{"allow":["GET"]}}],"collection":[{"href":"https:\/\/amberwithlove.lt\/en\/wp-json\/wp\/v2\/product"}],"about":[{"href":"https:\/\/amberwithlove.lt\/en\/wp-json\/wp\/v2\/types\/product"}],"wp:featuredmedia":[{"embeddable":true,"href":"https:\/\/amberwithlove.lt\/en\/wp-json\/wp\/v2\/media\/27544"}],"wp:attachment":[{"href":"https:\/\/amberwithlove.lt\/en\/wp-json\/wp\/v2\/media?parent=27542"}],"wp:term":[{"taxonomy":"product_brand","embeddable":true,"href":"https:\/\/amberwithlove.lt\/en\/wp-json\/wp\/v2\/product_brand?post=27542"},{"taxonomy":"product_cat","embeddable":true,"href":"https:\/\/amberwithlove.lt\/en\/wp-json\/wp\/v2\/product_cat?post=27542"},{"taxonomy":"product_tag","embeddable":true,"href":"https:\/\/amberwithlove.lt\/en\/wp-json\/wp\/v2\/product_tag?post=27542"}],"curies":[{"name":"wp","href":"https:\/\/api.w.org\/{rel}","templated":true}]}}