{"id":27418,"date":"2024-10-28T16:55:05","date_gmt":"2024-10-28T18:55:05","guid":{"rendered":"https:\/\/amberwithlove.lt\/?post_type=product&#038;p=27418"},"modified":"2024-10-28T17:16:07","modified_gmt":"2024-10-28T19:16:07","slug":"baltic-amber-necklace-from-multi-color-round-amber-beads","status":"publish","type":"product","link":"https:\/\/amberwithlove.lt\/en\/produktas\/baltic-amber-necklace-from-multi-color-round-amber-beads\/","title":{"rendered":"Baltic amber necklace from multi color, round amber beads"},"content":{"rendered":"<h4>Baltic amber necklace<\/h4>\n<ul>\n<li><span class=\"tojvnm2t a6sixzi8 abs2jz4q a8s20v7p t1p8iaqh k5wvi7nf q3lfd5jv pk4s997a bipmatt0 cebpdrjk qowsmv63 owwhemhu dp1hu0rb dhp61c6y iyyx5f41\">Necklace is made from natural, polished Baltic amber. Amber beads\u00a0 are perfect round shape 6,5 mm diameter, multi color.<span class=\"HwtZe\" lang=\"en\"><span class=\"jCAhz ChMk0b\"><span class=\"ryNqvb\"><br \/>\n<\/span><\/span><\/span><\/span><\/li>\n<li><span class=\"tojvnm2t a6sixzi8 abs2jz4q a8s20v7p t1p8iaqh k5wvi7nf q3lfd5jv pk4s997a bipmatt0 cebpdrjk qowsmv63 owwhemhu dp1hu0rb dhp61c6y iyyx5f41\"><span class=\"VIiyi\" lang=\"en\"><span class=\"JLqJ4b ChMk0b\" data-language-for-alternatives=\"en\" data-language-to-translate-into=\"lt\" data-phrase-index=\"0\">Product weight<\/span><\/span>: 10,53 grams.<\/span><\/li>\n<li>Product length: ~44 cm.<\/li>\n<li><span class=\"tojvnm2t a6sixzi8 abs2jz4q a8s20v7p t1p8iaqh k5wvi7nf q3lfd5jv pk4s997a bipmatt0 cebpdrjk qowsmv63 owwhemhu dp1hu0rb dhp61c6y iyyx5f41\">Necklace<\/span> comes nicely packed in box with Certificate of Authenticity.<\/li>\n<\/ul>\n","protected":false},"excerpt":{"rendered":"<p>Baltic amber necklace Necklace is made from natural, polished Baltic amber. Amber beads\u00a0 are perfect round shape 6,5 mm diameter,<\/p>\n","protected":false},"featured_media":27422,"template":"","meta":[],"product_brand":[],"product_cat":[72,81],"product_tag":[],"class_list":{"0":"post-27418","1":"product","2":"type-product","3":"status-publish","4":"has-post-thumbnail","6":"product_cat-all-products","7":"product_cat-necklaces","9":"first","10":"instock","11":"shipping-taxable","12":"purchasable","13":"product-type-simple"},"yoast_head":"<!-- This site is optimized with the Yoast SEO plugin v27.1.1 - https:\/\/yoast.com\/product\/yoast-seo-wordpress\/ -->\n<title>Baltic amber necklace from multi color, round amber beads - Amberwithlove<\/title>\n<meta name=\"description\" content=\"Necklace is made from natural, unpolished amber. Amber beads\u00a0 are cube shape, multi color. Between amber cube shape beads there are 925 sterling round beads.\" \/>\n<meta name=\"robots\" content=\"index, follow, max-snippet:-1, max-image-preview:large, max-video-preview:-1\" \/>\n<link rel=\"canonical\" href=\"https:\/\/amberwithlove.lt\/en\/produktas\/baltic-amber-necklace-from-multi-color-round-amber-beads\/\" \/>\n<meta property=\"og:locale\" content=\"en_US\" \/>\n<meta property=\"og:type\" content=\"article\" \/>\n<meta property=\"og:title\" content=\"Baltic amber necklace from multi color, round amber beads - Amberwithlove\" \/>\n<meta property=\"og:description\" content=\"Necklace is made from natural, unpolished amber. Amber beads\u00a0 are cube shape, multi color. Between amber cube shape beads there are 925 sterling round beads.\" \/>\n<meta property=\"og:url\" content=\"https:\/\/amberwithlove.lt\/en\/produktas\/baltic-amber-necklace-from-multi-color-round-amber-beads\/\" \/>\n<meta property=\"og:site_name\" content=\"Amberwithlove\" \/>\n<meta property=\"article:modified_time\" content=\"2024-10-28T19:16:07+00:00\" \/>\n<meta property=\"og:image\" content=\"https:\/\/amberwithlove.lt\/wp-content\/uploads\/2024\/10\/IMG_8668-1-scaled.jpg\" \/>\n\t<meta property=\"og:image:width\" content=\"2560\" \/>\n\t<meta property=\"og:image:height\" content=\"1706\" \/>\n\t<meta property=\"og:image:type\" content=\"image\/jpeg\" \/>\n<meta name=\"twitter:card\" content=\"summary_large_image\" \/>\n<meta name=\"twitter:label1\" content=\"Est. reading time\" \/>\n\t<meta name=\"twitter:data1\" content=\"1 minute\" \/>\n<script type=\"application\/ld+json\" class=\"yoast-schema-graph\">{\"@context\":\"https:\/\/schema.org\",\"@graph\":[{\"@type\":\"WebPage\",\"@id\":\"https:\/\/amberwithlove.lt\/en\/produktas\/baltic-amber-necklace-from-multi-color-round-amber-beads\/\",\"url\":\"https:\/\/amberwithlove.lt\/en\/produktas\/baltic-amber-necklace-from-multi-color-round-amber-beads\/\",\"name\":\"Baltic amber necklace from multi color, round amber beads - Amberwithlove\",\"isPartOf\":{\"@id\":\"https:\/\/amberwithlove.lt\/en\/#website\"},\"primaryImageOfPage\":{\"@id\":\"https:\/\/amberwithlove.lt\/en\/produktas\/baltic-amber-necklace-from-multi-color-round-amber-beads\/#primaryimage\"},\"image\":{\"@id\":\"https:\/\/amberwithlove.lt\/en\/produktas\/baltic-amber-necklace-from-multi-color-round-amber-beads\/#primaryimage\"},\"thumbnailUrl\":\"https:\/\/amberwithlove.lt\/wp-content\/uploads\/2024\/10\/IMG_8668-1-scaled.jpg\",\"datePublished\":\"2024-10-28T18:55:05+00:00\",\"dateModified\":\"2024-10-28T19:16:07+00:00\",\"description\":\"Necklace is made from natural, unpolished amber. Amber beads\u00a0 are cube shape, multi color. Between amber cube shape beads there are 925 sterling round beads.\",\"breadcrumb\":{\"@id\":\"https:\/\/amberwithlove.lt\/en\/produktas\/baltic-amber-necklace-from-multi-color-round-amber-beads\/#breadcrumb\"},\"inLanguage\":\"en-US\",\"potentialAction\":[{\"@type\":\"ReadAction\",\"target\":[\"https:\/\/amberwithlove.lt\/en\/produktas\/baltic-amber-necklace-from-multi-color-round-amber-beads\/\"]}]},{\"@type\":\"ImageObject\",\"inLanguage\":\"en-US\",\"@id\":\"https:\/\/amberwithlove.lt\/en\/produktas\/baltic-amber-necklace-from-multi-color-round-amber-beads\/#primaryimage\",\"url\":\"https:\/\/amberwithlove.lt\/wp-content\/uploads\/2024\/10\/IMG_8668-1-scaled.jpg\",\"contentUrl\":\"https:\/\/amberwithlove.lt\/wp-content\/uploads\/2024\/10\/IMG_8668-1-scaled.jpg\",\"width\":2560,\"height\":1706,\"caption\":\"Gintariniai karoliai\"},{\"@type\":\"BreadcrumbList\",\"@id\":\"https:\/\/amberwithlove.lt\/en\/produktas\/baltic-amber-necklace-from-multi-color-round-amber-beads\/#breadcrumb\",\"itemListElement\":[{\"@type\":\"ListItem\",\"position\":1,\"name\":\"Home\",\"item\":\"https:\/\/amberwithlove.lt\/en\/\"},{\"@type\":\"ListItem\",\"position\":2,\"name\":\"Shop\",\"item\":\"https:\/\/amberwithlove.lt\/en\/shop\/\"},{\"@type\":\"ListItem\",\"position\":3,\"name\":\"Baltic amber necklace from multi color, round amber beads\"}]},{\"@type\":\"WebSite\",\"@id\":\"https:\/\/amberwithlove.lt\/en\/#website\",\"url\":\"https:\/\/amberwithlove.lt\/en\/\",\"name\":\"Amberwithlove\",\"description\":\"Si\u016blome didel\u012f gintaro juvelyrini\u0173 gamini\u0173, suvenyr\u0173, verslo dovan\u0173 pasirinkim\u0105.\",\"potentialAction\":[{\"@type\":\"SearchAction\",\"target\":{\"@type\":\"EntryPoint\",\"urlTemplate\":\"https:\/\/amberwithlove.lt\/en\/?s={search_term_string}\"},\"query-input\":{\"@type\":\"PropertyValueSpecification\",\"valueRequired\":true,\"valueName\":\"search_term_string\"}}],\"inLanguage\":\"en-US\"}]}<\/script>\n<!-- \/ Yoast SEO plugin. -->","yoast_head_json":{"title":"Baltic amber necklace from multi color, round amber beads - Amberwithlove","description":"Necklace is made from natural, unpolished amber. Amber beads\u00a0 are cube shape, multi color. Between amber cube shape beads there are 925 sterling round beads.","robots":{"index":"index","follow":"follow","max-snippet":"max-snippet:-1","max-image-preview":"max-image-preview:large","max-video-preview":"max-video-preview:-1"},"canonical":"https:\/\/amberwithlove.lt\/en\/produktas\/baltic-amber-necklace-from-multi-color-round-amber-beads\/","og_locale":"en_US","og_type":"article","og_title":"Baltic amber necklace from multi color, round amber beads - Amberwithlove","og_description":"Necklace is made from natural, unpolished amber. Amber beads\u00a0 are cube shape, multi color. Between amber cube shape beads there are 925 sterling round beads.","og_url":"https:\/\/amberwithlove.lt\/en\/produktas\/baltic-amber-necklace-from-multi-color-round-amber-beads\/","og_site_name":"Amberwithlove","article_modified_time":"2024-10-28T19:16:07+00:00","og_image":[{"width":2560,"height":1706,"url":"https:\/\/amberwithlove.lt\/wp-content\/uploads\/2024\/10\/IMG_8668-1-scaled.jpg","type":"image\/jpeg"}],"twitter_card":"summary_large_image","twitter_misc":{"Est. reading time":"1 minute"},"schema":{"@context":"https:\/\/schema.org","@graph":[{"@type":"WebPage","@id":"https:\/\/amberwithlove.lt\/en\/produktas\/baltic-amber-necklace-from-multi-color-round-amber-beads\/","url":"https:\/\/amberwithlove.lt\/en\/produktas\/baltic-amber-necklace-from-multi-color-round-amber-beads\/","name":"Baltic amber necklace from multi color, round amber beads - Amberwithlove","isPartOf":{"@id":"https:\/\/amberwithlove.lt\/en\/#website"},"primaryImageOfPage":{"@id":"https:\/\/amberwithlove.lt\/en\/produktas\/baltic-amber-necklace-from-multi-color-round-amber-beads\/#primaryimage"},"image":{"@id":"https:\/\/amberwithlove.lt\/en\/produktas\/baltic-amber-necklace-from-multi-color-round-amber-beads\/#primaryimage"},"thumbnailUrl":"https:\/\/amberwithlove.lt\/wp-content\/uploads\/2024\/10\/IMG_8668-1-scaled.jpg","datePublished":"2024-10-28T18:55:05+00:00","dateModified":"2024-10-28T19:16:07+00:00","description":"Necklace is made from natural, unpolished amber. Amber beads\u00a0 are cube shape, multi color. Between amber cube shape beads there are 925 sterling round beads.","breadcrumb":{"@id":"https:\/\/amberwithlove.lt\/en\/produktas\/baltic-amber-necklace-from-multi-color-round-amber-beads\/#breadcrumb"},"inLanguage":"en-US","potentialAction":[{"@type":"ReadAction","target":["https:\/\/amberwithlove.lt\/en\/produktas\/baltic-amber-necklace-from-multi-color-round-amber-beads\/"]}]},{"@type":"ImageObject","inLanguage":"en-US","@id":"https:\/\/amberwithlove.lt\/en\/produktas\/baltic-amber-necklace-from-multi-color-round-amber-beads\/#primaryimage","url":"https:\/\/amberwithlove.lt\/wp-content\/uploads\/2024\/10\/IMG_8668-1-scaled.jpg","contentUrl":"https:\/\/amberwithlove.lt\/wp-content\/uploads\/2024\/10\/IMG_8668-1-scaled.jpg","width":2560,"height":1706,"caption":"Gintariniai karoliai"},{"@type":"BreadcrumbList","@id":"https:\/\/amberwithlove.lt\/en\/produktas\/baltic-amber-necklace-from-multi-color-round-amber-beads\/#breadcrumb","itemListElement":[{"@type":"ListItem","position":1,"name":"Home","item":"https:\/\/amberwithlove.lt\/en\/"},{"@type":"ListItem","position":2,"name":"Shop","item":"https:\/\/amberwithlove.lt\/en\/shop\/"},{"@type":"ListItem","position":3,"name":"Baltic amber necklace from multi color, round amber beads"}]},{"@type":"WebSite","@id":"https:\/\/amberwithlove.lt\/en\/#website","url":"https:\/\/amberwithlove.lt\/en\/","name":"Amberwithlove","description":"Si\u016blome didel\u012f gintaro juvelyrini\u0173 gamini\u0173, suvenyr\u0173, verslo dovan\u0173 pasirinkim\u0105.","potentialAction":[{"@type":"SearchAction","target":{"@type":"EntryPoint","urlTemplate":"https:\/\/amberwithlove.lt\/en\/?s={search_term_string}"},"query-input":{"@type":"PropertyValueSpecification","valueRequired":true,"valueName":"search_term_string"}}],"inLanguage":"en-US"}]}},"_links":{"self":[{"href":"https:\/\/amberwithlove.lt\/en\/wp-json\/wp\/v2\/product\/27418","targetHints":{"allow":["GET"]}}],"collection":[{"href":"https:\/\/amberwithlove.lt\/en\/wp-json\/wp\/v2\/product"}],"about":[{"href":"https:\/\/amberwithlove.lt\/en\/wp-json\/wp\/v2\/types\/product"}],"wp:featuredmedia":[{"embeddable":true,"href":"https:\/\/amberwithlove.lt\/en\/wp-json\/wp\/v2\/media\/27422"}],"wp:attachment":[{"href":"https:\/\/amberwithlove.lt\/en\/wp-json\/wp\/v2\/media?parent=27418"}],"wp:term":[{"taxonomy":"product_brand","embeddable":true,"href":"https:\/\/amberwithlove.lt\/en\/wp-json\/wp\/v2\/product_brand?post=27418"},{"taxonomy":"product_cat","embeddable":true,"href":"https:\/\/amberwithlove.lt\/en\/wp-json\/wp\/v2\/product_cat?post=27418"},{"taxonomy":"product_tag","embeddable":true,"href":"https:\/\/amberwithlove.lt\/en\/wp-json\/wp\/v2\/product_tag?post=27418"}],"curies":[{"name":"wp","href":"https:\/\/api.w.org\/{rel}","templated":true}]}}