{"id":26743,"date":"2024-03-22T16:04:41","date_gmt":"2024-03-22T18:04:41","guid":{"rendered":"https:\/\/amberwithlove.lt\/?post_type=product&#038;p=26743"},"modified":"2024-03-22T16:16:04","modified_gmt":"2024-03-22T18:16:04","slug":"luxury-massive-natural-baltic-amber-bracelet-multi-colors","status":"publish","type":"product","link":"https:\/\/amberwithlove.lt\/en\/produktas\/luxury-massive-natural-baltic-amber-bracelet-multi-colors\/","title":{"rendered":"Luxury massive natural Baltic amber bracelet, multi colors"},"content":{"rendered":"<h5>Natural genuine Baltic amber adult bracelet, bracelet is polished. Made from multi color natural Baltic amber beads. <span class=\"HwtZe\" lang=\"en\"><span class=\"jCAhz ChMk0b\"><span class=\"ryNqvb\">The bracelet is very beautiful and comfortable to wear. Massive<span class=\"jCAhz ChMk0b C1N51c\">, but easy to match.<\/span><\/span><\/span><\/span><\/h5>\n<h5>Bracelet weight: 19,31 grams.<\/h5>\n<h5>Bracelet length: ~19 centimeters. Bracelet fits for ~17,5 &#8211; 18,5 cm wrist.<\/h5>\n<h5>Bracelet comes nicely packed in box with Certificate of Authenticity.<\/h5>\n<h5><\/h5>\n","protected":false},"excerpt":{"rendered":"<p>Natural genuine Baltic amber adult bracelet, bracelet is polished. Made from multi color natural Baltic amber beads. The bracelet is<\/p>\n","protected":false},"featured_media":26745,"template":"","meta":[],"product_brand":[],"product_cat":[72,74],"product_tag":[246],"class_list":{"0":"post-26743","1":"product","2":"type-product","3":"status-publish","4":"has-post-thumbnail","6":"product_cat-all-products","7":"product_cat-bracelets","8":"product_tag-gintariniai-papuosalai-moterims","10":"first","11":"outofstock","12":"shipping-taxable","13":"purchasable","14":"product-type-simple"},"yoast_head":"<!-- This site is optimized with the Yoast SEO plugin v27.1.1 - https:\/\/yoast.com\/product\/yoast-seo-wordpress\/ -->\n<title>Luxury massive natural Baltic amber bracelet, multi colors - Amberwithlove<\/title>\n<meta name=\"description\" content=\"Natural Baltic amber adult bracelet. Made of multi color amber beads. Bracelet is beautiful and comfortable to wear. Minimalist, easy to match.\" \/>\n<meta name=\"robots\" content=\"index, follow, max-snippet:-1, max-image-preview:large, max-video-preview:-1\" \/>\n<link rel=\"canonical\" href=\"https:\/\/amberwithlove.lt\/en\/produktas\/luxury-massive-natural-baltic-amber-bracelet-multi-colors\/\" \/>\n<meta property=\"og:locale\" content=\"en_US\" \/>\n<meta property=\"og:type\" content=\"article\" \/>\n<meta property=\"og:title\" content=\"Luxury massive natural Baltic amber bracelet, multi colors - Amberwithlove\" \/>\n<meta property=\"og:description\" content=\"Natural Baltic amber adult bracelet. Made of multi color amber beads. Bracelet is beautiful and comfortable to wear. Minimalist, easy to match.\" \/>\n<meta property=\"og:url\" content=\"https:\/\/amberwithlove.lt\/en\/produktas\/luxury-massive-natural-baltic-amber-bracelet-multi-colors\/\" \/>\n<meta property=\"og:site_name\" content=\"Amberwithlove\" \/>\n<meta property=\"article:modified_time\" content=\"2024-03-22T18:16:04+00:00\" \/>\n<meta property=\"og:image\" content=\"https:\/\/amberwithlove.lt\/wp-content\/uploads\/2024\/03\/IMG_8457-scaled.jpg\" \/>\n\t<meta property=\"og:image:width\" content=\"2560\" \/>\n\t<meta property=\"og:image:height\" content=\"1585\" \/>\n\t<meta property=\"og:image:type\" content=\"image\/jpeg\" \/>\n<meta name=\"twitter:card\" content=\"summary_large_image\" \/>\n<meta name=\"twitter:label1\" content=\"Est. reading time\" \/>\n\t<meta name=\"twitter:data1\" content=\"1 minute\" \/>\n<script type=\"application\/ld+json\" class=\"yoast-schema-graph\">{\"@context\":\"https:\/\/schema.org\",\"@graph\":[{\"@type\":\"WebPage\",\"@id\":\"https:\/\/amberwithlove.lt\/en\/produktas\/luxury-massive-natural-baltic-amber-bracelet-multi-colors\/\",\"url\":\"https:\/\/amberwithlove.lt\/en\/produktas\/luxury-massive-natural-baltic-amber-bracelet-multi-colors\/\",\"name\":\"Luxury massive natural Baltic amber bracelet, multi colors - Amberwithlove\",\"isPartOf\":{\"@id\":\"https:\/\/amberwithlove.lt\/en\/#website\"},\"primaryImageOfPage\":{\"@id\":\"https:\/\/amberwithlove.lt\/en\/produktas\/luxury-massive-natural-baltic-amber-bracelet-multi-colors\/#primaryimage\"},\"image\":{\"@id\":\"https:\/\/amberwithlove.lt\/en\/produktas\/luxury-massive-natural-baltic-amber-bracelet-multi-colors\/#primaryimage\"},\"thumbnailUrl\":\"https:\/\/amberwithlove.lt\/wp-content\/uploads\/2024\/03\/IMG_8457-scaled.jpg\",\"datePublished\":\"2024-03-22T18:04:41+00:00\",\"dateModified\":\"2024-03-22T18:16:04+00:00\",\"description\":\"Natural Baltic amber adult bracelet. Made of multi color amber beads. Bracelet is beautiful and comfortable to wear. Minimalist, easy to match.\",\"breadcrumb\":{\"@id\":\"https:\/\/amberwithlove.lt\/en\/produktas\/luxury-massive-natural-baltic-amber-bracelet-multi-colors\/#breadcrumb\"},\"inLanguage\":\"en-US\",\"potentialAction\":[{\"@type\":\"ReadAction\",\"target\":[\"https:\/\/amberwithlove.lt\/en\/produktas\/luxury-massive-natural-baltic-amber-bracelet-multi-colors\/\"]}]},{\"@type\":\"ImageObject\",\"inLanguage\":\"en-US\",\"@id\":\"https:\/\/amberwithlove.lt\/en\/produktas\/luxury-massive-natural-baltic-amber-bracelet-multi-colors\/#primaryimage\",\"url\":\"https:\/\/amberwithlove.lt\/wp-content\/uploads\/2024\/03\/IMG_8457-scaled.jpg\",\"contentUrl\":\"https:\/\/amberwithlove.lt\/wp-content\/uploads\/2024\/03\/IMG_8457-scaled.jpg\",\"width\":2560,\"height\":1585},{\"@type\":\"BreadcrumbList\",\"@id\":\"https:\/\/amberwithlove.lt\/en\/produktas\/luxury-massive-natural-baltic-amber-bracelet-multi-colors\/#breadcrumb\",\"itemListElement\":[{\"@type\":\"ListItem\",\"position\":1,\"name\":\"Home\",\"item\":\"https:\/\/amberwithlove.lt\/en\/\"},{\"@type\":\"ListItem\",\"position\":2,\"name\":\"Shop\",\"item\":\"https:\/\/amberwithlove.lt\/en\/shop\/\"},{\"@type\":\"ListItem\",\"position\":3,\"name\":\"Luxury massive natural Baltic amber bracelet, multi colors\"}]},{\"@type\":\"WebSite\",\"@id\":\"https:\/\/amberwithlove.lt\/en\/#website\",\"url\":\"https:\/\/amberwithlove.lt\/en\/\",\"name\":\"Amberwithlove\",\"description\":\"Si\u016blome didel\u012f gintaro juvelyrini\u0173 gamini\u0173, suvenyr\u0173, verslo dovan\u0173 pasirinkim\u0105.\",\"potentialAction\":[{\"@type\":\"SearchAction\",\"target\":{\"@type\":\"EntryPoint\",\"urlTemplate\":\"https:\/\/amberwithlove.lt\/en\/?s={search_term_string}\"},\"query-input\":{\"@type\":\"PropertyValueSpecification\",\"valueRequired\":true,\"valueName\":\"search_term_string\"}}],\"inLanguage\":\"en-US\"}]}<\/script>\n<!-- \/ Yoast SEO plugin. -->","yoast_head_json":{"title":"Luxury massive natural Baltic amber bracelet, multi colors - Amberwithlove","description":"Natural Baltic amber adult bracelet. Made of multi color amber beads. Bracelet is beautiful and comfortable to wear. Minimalist, easy to match.","robots":{"index":"index","follow":"follow","max-snippet":"max-snippet:-1","max-image-preview":"max-image-preview:large","max-video-preview":"max-video-preview:-1"},"canonical":"https:\/\/amberwithlove.lt\/en\/produktas\/luxury-massive-natural-baltic-amber-bracelet-multi-colors\/","og_locale":"en_US","og_type":"article","og_title":"Luxury massive natural Baltic amber bracelet, multi colors - Amberwithlove","og_description":"Natural Baltic amber adult bracelet. Made of multi color amber beads. Bracelet is beautiful and comfortable to wear. Minimalist, easy to match.","og_url":"https:\/\/amberwithlove.lt\/en\/produktas\/luxury-massive-natural-baltic-amber-bracelet-multi-colors\/","og_site_name":"Amberwithlove","article_modified_time":"2024-03-22T18:16:04+00:00","og_image":[{"width":2560,"height":1585,"url":"https:\/\/amberwithlove.lt\/wp-content\/uploads\/2024\/03\/IMG_8457-scaled.jpg","type":"image\/jpeg"}],"twitter_card":"summary_large_image","twitter_misc":{"Est. reading time":"1 minute"},"schema":{"@context":"https:\/\/schema.org","@graph":[{"@type":"WebPage","@id":"https:\/\/amberwithlove.lt\/en\/produktas\/luxury-massive-natural-baltic-amber-bracelet-multi-colors\/","url":"https:\/\/amberwithlove.lt\/en\/produktas\/luxury-massive-natural-baltic-amber-bracelet-multi-colors\/","name":"Luxury massive natural Baltic amber bracelet, multi colors - Amberwithlove","isPartOf":{"@id":"https:\/\/amberwithlove.lt\/en\/#website"},"primaryImageOfPage":{"@id":"https:\/\/amberwithlove.lt\/en\/produktas\/luxury-massive-natural-baltic-amber-bracelet-multi-colors\/#primaryimage"},"image":{"@id":"https:\/\/amberwithlove.lt\/en\/produktas\/luxury-massive-natural-baltic-amber-bracelet-multi-colors\/#primaryimage"},"thumbnailUrl":"https:\/\/amberwithlove.lt\/wp-content\/uploads\/2024\/03\/IMG_8457-scaled.jpg","datePublished":"2024-03-22T18:04:41+00:00","dateModified":"2024-03-22T18:16:04+00:00","description":"Natural Baltic amber adult bracelet. Made of multi color amber beads. Bracelet is beautiful and comfortable to wear. Minimalist, easy to match.","breadcrumb":{"@id":"https:\/\/amberwithlove.lt\/en\/produktas\/luxury-massive-natural-baltic-amber-bracelet-multi-colors\/#breadcrumb"},"inLanguage":"en-US","potentialAction":[{"@type":"ReadAction","target":["https:\/\/amberwithlove.lt\/en\/produktas\/luxury-massive-natural-baltic-amber-bracelet-multi-colors\/"]}]},{"@type":"ImageObject","inLanguage":"en-US","@id":"https:\/\/amberwithlove.lt\/en\/produktas\/luxury-massive-natural-baltic-amber-bracelet-multi-colors\/#primaryimage","url":"https:\/\/amberwithlove.lt\/wp-content\/uploads\/2024\/03\/IMG_8457-scaled.jpg","contentUrl":"https:\/\/amberwithlove.lt\/wp-content\/uploads\/2024\/03\/IMG_8457-scaled.jpg","width":2560,"height":1585},{"@type":"BreadcrumbList","@id":"https:\/\/amberwithlove.lt\/en\/produktas\/luxury-massive-natural-baltic-amber-bracelet-multi-colors\/#breadcrumb","itemListElement":[{"@type":"ListItem","position":1,"name":"Home","item":"https:\/\/amberwithlove.lt\/en\/"},{"@type":"ListItem","position":2,"name":"Shop","item":"https:\/\/amberwithlove.lt\/en\/shop\/"},{"@type":"ListItem","position":3,"name":"Luxury massive natural Baltic amber bracelet, multi colors"}]},{"@type":"WebSite","@id":"https:\/\/amberwithlove.lt\/en\/#website","url":"https:\/\/amberwithlove.lt\/en\/","name":"Amberwithlove","description":"Si\u016blome didel\u012f gintaro juvelyrini\u0173 gamini\u0173, suvenyr\u0173, verslo dovan\u0173 pasirinkim\u0105.","potentialAction":[{"@type":"SearchAction","target":{"@type":"EntryPoint","urlTemplate":"https:\/\/amberwithlove.lt\/en\/?s={search_term_string}"},"query-input":{"@type":"PropertyValueSpecification","valueRequired":true,"valueName":"search_term_string"}}],"inLanguage":"en-US"}]}},"_links":{"self":[{"href":"https:\/\/amberwithlove.lt\/en\/wp-json\/wp\/v2\/product\/26743","targetHints":{"allow":["GET"]}}],"collection":[{"href":"https:\/\/amberwithlove.lt\/en\/wp-json\/wp\/v2\/product"}],"about":[{"href":"https:\/\/amberwithlove.lt\/en\/wp-json\/wp\/v2\/types\/product"}],"wp:featuredmedia":[{"embeddable":true,"href":"https:\/\/amberwithlove.lt\/en\/wp-json\/wp\/v2\/media\/26745"}],"wp:attachment":[{"href":"https:\/\/amberwithlove.lt\/en\/wp-json\/wp\/v2\/media?parent=26743"}],"wp:term":[{"taxonomy":"product_brand","embeddable":true,"href":"https:\/\/amberwithlove.lt\/en\/wp-json\/wp\/v2\/product_brand?post=26743"},{"taxonomy":"product_cat","embeddable":true,"href":"https:\/\/amberwithlove.lt\/en\/wp-json\/wp\/v2\/product_cat?post=26743"},{"taxonomy":"product_tag","embeddable":true,"href":"https:\/\/amberwithlove.lt\/en\/wp-json\/wp\/v2\/product_tag?post=26743"}],"curies":[{"name":"wp","href":"https:\/\/api.w.org\/{rel}","templated":true}]}}