{"id":26452,"date":"2024-02-05T13:29:38","date_gmt":"2024-02-05T15:29:38","guid":{"rendered":"https:\/\/amberwithlove.lt\/?post_type=product&#038;p=26452"},"modified":"2024-02-05T13:47:03","modified_gmt":"2024-02-05T15:47:03","slug":"greenish-color-baltic-amber-bracelet-cylindrical-shape-beads","status":"publish","type":"product","link":"https:\/\/amberwithlove.lt\/en\/produktas\/greenish-color-baltic-amber-bracelet-cylindrical-shape-beads\/","title":{"rendered":"Greenish color Baltic amber bracelet, cylindrical shape beads"},"content":{"rendered":"<h5><span class=\"tojvnm2t a6sixzi8 abs2jz4q a8s20v7p t1p8iaqh k5wvi7nf q3lfd5jv pk4s997a bipmatt0 cebpdrjk qowsmv63 owwhemhu dp1hu0rb dhp61c6y iyyx5f41\">Bracelet is made of natural Baltic amber. <span class=\"VIiyi\" lang=\"en\"><span class=\"JLqJ4b ChMk0b\" data-language-for-alternatives=\"en\" data-language-to-translate-into=\"lt\" data-phrase-index=\"0\" data-number-of-phrases=\"1\">Cylindrical shape beads, polished. <\/span><\/span><\/span>bracelet is greenish color. Beads diameter ~12 mm. <span class=\"tojvnm2t a6sixzi8 abs2jz4q a8s20v7p t1p8iaqh k5wvi7nf q3lfd5jv pk4s997a bipmatt0 cebpdrjk qowsmv63 owwhemhu dp1hu0rb dhp61c6y iyyx5f41\"><span class=\"VIiyi\" lang=\"en\"><span class=\"JLqJ4b ChMk0b\" data-language-for-alternatives=\"en\" data-language-to-translate-into=\"lt\" data-phrase-index=\"0\" data-number-of-phrases=\"1\">Bracelet is unisex, suits for men&#8217;s and woman&#8217;s.<\/span><\/span><\/span><\/h5>\n<h5>Bracelet weight: 17,39 grams.<\/h5>\n<h5>Bracelet length: ~18 centimeters. Bracelet fits for ~17- 18 cm wrist.<\/h5>\n<h5>Bracelet comes nicely packed in box with Certificate of Authenticity.<\/h5>\n<h5><\/h5>\n","protected":false},"excerpt":{"rendered":"<p>Bracelet is made of natural Baltic amber. Cylindrical shape beads, polished. bracelet is greenish color. Beads diameter ~12 mm. Bracelet<\/p>\n","protected":false},"featured_media":26454,"template":"","meta":[],"product_brand":[],"product_cat":[72,74],"product_tag":[],"class_list":{"0":"post-26452","1":"product","2":"type-product","3":"status-publish","4":"has-post-thumbnail","6":"product_cat-all-products","7":"product_cat-bracelets","9":"first","10":"instock","11":"shipping-taxable","12":"purchasable","13":"product-type-simple"},"yoast_head":"<!-- This site is optimized with the Yoast SEO plugin v27.1.1 - https:\/\/yoast.com\/product\/yoast-seo-wordpress\/ -->\n<title>Greenish color Baltic amber bracelet, cylindrical shape beads<\/title>\n<meta name=\"description\" content=\"Bracelet is made of natural Baltic amber. Cylindrical shape beads, greenish color. Beads diameter ~12 mm. Bracelet is unisex, suits for men&#039;s and woman&#039;s.\" \/>\n<meta name=\"robots\" content=\"index, follow, max-snippet:-1, max-image-preview:large, max-video-preview:-1\" \/>\n<link rel=\"canonical\" href=\"https:\/\/amberwithlove.lt\/en\/produktas\/greenish-color-baltic-amber-bracelet-cylindrical-shape-beads\/\" \/>\n<meta property=\"og:locale\" content=\"en_US\" \/>\n<meta property=\"og:type\" content=\"article\" \/>\n<meta property=\"og:title\" content=\"Greenish color Baltic amber bracelet, cylindrical shape beads\" \/>\n<meta property=\"og:description\" content=\"Bracelet is made of natural Baltic amber. Cylindrical shape beads, greenish color. Beads diameter ~12 mm. Bracelet is unisex, suits for men&#039;s and woman&#039;s.\" \/>\n<meta property=\"og:url\" content=\"https:\/\/amberwithlove.lt\/en\/produktas\/greenish-color-baltic-amber-bracelet-cylindrical-shape-beads\/\" \/>\n<meta property=\"og:site_name\" content=\"Amberwithlove\" \/>\n<meta property=\"article:modified_time\" content=\"2024-02-05T15:47:03+00:00\" \/>\n<meta property=\"og:image\" content=\"https:\/\/amberwithlove.lt\/wp-content\/uploads\/2024\/02\/IMG_8267-scaled.jpg\" \/>\n\t<meta property=\"og:image:width\" content=\"2560\" \/>\n\t<meta property=\"og:image:height\" content=\"1665\" \/>\n\t<meta property=\"og:image:type\" content=\"image\/jpeg\" \/>\n<meta name=\"twitter:card\" content=\"summary_large_image\" \/>\n<meta name=\"twitter:label1\" content=\"Est. reading time\" \/>\n\t<meta name=\"twitter:data1\" content=\"1 minute\" \/>\n<script type=\"application\/ld+json\" class=\"yoast-schema-graph\">{\"@context\":\"https:\/\/schema.org\",\"@graph\":[{\"@type\":\"WebPage\",\"@id\":\"https:\/\/amberwithlove.lt\/en\/produktas\/greenish-color-baltic-amber-bracelet-cylindrical-shape-beads\/\",\"url\":\"https:\/\/amberwithlove.lt\/en\/produktas\/greenish-color-baltic-amber-bracelet-cylindrical-shape-beads\/\",\"name\":\"Greenish color Baltic amber bracelet, cylindrical shape beads\",\"isPartOf\":{\"@id\":\"https:\/\/amberwithlove.lt\/en\/#website\"},\"primaryImageOfPage\":{\"@id\":\"https:\/\/amberwithlove.lt\/en\/produktas\/greenish-color-baltic-amber-bracelet-cylindrical-shape-beads\/#primaryimage\"},\"image\":{\"@id\":\"https:\/\/amberwithlove.lt\/en\/produktas\/greenish-color-baltic-amber-bracelet-cylindrical-shape-beads\/#primaryimage\"},\"thumbnailUrl\":\"https:\/\/amberwithlove.lt\/wp-content\/uploads\/2024\/02\/IMG_8267-scaled.jpg\",\"datePublished\":\"2024-02-05T15:29:38+00:00\",\"dateModified\":\"2024-02-05T15:47:03+00:00\",\"description\":\"Bracelet is made of natural Baltic amber. Cylindrical shape beads, greenish color. Beads diameter ~12 mm. Bracelet is unisex, suits for men's and woman's.\",\"breadcrumb\":{\"@id\":\"https:\/\/amberwithlove.lt\/en\/produktas\/greenish-color-baltic-amber-bracelet-cylindrical-shape-beads\/#breadcrumb\"},\"inLanguage\":\"en-US\",\"potentialAction\":[{\"@type\":\"ReadAction\",\"target\":[\"https:\/\/amberwithlove.lt\/en\/produktas\/greenish-color-baltic-amber-bracelet-cylindrical-shape-beads\/\"]}]},{\"@type\":\"ImageObject\",\"inLanguage\":\"en-US\",\"@id\":\"https:\/\/amberwithlove.lt\/en\/produktas\/greenish-color-baltic-amber-bracelet-cylindrical-shape-beads\/#primaryimage\",\"url\":\"https:\/\/amberwithlove.lt\/wp-content\/uploads\/2024\/02\/IMG_8267-scaled.jpg\",\"contentUrl\":\"https:\/\/amberwithlove.lt\/wp-content\/uploads\/2024\/02\/IMG_8267-scaled.jpg\",\"width\":2560,\"height\":1665},{\"@type\":\"BreadcrumbList\",\"@id\":\"https:\/\/amberwithlove.lt\/en\/produktas\/greenish-color-baltic-amber-bracelet-cylindrical-shape-beads\/#breadcrumb\",\"itemListElement\":[{\"@type\":\"ListItem\",\"position\":1,\"name\":\"Home\",\"item\":\"https:\/\/amberwithlove.lt\/en\/\"},{\"@type\":\"ListItem\",\"position\":2,\"name\":\"Shop\",\"item\":\"https:\/\/amberwithlove.lt\/en\/shop\/\"},{\"@type\":\"ListItem\",\"position\":3,\"name\":\"Greenish color Baltic amber bracelet, cylindrical shape beads\"}]},{\"@type\":\"WebSite\",\"@id\":\"https:\/\/amberwithlove.lt\/en\/#website\",\"url\":\"https:\/\/amberwithlove.lt\/en\/\",\"name\":\"Amberwithlove\",\"description\":\"Si\u016blome didel\u012f gintaro juvelyrini\u0173 gamini\u0173, suvenyr\u0173, verslo dovan\u0173 pasirinkim\u0105.\",\"potentialAction\":[{\"@type\":\"SearchAction\",\"target\":{\"@type\":\"EntryPoint\",\"urlTemplate\":\"https:\/\/amberwithlove.lt\/en\/?s={search_term_string}\"},\"query-input\":{\"@type\":\"PropertyValueSpecification\",\"valueRequired\":true,\"valueName\":\"search_term_string\"}}],\"inLanguage\":\"en-US\"}]}<\/script>\n<!-- \/ Yoast SEO plugin. -->","yoast_head_json":{"title":"Greenish color Baltic amber bracelet, cylindrical shape beads","description":"Bracelet is made of natural Baltic amber. Cylindrical shape beads, greenish color. Beads diameter ~12 mm. Bracelet is unisex, suits for men's and woman's.","robots":{"index":"index","follow":"follow","max-snippet":"max-snippet:-1","max-image-preview":"max-image-preview:large","max-video-preview":"max-video-preview:-1"},"canonical":"https:\/\/amberwithlove.lt\/en\/produktas\/greenish-color-baltic-amber-bracelet-cylindrical-shape-beads\/","og_locale":"en_US","og_type":"article","og_title":"Greenish color Baltic amber bracelet, cylindrical shape beads","og_description":"Bracelet is made of natural Baltic amber. Cylindrical shape beads, greenish color. Beads diameter ~12 mm. Bracelet is unisex, suits for men's and woman's.","og_url":"https:\/\/amberwithlove.lt\/en\/produktas\/greenish-color-baltic-amber-bracelet-cylindrical-shape-beads\/","og_site_name":"Amberwithlove","article_modified_time":"2024-02-05T15:47:03+00:00","og_image":[{"width":2560,"height":1665,"url":"https:\/\/amberwithlove.lt\/wp-content\/uploads\/2024\/02\/IMG_8267-scaled.jpg","type":"image\/jpeg"}],"twitter_card":"summary_large_image","twitter_misc":{"Est. reading time":"1 minute"},"schema":{"@context":"https:\/\/schema.org","@graph":[{"@type":"WebPage","@id":"https:\/\/amberwithlove.lt\/en\/produktas\/greenish-color-baltic-amber-bracelet-cylindrical-shape-beads\/","url":"https:\/\/amberwithlove.lt\/en\/produktas\/greenish-color-baltic-amber-bracelet-cylindrical-shape-beads\/","name":"Greenish color Baltic amber bracelet, cylindrical shape beads","isPartOf":{"@id":"https:\/\/amberwithlove.lt\/en\/#website"},"primaryImageOfPage":{"@id":"https:\/\/amberwithlove.lt\/en\/produktas\/greenish-color-baltic-amber-bracelet-cylindrical-shape-beads\/#primaryimage"},"image":{"@id":"https:\/\/amberwithlove.lt\/en\/produktas\/greenish-color-baltic-amber-bracelet-cylindrical-shape-beads\/#primaryimage"},"thumbnailUrl":"https:\/\/amberwithlove.lt\/wp-content\/uploads\/2024\/02\/IMG_8267-scaled.jpg","datePublished":"2024-02-05T15:29:38+00:00","dateModified":"2024-02-05T15:47:03+00:00","description":"Bracelet is made of natural Baltic amber. Cylindrical shape beads, greenish color. Beads diameter ~12 mm. Bracelet is unisex, suits for men's and woman's.","breadcrumb":{"@id":"https:\/\/amberwithlove.lt\/en\/produktas\/greenish-color-baltic-amber-bracelet-cylindrical-shape-beads\/#breadcrumb"},"inLanguage":"en-US","potentialAction":[{"@type":"ReadAction","target":["https:\/\/amberwithlove.lt\/en\/produktas\/greenish-color-baltic-amber-bracelet-cylindrical-shape-beads\/"]}]},{"@type":"ImageObject","inLanguage":"en-US","@id":"https:\/\/amberwithlove.lt\/en\/produktas\/greenish-color-baltic-amber-bracelet-cylindrical-shape-beads\/#primaryimage","url":"https:\/\/amberwithlove.lt\/wp-content\/uploads\/2024\/02\/IMG_8267-scaled.jpg","contentUrl":"https:\/\/amberwithlove.lt\/wp-content\/uploads\/2024\/02\/IMG_8267-scaled.jpg","width":2560,"height":1665},{"@type":"BreadcrumbList","@id":"https:\/\/amberwithlove.lt\/en\/produktas\/greenish-color-baltic-amber-bracelet-cylindrical-shape-beads\/#breadcrumb","itemListElement":[{"@type":"ListItem","position":1,"name":"Home","item":"https:\/\/amberwithlove.lt\/en\/"},{"@type":"ListItem","position":2,"name":"Shop","item":"https:\/\/amberwithlove.lt\/en\/shop\/"},{"@type":"ListItem","position":3,"name":"Greenish color Baltic amber bracelet, cylindrical shape beads"}]},{"@type":"WebSite","@id":"https:\/\/amberwithlove.lt\/en\/#website","url":"https:\/\/amberwithlove.lt\/en\/","name":"Amberwithlove","description":"Si\u016blome didel\u012f gintaro juvelyrini\u0173 gamini\u0173, suvenyr\u0173, verslo dovan\u0173 pasirinkim\u0105.","potentialAction":[{"@type":"SearchAction","target":{"@type":"EntryPoint","urlTemplate":"https:\/\/amberwithlove.lt\/en\/?s={search_term_string}"},"query-input":{"@type":"PropertyValueSpecification","valueRequired":true,"valueName":"search_term_string"}}],"inLanguage":"en-US"}]}},"_links":{"self":[{"href":"https:\/\/amberwithlove.lt\/en\/wp-json\/wp\/v2\/product\/26452","targetHints":{"allow":["GET"]}}],"collection":[{"href":"https:\/\/amberwithlove.lt\/en\/wp-json\/wp\/v2\/product"}],"about":[{"href":"https:\/\/amberwithlove.lt\/en\/wp-json\/wp\/v2\/types\/product"}],"wp:featuredmedia":[{"embeddable":true,"href":"https:\/\/amberwithlove.lt\/en\/wp-json\/wp\/v2\/media\/26454"}],"wp:attachment":[{"href":"https:\/\/amberwithlove.lt\/en\/wp-json\/wp\/v2\/media?parent=26452"}],"wp:term":[{"taxonomy":"product_brand","embeddable":true,"href":"https:\/\/amberwithlove.lt\/en\/wp-json\/wp\/v2\/product_brand?post=26452"},{"taxonomy":"product_cat","embeddable":true,"href":"https:\/\/amberwithlove.lt\/en\/wp-json\/wp\/v2\/product_cat?post=26452"},{"taxonomy":"product_tag","embeddable":true,"href":"https:\/\/amberwithlove.lt\/en\/wp-json\/wp\/v2\/product_tag?post=26452"}],"curies":[{"name":"wp","href":"https:\/\/api.w.org\/{rel}","templated":true}]}}