{"id":24653,"date":"2023-02-14T12:42:52","date_gmt":"2023-02-14T14:42:52","guid":{"rendered":"https:\/\/amberwithlove.lt\/?post_type=product&#038;p=24653"},"modified":"2023-02-14T12:51:25","modified_gmt":"2023-02-14T14:51:25","slug":"amazing-amber-earrings-with-three-drops-6","status":"publish","type":"product","link":"https:\/\/amberwithlove.lt\/en\/produktas\/amazing-amber-earrings-with-three-drops-6\/","title":{"rendered":"Amazing amber earrings with three drops"},"content":{"rendered":"<ul>\n<li>\n<h5><span class=\"tojvnm2t a6sixzi8 abs2jz4q a8s20v7p t1p8iaqh k5wvi7nf q3lfd5jv pk4s997a bipmatt0 cebpdrjk qowsmv63 owwhemhu dp1hu0rb dhp61c6y iyyx5f41\">Earrings are made of natural Baltic amber. Earrings have three dangle chains with three amber beads, drops shape. Amber beads color is honey\/yellow.<br \/>\n<\/span><\/h5>\n<\/li>\n<li>\n<h5>Metal: 925 sterling silver.<\/h5>\n<\/li>\n<li>\n<h5>Weight: 3,62 grams.<\/h5>\n<\/li>\n<li>\n<h5>Earrings comes nicely packed in box with Certificate of Authenticity.<\/h5>\n<\/li>\n<\/ul>\n<p>&nbsp;<\/p>\n","protected":false},"excerpt":{"rendered":"<p>Earrings are made of natural Baltic amber. Earrings have three dangle chains with three amber beads, drops shape. Amber beads<\/p>\n","protected":false},"featured_media":24661,"template":"","meta":[],"product_brand":[],"product_cat":[72,241,75],"product_tag":[],"class_list":{"0":"post-24653","1":"product","2":"type-product","3":"status-publish","4":"has-post-thumbnail","6":"product_cat-all-products","7":"product_cat-dangling-earrings","8":"product_cat-earrings","10":"first","11":"instock","12":"shipping-taxable","13":"purchasable","14":"product-type-simple"},"yoast_head":"<!-- This site is optimized with the Yoast SEO plugin v27.1.1 - https:\/\/yoast.com\/product\/yoast-seo-wordpress\/ -->\n<title>Amazing amber earrings with three drops - Amberwithlove<\/title>\n<meta name=\"description\" content=\"Earrings are made of Baltic amber. Earrings have three dangle chains with three amber beads, drops shape. Amber beads color is honey\/yellow.\" \/>\n<meta name=\"robots\" content=\"index, follow, max-snippet:-1, max-image-preview:large, max-video-preview:-1\" \/>\n<link rel=\"canonical\" href=\"https:\/\/amberwithlove.lt\/en\/produktas\/amazing-amber-earrings-with-three-drops-6\/\" \/>\n<meta property=\"og:locale\" content=\"en_US\" \/>\n<meta property=\"og:type\" content=\"article\" \/>\n<meta property=\"og:title\" content=\"Amazing amber earrings with three drops - Amberwithlove\" \/>\n<meta property=\"og:description\" content=\"Earrings are made of Baltic amber. Earrings have three dangle chains with three amber beads, drops shape. Amber beads color is honey\/yellow.\" \/>\n<meta property=\"og:url\" content=\"https:\/\/amberwithlove.lt\/en\/produktas\/amazing-amber-earrings-with-three-drops-6\/\" \/>\n<meta property=\"og:site_name\" content=\"Amberwithlove\" \/>\n<meta property=\"article:modified_time\" content=\"2023-02-14T14:51:25+00:00\" \/>\n<meta property=\"og:image\" content=\"https:\/\/amberwithlove.lt\/wp-content\/uploads\/2023\/02\/IMG_7391-scaled.jpg\" \/>\n\t<meta property=\"og:image:width\" content=\"2560\" \/>\n\t<meta property=\"og:image:height\" content=\"1641\" \/>\n\t<meta property=\"og:image:type\" content=\"image\/jpeg\" \/>\n<meta name=\"twitter:card\" content=\"summary_large_image\" \/>\n<meta name=\"twitter:label1\" content=\"Est. reading time\" \/>\n\t<meta name=\"twitter:data1\" content=\"1 minute\" \/>\n<script type=\"application\/ld+json\" class=\"yoast-schema-graph\">{\"@context\":\"https:\/\/schema.org\",\"@graph\":[{\"@type\":\"WebPage\",\"@id\":\"https:\/\/amberwithlove.lt\/en\/produktas\/amazing-amber-earrings-with-three-drops-6\/\",\"url\":\"https:\/\/amberwithlove.lt\/en\/produktas\/amazing-amber-earrings-with-three-drops-6\/\",\"name\":\"Amazing amber earrings with three drops - Amberwithlove\",\"isPartOf\":{\"@id\":\"https:\/\/amberwithlove.lt\/en\/#website\"},\"primaryImageOfPage\":{\"@id\":\"https:\/\/amberwithlove.lt\/en\/produktas\/amazing-amber-earrings-with-three-drops-6\/#primaryimage\"},\"image\":{\"@id\":\"https:\/\/amberwithlove.lt\/en\/produktas\/amazing-amber-earrings-with-three-drops-6\/#primaryimage\"},\"thumbnailUrl\":\"https:\/\/amberwithlove.lt\/wp-content\/uploads\/2023\/02\/IMG_7391-scaled.jpg\",\"datePublished\":\"2023-02-14T14:42:52+00:00\",\"dateModified\":\"2023-02-14T14:51:25+00:00\",\"description\":\"Earrings are made of Baltic amber. Earrings have three dangle chains with three amber beads, drops shape. Amber beads color is honey\/yellow.\",\"breadcrumb\":{\"@id\":\"https:\/\/amberwithlove.lt\/en\/produktas\/amazing-amber-earrings-with-three-drops-6\/#breadcrumb\"},\"inLanguage\":\"en-US\",\"potentialAction\":[{\"@type\":\"ReadAction\",\"target\":[\"https:\/\/amberwithlove.lt\/en\/produktas\/amazing-amber-earrings-with-three-drops-6\/\"]}]},{\"@type\":\"ImageObject\",\"inLanguage\":\"en-US\",\"@id\":\"https:\/\/amberwithlove.lt\/en\/produktas\/amazing-amber-earrings-with-three-drops-6\/#primaryimage\",\"url\":\"https:\/\/amberwithlove.lt\/wp-content\/uploads\/2023\/02\/IMG_7391-scaled.jpg\",\"contentUrl\":\"https:\/\/amberwithlove.lt\/wp-content\/uploads\/2023\/02\/IMG_7391-scaled.jpg\",\"width\":2560,\"height\":1641},{\"@type\":\"BreadcrumbList\",\"@id\":\"https:\/\/amberwithlove.lt\/en\/produktas\/amazing-amber-earrings-with-three-drops-6\/#breadcrumb\",\"itemListElement\":[{\"@type\":\"ListItem\",\"position\":1,\"name\":\"Home\",\"item\":\"https:\/\/amberwithlove.lt\/en\/\"},{\"@type\":\"ListItem\",\"position\":2,\"name\":\"Shop\",\"item\":\"https:\/\/amberwithlove.lt\/en\/shop\/\"},{\"@type\":\"ListItem\",\"position\":3,\"name\":\"Amazing amber earrings with three drops\"}]},{\"@type\":\"WebSite\",\"@id\":\"https:\/\/amberwithlove.lt\/en\/#website\",\"url\":\"https:\/\/amberwithlove.lt\/en\/\",\"name\":\"Amberwithlove\",\"description\":\"Si\u016blome didel\u012f gintaro juvelyrini\u0173 gamini\u0173, suvenyr\u0173, verslo dovan\u0173 pasirinkim\u0105.\",\"potentialAction\":[{\"@type\":\"SearchAction\",\"target\":{\"@type\":\"EntryPoint\",\"urlTemplate\":\"https:\/\/amberwithlove.lt\/en\/?s={search_term_string}\"},\"query-input\":{\"@type\":\"PropertyValueSpecification\",\"valueRequired\":true,\"valueName\":\"search_term_string\"}}],\"inLanguage\":\"en-US\"}]}<\/script>\n<!-- \/ Yoast SEO plugin. -->","yoast_head_json":{"title":"Amazing amber earrings with three drops - Amberwithlove","description":"Earrings are made of Baltic amber. Earrings have three dangle chains with three amber beads, drops shape. Amber beads color is honey\/yellow.","robots":{"index":"index","follow":"follow","max-snippet":"max-snippet:-1","max-image-preview":"max-image-preview:large","max-video-preview":"max-video-preview:-1"},"canonical":"https:\/\/amberwithlove.lt\/en\/produktas\/amazing-amber-earrings-with-three-drops-6\/","og_locale":"en_US","og_type":"article","og_title":"Amazing amber earrings with three drops - Amberwithlove","og_description":"Earrings are made of Baltic amber. Earrings have three dangle chains with three amber beads, drops shape. Amber beads color is honey\/yellow.","og_url":"https:\/\/amberwithlove.lt\/en\/produktas\/amazing-amber-earrings-with-three-drops-6\/","og_site_name":"Amberwithlove","article_modified_time":"2023-02-14T14:51:25+00:00","og_image":[{"width":2560,"height":1641,"url":"https:\/\/amberwithlove.lt\/wp-content\/uploads\/2023\/02\/IMG_7391-scaled.jpg","type":"image\/jpeg"}],"twitter_card":"summary_large_image","twitter_misc":{"Est. reading time":"1 minute"},"schema":{"@context":"https:\/\/schema.org","@graph":[{"@type":"WebPage","@id":"https:\/\/amberwithlove.lt\/en\/produktas\/amazing-amber-earrings-with-three-drops-6\/","url":"https:\/\/amberwithlove.lt\/en\/produktas\/amazing-amber-earrings-with-three-drops-6\/","name":"Amazing amber earrings with three drops - Amberwithlove","isPartOf":{"@id":"https:\/\/amberwithlove.lt\/en\/#website"},"primaryImageOfPage":{"@id":"https:\/\/amberwithlove.lt\/en\/produktas\/amazing-amber-earrings-with-three-drops-6\/#primaryimage"},"image":{"@id":"https:\/\/amberwithlove.lt\/en\/produktas\/amazing-amber-earrings-with-three-drops-6\/#primaryimage"},"thumbnailUrl":"https:\/\/amberwithlove.lt\/wp-content\/uploads\/2023\/02\/IMG_7391-scaled.jpg","datePublished":"2023-02-14T14:42:52+00:00","dateModified":"2023-02-14T14:51:25+00:00","description":"Earrings are made of Baltic amber. Earrings have three dangle chains with three amber beads, drops shape. Amber beads color is honey\/yellow.","breadcrumb":{"@id":"https:\/\/amberwithlove.lt\/en\/produktas\/amazing-amber-earrings-with-three-drops-6\/#breadcrumb"},"inLanguage":"en-US","potentialAction":[{"@type":"ReadAction","target":["https:\/\/amberwithlove.lt\/en\/produktas\/amazing-amber-earrings-with-three-drops-6\/"]}]},{"@type":"ImageObject","inLanguage":"en-US","@id":"https:\/\/amberwithlove.lt\/en\/produktas\/amazing-amber-earrings-with-three-drops-6\/#primaryimage","url":"https:\/\/amberwithlove.lt\/wp-content\/uploads\/2023\/02\/IMG_7391-scaled.jpg","contentUrl":"https:\/\/amberwithlove.lt\/wp-content\/uploads\/2023\/02\/IMG_7391-scaled.jpg","width":2560,"height":1641},{"@type":"BreadcrumbList","@id":"https:\/\/amberwithlove.lt\/en\/produktas\/amazing-amber-earrings-with-three-drops-6\/#breadcrumb","itemListElement":[{"@type":"ListItem","position":1,"name":"Home","item":"https:\/\/amberwithlove.lt\/en\/"},{"@type":"ListItem","position":2,"name":"Shop","item":"https:\/\/amberwithlove.lt\/en\/shop\/"},{"@type":"ListItem","position":3,"name":"Amazing amber earrings with three drops"}]},{"@type":"WebSite","@id":"https:\/\/amberwithlove.lt\/en\/#website","url":"https:\/\/amberwithlove.lt\/en\/","name":"Amberwithlove","description":"Si\u016blome didel\u012f gintaro juvelyrini\u0173 gamini\u0173, suvenyr\u0173, verslo dovan\u0173 pasirinkim\u0105.","potentialAction":[{"@type":"SearchAction","target":{"@type":"EntryPoint","urlTemplate":"https:\/\/amberwithlove.lt\/en\/?s={search_term_string}"},"query-input":{"@type":"PropertyValueSpecification","valueRequired":true,"valueName":"search_term_string"}}],"inLanguage":"en-US"}]}},"_links":{"self":[{"href":"https:\/\/amberwithlove.lt\/en\/wp-json\/wp\/v2\/product\/24653","targetHints":{"allow":["GET"]}}],"collection":[{"href":"https:\/\/amberwithlove.lt\/en\/wp-json\/wp\/v2\/product"}],"about":[{"href":"https:\/\/amberwithlove.lt\/en\/wp-json\/wp\/v2\/types\/product"}],"wp:featuredmedia":[{"embeddable":true,"href":"https:\/\/amberwithlove.lt\/en\/wp-json\/wp\/v2\/media\/24661"}],"wp:attachment":[{"href":"https:\/\/amberwithlove.lt\/en\/wp-json\/wp\/v2\/media?parent=24653"}],"wp:term":[{"taxonomy":"product_brand","embeddable":true,"href":"https:\/\/amberwithlove.lt\/en\/wp-json\/wp\/v2\/product_brand?post=24653"},{"taxonomy":"product_cat","embeddable":true,"href":"https:\/\/amberwithlove.lt\/en\/wp-json\/wp\/v2\/product_cat?post=24653"},{"taxonomy":"product_tag","embeddable":true,"href":"https:\/\/amberwithlove.lt\/en\/wp-json\/wp\/v2\/product_tag?post=24653"}],"curies":[{"name":"wp","href":"https:\/\/api.w.org\/{rel}","templated":true}]}}