{"id":21398,"date":"2022-10-11T04:24:23","date_gmt":"2022-10-11T06:24:23","guid":{"rendered":"https:\/\/amberwithlove.lt\/?post_type=product&#038;p=21398"},"modified":"2022-10-11T04:35:23","modified_gmt":"2022-10-11T06:35:23","slug":"multicolor-baltic-amber-bracelet-big-rounded-beads","status":"publish","type":"product","link":"https:\/\/amberwithlove.lt\/en\/produktas\/multicolor-baltic-amber-bracelet-big-rounded-beads\/","title":{"rendered":"Multicolor Baltic amber bracelet, big rounded beads"},"content":{"rendered":"<h5>Natural genuine Baltic amber adult bracelet, bracelet is rare multi colors.\u00a0 Colors are very various, but looks very good together. Round\u00a0 big sphere beads ~11,5 mm.<\/h5>\n<h5>Bracelet weight: 14,95 grams.<\/h5>\n<h5>Bracelet length: ~18 centimeters.<\/h5>\n<h5>Bracelet comes nicely packed in box with Certificate of Authenticity.<\/h5>\n<h5><\/h5>\n","protected":false},"excerpt":{"rendered":"<p>Natural genuine Baltic amber adult bracelet, bracelet is rare multi colors.\u00a0 Colors are very various, but looks very good together.<\/p>\n","protected":false},"featured_media":21400,"template":"","meta":[],"product_brand":[],"product_cat":[72,74],"product_tag":[],"class_list":{"0":"post-21398","1":"product","2":"type-product","3":"status-publish","4":"has-post-thumbnail","6":"product_cat-all-products","7":"product_cat-bracelets","9":"first","10":"instock","11":"shipping-taxable","12":"purchasable","13":"product-type-simple"},"yoast_head":"<!-- This site is optimized with the Yoast SEO plugin v27.1.1 - https:\/\/yoast.com\/product\/yoast-seo-wordpress\/ -->\n<title>Multicolor Baltic amber bracelet, big rounded beads<\/title>\n<meta name=\"description\" content=\"Natural genuine Baltic amber adult bracelet, all amber pieces are perfect round sphere. Amazing black color. Amberwithlove\" \/>\n<meta name=\"robots\" content=\"index, follow, max-snippet:-1, max-image-preview:large, max-video-preview:-1\" \/>\n<link rel=\"canonical\" href=\"https:\/\/amberwithlove.lt\/en\/produktas\/multicolor-baltic-amber-bracelet-big-rounded-beads\/\" \/>\n<meta property=\"og:locale\" content=\"en_US\" \/>\n<meta property=\"og:type\" content=\"article\" \/>\n<meta property=\"og:title\" content=\"Multicolor Baltic amber bracelet, big rounded beads\" \/>\n<meta property=\"og:description\" content=\"Natural genuine Baltic amber adult bracelet, all amber pieces are perfect round sphere. Amazing black color. Amberwithlove\" \/>\n<meta property=\"og:url\" content=\"https:\/\/amberwithlove.lt\/en\/produktas\/multicolor-baltic-amber-bracelet-big-rounded-beads\/\" \/>\n<meta property=\"og:site_name\" content=\"Amberwithlove\" \/>\n<meta property=\"article:modified_time\" content=\"2022-10-11T06:35:23+00:00\" \/>\n<meta property=\"og:image\" content=\"https:\/\/amberwithlove.lt\/wp-content\/uploads\/2022\/10\/IMG_5259-scaled.jpg\" \/>\n\t<meta property=\"og:image:width\" content=\"2560\" \/>\n\t<meta property=\"og:image:height\" content=\"1731\" \/>\n\t<meta property=\"og:image:type\" content=\"image\/jpeg\" \/>\n<meta name=\"twitter:card\" content=\"summary_large_image\" \/>\n<meta name=\"twitter:label1\" content=\"Est. reading time\" \/>\n\t<meta name=\"twitter:data1\" content=\"1 minute\" \/>\n<script type=\"application\/ld+json\" class=\"yoast-schema-graph\">{\"@context\":\"https:\/\/schema.org\",\"@graph\":[{\"@type\":\"WebPage\",\"@id\":\"https:\/\/amberwithlove.lt\/en\/produktas\/multicolor-baltic-amber-bracelet-big-rounded-beads\/\",\"url\":\"https:\/\/amberwithlove.lt\/en\/produktas\/multicolor-baltic-amber-bracelet-big-rounded-beads\/\",\"name\":\"Multicolor Baltic amber bracelet, big rounded beads\",\"isPartOf\":{\"@id\":\"https:\/\/amberwithlove.lt\/en\/#website\"},\"primaryImageOfPage\":{\"@id\":\"https:\/\/amberwithlove.lt\/en\/produktas\/multicolor-baltic-amber-bracelet-big-rounded-beads\/#primaryimage\"},\"image\":{\"@id\":\"https:\/\/amberwithlove.lt\/en\/produktas\/multicolor-baltic-amber-bracelet-big-rounded-beads\/#primaryimage\"},\"thumbnailUrl\":\"https:\/\/amberwithlove.lt\/wp-content\/uploads\/2022\/10\/IMG_5259-scaled.jpg\",\"datePublished\":\"2022-10-11T06:24:23+00:00\",\"dateModified\":\"2022-10-11T06:35:23+00:00\",\"description\":\"Natural genuine Baltic amber adult bracelet, all amber pieces are perfect round sphere. Amazing black color. Amberwithlove\",\"breadcrumb\":{\"@id\":\"https:\/\/amberwithlove.lt\/en\/produktas\/multicolor-baltic-amber-bracelet-big-rounded-beads\/#breadcrumb\"},\"inLanguage\":\"en-US\",\"potentialAction\":[{\"@type\":\"ReadAction\",\"target\":[\"https:\/\/amberwithlove.lt\/en\/produktas\/multicolor-baltic-amber-bracelet-big-rounded-beads\/\"]}]},{\"@type\":\"ImageObject\",\"inLanguage\":\"en-US\",\"@id\":\"https:\/\/amberwithlove.lt\/en\/produktas\/multicolor-baltic-amber-bracelet-big-rounded-beads\/#primaryimage\",\"url\":\"https:\/\/amberwithlove.lt\/wp-content\/uploads\/2022\/10\/IMG_5259-scaled.jpg\",\"contentUrl\":\"https:\/\/amberwithlove.lt\/wp-content\/uploads\/2022\/10\/IMG_5259-scaled.jpg\",\"width\":2560,\"height\":1731},{\"@type\":\"BreadcrumbList\",\"@id\":\"https:\/\/amberwithlove.lt\/en\/produktas\/multicolor-baltic-amber-bracelet-big-rounded-beads\/#breadcrumb\",\"itemListElement\":[{\"@type\":\"ListItem\",\"position\":1,\"name\":\"Home\",\"item\":\"https:\/\/amberwithlove.lt\/en\/\"},{\"@type\":\"ListItem\",\"position\":2,\"name\":\"Shop\",\"item\":\"https:\/\/amberwithlove.lt\/en\/shop\/\"},{\"@type\":\"ListItem\",\"position\":3,\"name\":\"Multicolor Baltic amber bracelet, big rounded beads\"}]},{\"@type\":\"WebSite\",\"@id\":\"https:\/\/amberwithlove.lt\/en\/#website\",\"url\":\"https:\/\/amberwithlove.lt\/en\/\",\"name\":\"Amberwithlove\",\"description\":\"Si\u016blome didel\u012f gintaro juvelyrini\u0173 gamini\u0173, suvenyr\u0173, verslo dovan\u0173 pasirinkim\u0105.\",\"potentialAction\":[{\"@type\":\"SearchAction\",\"target\":{\"@type\":\"EntryPoint\",\"urlTemplate\":\"https:\/\/amberwithlove.lt\/en\/?s={search_term_string}\"},\"query-input\":{\"@type\":\"PropertyValueSpecification\",\"valueRequired\":true,\"valueName\":\"search_term_string\"}}],\"inLanguage\":\"en-US\"}]}<\/script>\n<!-- \/ Yoast SEO plugin. -->","yoast_head_json":{"title":"Multicolor Baltic amber bracelet, big rounded beads","description":"Natural genuine Baltic amber adult bracelet, all amber pieces are perfect round sphere. Amazing black color. Amberwithlove","robots":{"index":"index","follow":"follow","max-snippet":"max-snippet:-1","max-image-preview":"max-image-preview:large","max-video-preview":"max-video-preview:-1"},"canonical":"https:\/\/amberwithlove.lt\/en\/produktas\/multicolor-baltic-amber-bracelet-big-rounded-beads\/","og_locale":"en_US","og_type":"article","og_title":"Multicolor Baltic amber bracelet, big rounded beads","og_description":"Natural genuine Baltic amber adult bracelet, all amber pieces are perfect round sphere. Amazing black color. Amberwithlove","og_url":"https:\/\/amberwithlove.lt\/en\/produktas\/multicolor-baltic-amber-bracelet-big-rounded-beads\/","og_site_name":"Amberwithlove","article_modified_time":"2022-10-11T06:35:23+00:00","og_image":[{"width":2560,"height":1731,"url":"https:\/\/amberwithlove.lt\/wp-content\/uploads\/2022\/10\/IMG_5259-scaled.jpg","type":"image\/jpeg"}],"twitter_card":"summary_large_image","twitter_misc":{"Est. reading time":"1 minute"},"schema":{"@context":"https:\/\/schema.org","@graph":[{"@type":"WebPage","@id":"https:\/\/amberwithlove.lt\/en\/produktas\/multicolor-baltic-amber-bracelet-big-rounded-beads\/","url":"https:\/\/amberwithlove.lt\/en\/produktas\/multicolor-baltic-amber-bracelet-big-rounded-beads\/","name":"Multicolor Baltic amber bracelet, big rounded beads","isPartOf":{"@id":"https:\/\/amberwithlove.lt\/en\/#website"},"primaryImageOfPage":{"@id":"https:\/\/amberwithlove.lt\/en\/produktas\/multicolor-baltic-amber-bracelet-big-rounded-beads\/#primaryimage"},"image":{"@id":"https:\/\/amberwithlove.lt\/en\/produktas\/multicolor-baltic-amber-bracelet-big-rounded-beads\/#primaryimage"},"thumbnailUrl":"https:\/\/amberwithlove.lt\/wp-content\/uploads\/2022\/10\/IMG_5259-scaled.jpg","datePublished":"2022-10-11T06:24:23+00:00","dateModified":"2022-10-11T06:35:23+00:00","description":"Natural genuine Baltic amber adult bracelet, all amber pieces are perfect round sphere. Amazing black color. Amberwithlove","breadcrumb":{"@id":"https:\/\/amberwithlove.lt\/en\/produktas\/multicolor-baltic-amber-bracelet-big-rounded-beads\/#breadcrumb"},"inLanguage":"en-US","potentialAction":[{"@type":"ReadAction","target":["https:\/\/amberwithlove.lt\/en\/produktas\/multicolor-baltic-amber-bracelet-big-rounded-beads\/"]}]},{"@type":"ImageObject","inLanguage":"en-US","@id":"https:\/\/amberwithlove.lt\/en\/produktas\/multicolor-baltic-amber-bracelet-big-rounded-beads\/#primaryimage","url":"https:\/\/amberwithlove.lt\/wp-content\/uploads\/2022\/10\/IMG_5259-scaled.jpg","contentUrl":"https:\/\/amberwithlove.lt\/wp-content\/uploads\/2022\/10\/IMG_5259-scaled.jpg","width":2560,"height":1731},{"@type":"BreadcrumbList","@id":"https:\/\/amberwithlove.lt\/en\/produktas\/multicolor-baltic-amber-bracelet-big-rounded-beads\/#breadcrumb","itemListElement":[{"@type":"ListItem","position":1,"name":"Home","item":"https:\/\/amberwithlove.lt\/en\/"},{"@type":"ListItem","position":2,"name":"Shop","item":"https:\/\/amberwithlove.lt\/en\/shop\/"},{"@type":"ListItem","position":3,"name":"Multicolor Baltic amber bracelet, big rounded beads"}]},{"@type":"WebSite","@id":"https:\/\/amberwithlove.lt\/en\/#website","url":"https:\/\/amberwithlove.lt\/en\/","name":"Amberwithlove","description":"Si\u016blome didel\u012f gintaro juvelyrini\u0173 gamini\u0173, suvenyr\u0173, verslo dovan\u0173 pasirinkim\u0105.","potentialAction":[{"@type":"SearchAction","target":{"@type":"EntryPoint","urlTemplate":"https:\/\/amberwithlove.lt\/en\/?s={search_term_string}"},"query-input":{"@type":"PropertyValueSpecification","valueRequired":true,"valueName":"search_term_string"}}],"inLanguage":"en-US"}]}},"_links":{"self":[{"href":"https:\/\/amberwithlove.lt\/en\/wp-json\/wp\/v2\/product\/21398","targetHints":{"allow":["GET"]}}],"collection":[{"href":"https:\/\/amberwithlove.lt\/en\/wp-json\/wp\/v2\/product"}],"about":[{"href":"https:\/\/amberwithlove.lt\/en\/wp-json\/wp\/v2\/types\/product"}],"wp:featuredmedia":[{"embeddable":true,"href":"https:\/\/amberwithlove.lt\/en\/wp-json\/wp\/v2\/media\/21400"}],"wp:attachment":[{"href":"https:\/\/amberwithlove.lt\/en\/wp-json\/wp\/v2\/media?parent=21398"}],"wp:term":[{"taxonomy":"product_brand","embeddable":true,"href":"https:\/\/amberwithlove.lt\/en\/wp-json\/wp\/v2\/product_brand?post=21398"},{"taxonomy":"product_cat","embeddable":true,"href":"https:\/\/amberwithlove.lt\/en\/wp-json\/wp\/v2\/product_cat?post=21398"},{"taxonomy":"product_tag","embeddable":true,"href":"https:\/\/amberwithlove.lt\/en\/wp-json\/wp\/v2\/product_tag?post=21398"}],"curies":[{"name":"wp","href":"https:\/\/api.w.org\/{rel}","templated":true}]}}