{"id":18987,"date":"2022-01-30T08:01:15","date_gmt":"2022-01-30T10:01:15","guid":{"rendered":"https:\/\/amberwithlove.lt\/?post_type=product&#038;p=18987"},"modified":"2022-01-30T08:19:39","modified_gmt":"2022-01-30T10:19:39","slug":"black-baltic-amber-bracelet-3","status":"publish","type":"product","link":"https:\/\/amberwithlove.lt\/en\/produktas\/black-baltic-amber-bracelet-3\/","title":{"rendered":"Black Baltic amber bracelet"},"content":{"rendered":"<h5>Natural genuine Baltic amber adult bracelet, bracelet is black color.Perfect round sphere beads 11mm.<\/h5>\n<h5>Bracelet weight: 12,77 grams.<\/h5>\n<h5>Bracelet length: ~19 centimeters.<\/h5>\n<h5>Bracelet comes nicely packed in box with Certificate of Authenticity.<\/h5>\n<h5><\/h5>\n","protected":false},"excerpt":{"rendered":"<p>Natural genuine Baltic amber adult bracelet, bracelet is black color.Perfect round sphere beads 11mm. Bracelet weight: 12,77 grams. Bracelet length:<\/p>\n","protected":false},"featured_media":18989,"template":"","meta":[],"product_brand":[],"product_cat":[72,74],"product_tag":[],"class_list":{"0":"post-18987","1":"product","2":"type-product","3":"status-publish","4":"has-post-thumbnail","6":"product_cat-all-products","7":"product_cat-bracelets","9":"first","10":"instock","11":"shipping-taxable","12":"purchasable","13":"product-type-simple"},"yoast_head":"<!-- This site is optimized with the Yoast SEO plugin v27.1.1 - https:\/\/yoast.com\/product\/yoast-seo-wordpress\/ -->\n<title>Black Baltic amber bracelet - Perfect round sphere beads 11mm.<\/title>\n<meta name=\"description\" content=\"Natural genuine Baltic amber adult bracelet, all amber pieces are perfect round sphere. Amazing black color. . Amberwithlove\" \/>\n<meta name=\"robots\" content=\"index, follow, max-snippet:-1, max-image-preview:large, max-video-preview:-1\" \/>\n<link rel=\"canonical\" href=\"https:\/\/amberwithlove.lt\/en\/produktas\/black-baltic-amber-bracelet-3\/\" \/>\n<meta property=\"og:locale\" content=\"en_US\" \/>\n<meta property=\"og:type\" content=\"article\" \/>\n<meta property=\"og:title\" content=\"Black Baltic amber bracelet - Perfect round sphere beads 11mm.\" \/>\n<meta property=\"og:description\" content=\"Natural genuine Baltic amber adult bracelet, all amber pieces are perfect round sphere. Amazing black color. . Amberwithlove\" \/>\n<meta property=\"og:url\" content=\"https:\/\/amberwithlove.lt\/en\/produktas\/black-baltic-amber-bracelet-3\/\" \/>\n<meta property=\"og:site_name\" content=\"Amberwithlove\" \/>\n<meta property=\"article:modified_time\" content=\"2022-01-30T10:19:39+00:00\" \/>\n<meta property=\"og:image\" content=\"https:\/\/amberwithlove.lt\/wp-content\/uploads\/2022\/01\/IMG_2823-scaled.jpg\" \/>\n\t<meta property=\"og:image:width\" content=\"2560\" \/>\n\t<meta property=\"og:image:height\" content=\"1707\" \/>\n\t<meta property=\"og:image:type\" content=\"image\/jpeg\" \/>\n<meta name=\"twitter:card\" content=\"summary_large_image\" \/>\n<meta name=\"twitter:label1\" content=\"Est. reading time\" \/>\n\t<meta name=\"twitter:data1\" content=\"1 minute\" \/>\n<script type=\"application\/ld+json\" class=\"yoast-schema-graph\">{\"@context\":\"https:\/\/schema.org\",\"@graph\":[{\"@type\":\"WebPage\",\"@id\":\"https:\/\/amberwithlove.lt\/en\/produktas\/black-baltic-amber-bracelet-3\/\",\"url\":\"https:\/\/amberwithlove.lt\/en\/produktas\/black-baltic-amber-bracelet-3\/\",\"name\":\"Black Baltic amber bracelet - Perfect round sphere beads 11mm.\",\"isPartOf\":{\"@id\":\"https:\/\/amberwithlove.lt\/en\/#website\"},\"primaryImageOfPage\":{\"@id\":\"https:\/\/amberwithlove.lt\/en\/produktas\/black-baltic-amber-bracelet-3\/#primaryimage\"},\"image\":{\"@id\":\"https:\/\/amberwithlove.lt\/en\/produktas\/black-baltic-amber-bracelet-3\/#primaryimage\"},\"thumbnailUrl\":\"https:\/\/amberwithlove.lt\/wp-content\/uploads\/2022\/01\/IMG_2823-scaled.jpg\",\"datePublished\":\"2022-01-30T10:01:15+00:00\",\"dateModified\":\"2022-01-30T10:19:39+00:00\",\"description\":\"Natural genuine Baltic amber adult bracelet, all amber pieces are perfect round sphere. Amazing black color. . Amberwithlove\",\"breadcrumb\":{\"@id\":\"https:\/\/amberwithlove.lt\/en\/produktas\/black-baltic-amber-bracelet-3\/#breadcrumb\"},\"inLanguage\":\"en-US\",\"potentialAction\":[{\"@type\":\"ReadAction\",\"target\":[\"https:\/\/amberwithlove.lt\/en\/produktas\/black-baltic-amber-bracelet-3\/\"]}]},{\"@type\":\"ImageObject\",\"inLanguage\":\"en-US\",\"@id\":\"https:\/\/amberwithlove.lt\/en\/produktas\/black-baltic-amber-bracelet-3\/#primaryimage\",\"url\":\"https:\/\/amberwithlove.lt\/wp-content\/uploads\/2022\/01\/IMG_2823-scaled.jpg\",\"contentUrl\":\"https:\/\/amberwithlove.lt\/wp-content\/uploads\/2022\/01\/IMG_2823-scaled.jpg\",\"width\":2560,\"height\":1707},{\"@type\":\"BreadcrumbList\",\"@id\":\"https:\/\/amberwithlove.lt\/en\/produktas\/black-baltic-amber-bracelet-3\/#breadcrumb\",\"itemListElement\":[{\"@type\":\"ListItem\",\"position\":1,\"name\":\"Home\",\"item\":\"https:\/\/amberwithlove.lt\/en\/\"},{\"@type\":\"ListItem\",\"position\":2,\"name\":\"Shop\",\"item\":\"https:\/\/amberwithlove.lt\/en\/shop\/\"},{\"@type\":\"ListItem\",\"position\":3,\"name\":\"Black Baltic amber bracelet\"}]},{\"@type\":\"WebSite\",\"@id\":\"https:\/\/amberwithlove.lt\/en\/#website\",\"url\":\"https:\/\/amberwithlove.lt\/en\/\",\"name\":\"Amberwithlove\",\"description\":\"Si\u016blome didel\u012f gintaro juvelyrini\u0173 gamini\u0173, suvenyr\u0173, verslo dovan\u0173 pasirinkim\u0105.\",\"potentialAction\":[{\"@type\":\"SearchAction\",\"target\":{\"@type\":\"EntryPoint\",\"urlTemplate\":\"https:\/\/amberwithlove.lt\/en\/?s={search_term_string}\"},\"query-input\":{\"@type\":\"PropertyValueSpecification\",\"valueRequired\":true,\"valueName\":\"search_term_string\"}}],\"inLanguage\":\"en-US\"}]}<\/script>\n<!-- \/ Yoast SEO plugin. -->","yoast_head_json":{"title":"Black Baltic amber bracelet - Perfect round sphere beads 11mm.","description":"Natural genuine Baltic amber adult bracelet, all amber pieces are perfect round sphere. Amazing black color. . Amberwithlove","robots":{"index":"index","follow":"follow","max-snippet":"max-snippet:-1","max-image-preview":"max-image-preview:large","max-video-preview":"max-video-preview:-1"},"canonical":"https:\/\/amberwithlove.lt\/en\/produktas\/black-baltic-amber-bracelet-3\/","og_locale":"en_US","og_type":"article","og_title":"Black Baltic amber bracelet - Perfect round sphere beads 11mm.","og_description":"Natural genuine Baltic amber adult bracelet, all amber pieces are perfect round sphere. Amazing black color. . Amberwithlove","og_url":"https:\/\/amberwithlove.lt\/en\/produktas\/black-baltic-amber-bracelet-3\/","og_site_name":"Amberwithlove","article_modified_time":"2022-01-30T10:19:39+00:00","og_image":[{"width":2560,"height":1707,"url":"https:\/\/amberwithlove.lt\/wp-content\/uploads\/2022\/01\/IMG_2823-scaled.jpg","type":"image\/jpeg"}],"twitter_card":"summary_large_image","twitter_misc":{"Est. reading time":"1 minute"},"schema":{"@context":"https:\/\/schema.org","@graph":[{"@type":"WebPage","@id":"https:\/\/amberwithlove.lt\/en\/produktas\/black-baltic-amber-bracelet-3\/","url":"https:\/\/amberwithlove.lt\/en\/produktas\/black-baltic-amber-bracelet-3\/","name":"Black Baltic amber bracelet - Perfect round sphere beads 11mm.","isPartOf":{"@id":"https:\/\/amberwithlove.lt\/en\/#website"},"primaryImageOfPage":{"@id":"https:\/\/amberwithlove.lt\/en\/produktas\/black-baltic-amber-bracelet-3\/#primaryimage"},"image":{"@id":"https:\/\/amberwithlove.lt\/en\/produktas\/black-baltic-amber-bracelet-3\/#primaryimage"},"thumbnailUrl":"https:\/\/amberwithlove.lt\/wp-content\/uploads\/2022\/01\/IMG_2823-scaled.jpg","datePublished":"2022-01-30T10:01:15+00:00","dateModified":"2022-01-30T10:19:39+00:00","description":"Natural genuine Baltic amber adult bracelet, all amber pieces are perfect round sphere. Amazing black color. . Amberwithlove","breadcrumb":{"@id":"https:\/\/amberwithlove.lt\/en\/produktas\/black-baltic-amber-bracelet-3\/#breadcrumb"},"inLanguage":"en-US","potentialAction":[{"@type":"ReadAction","target":["https:\/\/amberwithlove.lt\/en\/produktas\/black-baltic-amber-bracelet-3\/"]}]},{"@type":"ImageObject","inLanguage":"en-US","@id":"https:\/\/amberwithlove.lt\/en\/produktas\/black-baltic-amber-bracelet-3\/#primaryimage","url":"https:\/\/amberwithlove.lt\/wp-content\/uploads\/2022\/01\/IMG_2823-scaled.jpg","contentUrl":"https:\/\/amberwithlove.lt\/wp-content\/uploads\/2022\/01\/IMG_2823-scaled.jpg","width":2560,"height":1707},{"@type":"BreadcrumbList","@id":"https:\/\/amberwithlove.lt\/en\/produktas\/black-baltic-amber-bracelet-3\/#breadcrumb","itemListElement":[{"@type":"ListItem","position":1,"name":"Home","item":"https:\/\/amberwithlove.lt\/en\/"},{"@type":"ListItem","position":2,"name":"Shop","item":"https:\/\/amberwithlove.lt\/en\/shop\/"},{"@type":"ListItem","position":3,"name":"Black Baltic amber bracelet"}]},{"@type":"WebSite","@id":"https:\/\/amberwithlove.lt\/en\/#website","url":"https:\/\/amberwithlove.lt\/en\/","name":"Amberwithlove","description":"Si\u016blome didel\u012f gintaro juvelyrini\u0173 gamini\u0173, suvenyr\u0173, verslo dovan\u0173 pasirinkim\u0105.","potentialAction":[{"@type":"SearchAction","target":{"@type":"EntryPoint","urlTemplate":"https:\/\/amberwithlove.lt\/en\/?s={search_term_string}"},"query-input":{"@type":"PropertyValueSpecification","valueRequired":true,"valueName":"search_term_string"}}],"inLanguage":"en-US"}]}},"_links":{"self":[{"href":"https:\/\/amberwithlove.lt\/en\/wp-json\/wp\/v2\/product\/18987","targetHints":{"allow":["GET"]}}],"collection":[{"href":"https:\/\/amberwithlove.lt\/en\/wp-json\/wp\/v2\/product"}],"about":[{"href":"https:\/\/amberwithlove.lt\/en\/wp-json\/wp\/v2\/types\/product"}],"wp:featuredmedia":[{"embeddable":true,"href":"https:\/\/amberwithlove.lt\/en\/wp-json\/wp\/v2\/media\/18989"}],"wp:attachment":[{"href":"https:\/\/amberwithlove.lt\/en\/wp-json\/wp\/v2\/media?parent=18987"}],"wp:term":[{"taxonomy":"product_brand","embeddable":true,"href":"https:\/\/amberwithlove.lt\/en\/wp-json\/wp\/v2\/product_brand?post=18987"},{"taxonomy":"product_cat","embeddable":true,"href":"https:\/\/amberwithlove.lt\/en\/wp-json\/wp\/v2\/product_cat?post=18987"},{"taxonomy":"product_tag","embeddable":true,"href":"https:\/\/amberwithlove.lt\/en\/wp-json\/wp\/v2\/product_tag?post=18987"}],"curies":[{"name":"wp","href":"https:\/\/api.w.org\/{rel}","templated":true}]}}