{"id":18764,"date":"2022-01-18T06:30:07","date_gmt":"2022-01-18T08:30:07","guid":{"rendered":"https:\/\/amberwithlove.lt\/?post_type=product&#038;p=18764"},"modified":"2022-01-18T06:40:19","modified_gmt":"2022-01-18T08:40:19","slug":"silver-ring-with-amazing-big-amber-bubble","status":"publish","type":"product","link":"https:\/\/amberwithlove.lt\/en\/produktas\/silver-ring-with-amazing-big-amber-bubble\/","title":{"rendered":"Sterling Silver ring with amazing big amber bubble"},"content":{"rendered":"<ul>\n<li>\n<h5><span class=\"tojvnm2t a6sixzi8 abs2jz4q a8s20v7p t1p8iaqh k5wvi7nf q3lfd5jv pk4s997a bipmatt0 cebpdrjk qowsmv63 owwhemhu dp1hu0rb dhp61c6y iyyx5f41\">Ring is made of silver and natural Baltic amber, amazing rare color perfect round sphere bead.<br \/>\n<\/span><\/h5>\n<\/li>\n<li>\n<h5>Metal: 925 sterling silver.<\/h5>\n<\/li>\n<li>\n<h5><span class=\"tojvnm2t a6sixzi8 abs2jz4q a8s20v7p t1p8iaqh k5wvi7nf q3lfd5jv pk4s997a bipmatt0 cebpdrjk qowsmv63 owwhemhu dp1hu0rb dhp61c6y iyyx5f41\"><span class=\"VIiyi\" lang=\"en\"><span class=\"JLqJ4b ChMk0b\" data-language-for-alternatives=\"en\" data-language-to-translate-into=\"lt\" data-phrase-index=\"0\">Ring weight<\/span><\/span>: 3,23 grams <\/span><\/h5>\n<\/li>\n<li>\n<h5><span class=\"tojvnm2t a6sixzi8 abs2jz4q a8s20v7p t1p8iaqh k5wvi7nf q3lfd5jv pk4s997a bipmatt0 cebpdrjk qowsmv63 owwhemhu dp1hu0rb dhp61c6y iyyx5f41\">Size: ~17,5 &#8211; 18,5 \/ US 7,5 . 8<br \/>\n<\/span><\/h5>\n<\/li>\n<li>\n<h5>Ring comes nicely packed in box with Certificate of Authenticity.<\/h5>\n<\/li>\n<\/ul>\n<p>&nbsp;<\/p>\n","protected":false},"excerpt":{"rendered":"<p>Ring is made of silver and natural Baltic amber, amazing rare color perfect round sphere bead. Metal: 925 sterling silver.<\/p>\n","protected":false},"featured_media":18766,"template":"","meta":[],"product_brand":[],"product_cat":[72,91],"product_tag":[],"class_list":{"0":"post-18764","1":"product","2":"type-product","3":"status-publish","4":"has-post-thumbnail","6":"product_cat-all-products","7":"product_cat-rings","9":"first","10":"instock","11":"shipping-taxable","12":"purchasable","13":"product-type-simple"},"yoast_head":"<!-- This site is optimized with the Yoast SEO plugin v27.1.1 - https:\/\/yoast.com\/product\/yoast-seo-wordpress\/ -->\n<title>Sterling Silver ring with amazing big amber bubble - Amberwithlove<\/title>\n<meta name=\"description\" content=\"Sterling Silver ring with amazing big amber bubble. Ring is made from natural Baltic amber. Amberwithlove Sterling Silver ring with amazing big amber bubble\" \/>\n<meta name=\"robots\" content=\"index, follow, max-snippet:-1, max-image-preview:large, max-video-preview:-1\" \/>\n<link rel=\"canonical\" href=\"https:\/\/amberwithlove.lt\/en\/produktas\/silver-ring-with-amazing-big-amber-bubble\/\" \/>\n<meta property=\"og:locale\" content=\"en_US\" \/>\n<meta property=\"og:type\" content=\"article\" \/>\n<meta property=\"og:title\" content=\"Sterling Silver ring with amazing big amber bubble - Amberwithlove\" \/>\n<meta property=\"og:description\" content=\"Sterling Silver ring with amazing big amber bubble. Ring is made from natural Baltic amber. Amberwithlove Sterling Silver ring with amazing big amber bubble\" \/>\n<meta property=\"og:url\" content=\"https:\/\/amberwithlove.lt\/en\/produktas\/silver-ring-with-amazing-big-amber-bubble\/\" \/>\n<meta property=\"og:site_name\" content=\"Amberwithlove\" \/>\n<meta property=\"article:modified_time\" content=\"2022-01-18T08:40:19+00:00\" \/>\n<meta property=\"og:image\" content=\"https:\/\/amberwithlove.lt\/wp-content\/uploads\/2022\/01\/IMG_2475-scaled.jpg\" \/>\n\t<meta property=\"og:image:width\" content=\"2560\" \/>\n\t<meta property=\"og:image:height\" content=\"1606\" \/>\n\t<meta property=\"og:image:type\" content=\"image\/jpeg\" \/>\n<meta name=\"twitter:card\" content=\"summary_large_image\" \/>\n<meta name=\"twitter:label1\" content=\"Est. reading time\" \/>\n\t<meta name=\"twitter:data1\" content=\"1 minute\" \/>\n<script type=\"application\/ld+json\" class=\"yoast-schema-graph\">{\"@context\":\"https:\/\/schema.org\",\"@graph\":[{\"@type\":\"WebPage\",\"@id\":\"https:\/\/amberwithlove.lt\/en\/produktas\/silver-ring-with-amazing-big-amber-bubble\/\",\"url\":\"https:\/\/amberwithlove.lt\/en\/produktas\/silver-ring-with-amazing-big-amber-bubble\/\",\"name\":\"Sterling Silver ring with amazing big amber bubble - Amberwithlove\",\"isPartOf\":{\"@id\":\"https:\/\/amberwithlove.lt\/en\/#website\"},\"primaryImageOfPage\":{\"@id\":\"https:\/\/amberwithlove.lt\/en\/produktas\/silver-ring-with-amazing-big-amber-bubble\/#primaryimage\"},\"image\":{\"@id\":\"https:\/\/amberwithlove.lt\/en\/produktas\/silver-ring-with-amazing-big-amber-bubble\/#primaryimage\"},\"thumbnailUrl\":\"https:\/\/amberwithlove.lt\/wp-content\/uploads\/2022\/01\/IMG_2475-scaled.jpg\",\"datePublished\":\"2022-01-18T08:30:07+00:00\",\"dateModified\":\"2022-01-18T08:40:19+00:00\",\"description\":\"Sterling Silver ring with amazing big amber bubble. Ring is made from natural Baltic amber. Amberwithlove Sterling Silver ring with amazing big amber bubble\",\"breadcrumb\":{\"@id\":\"https:\/\/amberwithlove.lt\/en\/produktas\/silver-ring-with-amazing-big-amber-bubble\/#breadcrumb\"},\"inLanguage\":\"en-US\",\"potentialAction\":[{\"@type\":\"ReadAction\",\"target\":[\"https:\/\/amberwithlove.lt\/en\/produktas\/silver-ring-with-amazing-big-amber-bubble\/\"]}]},{\"@type\":\"ImageObject\",\"inLanguage\":\"en-US\",\"@id\":\"https:\/\/amberwithlove.lt\/en\/produktas\/silver-ring-with-amazing-big-amber-bubble\/#primaryimage\",\"url\":\"https:\/\/amberwithlove.lt\/wp-content\/uploads\/2022\/01\/IMG_2475-scaled.jpg\",\"contentUrl\":\"https:\/\/amberwithlove.lt\/wp-content\/uploads\/2022\/01\/IMG_2475-scaled.jpg\",\"width\":2560,\"height\":1606},{\"@type\":\"BreadcrumbList\",\"@id\":\"https:\/\/amberwithlove.lt\/en\/produktas\/silver-ring-with-amazing-big-amber-bubble\/#breadcrumb\",\"itemListElement\":[{\"@type\":\"ListItem\",\"position\":1,\"name\":\"Home\",\"item\":\"https:\/\/amberwithlove.lt\/en\/\"},{\"@type\":\"ListItem\",\"position\":2,\"name\":\"Shop\",\"item\":\"https:\/\/amberwithlove.lt\/en\/shop\/\"},{\"@type\":\"ListItem\",\"position\":3,\"name\":\"Sterling Silver ring with amazing big amber bubble\"}]},{\"@type\":\"WebSite\",\"@id\":\"https:\/\/amberwithlove.lt\/en\/#website\",\"url\":\"https:\/\/amberwithlove.lt\/en\/\",\"name\":\"Amberwithlove\",\"description\":\"Si\u016blome didel\u012f gintaro juvelyrini\u0173 gamini\u0173, suvenyr\u0173, verslo dovan\u0173 pasirinkim\u0105.\",\"potentialAction\":[{\"@type\":\"SearchAction\",\"target\":{\"@type\":\"EntryPoint\",\"urlTemplate\":\"https:\/\/amberwithlove.lt\/en\/?s={search_term_string}\"},\"query-input\":{\"@type\":\"PropertyValueSpecification\",\"valueRequired\":true,\"valueName\":\"search_term_string\"}}],\"inLanguage\":\"en-US\"}]}<\/script>\n<!-- \/ Yoast SEO plugin. -->","yoast_head_json":{"title":"Sterling Silver ring with amazing big amber bubble - Amberwithlove","description":"Sterling Silver ring with amazing big amber bubble. Ring is made from natural Baltic amber. Amberwithlove Sterling Silver ring with amazing big amber bubble","robots":{"index":"index","follow":"follow","max-snippet":"max-snippet:-1","max-image-preview":"max-image-preview:large","max-video-preview":"max-video-preview:-1"},"canonical":"https:\/\/amberwithlove.lt\/en\/produktas\/silver-ring-with-amazing-big-amber-bubble\/","og_locale":"en_US","og_type":"article","og_title":"Sterling Silver ring with amazing big amber bubble - Amberwithlove","og_description":"Sterling Silver ring with amazing big amber bubble. Ring is made from natural Baltic amber. Amberwithlove Sterling Silver ring with amazing big amber bubble","og_url":"https:\/\/amberwithlove.lt\/en\/produktas\/silver-ring-with-amazing-big-amber-bubble\/","og_site_name":"Amberwithlove","article_modified_time":"2022-01-18T08:40:19+00:00","og_image":[{"width":2560,"height":1606,"url":"https:\/\/amberwithlove.lt\/wp-content\/uploads\/2022\/01\/IMG_2475-scaled.jpg","type":"image\/jpeg"}],"twitter_card":"summary_large_image","twitter_misc":{"Est. reading time":"1 minute"},"schema":{"@context":"https:\/\/schema.org","@graph":[{"@type":"WebPage","@id":"https:\/\/amberwithlove.lt\/en\/produktas\/silver-ring-with-amazing-big-amber-bubble\/","url":"https:\/\/amberwithlove.lt\/en\/produktas\/silver-ring-with-amazing-big-amber-bubble\/","name":"Sterling Silver ring with amazing big amber bubble - Amberwithlove","isPartOf":{"@id":"https:\/\/amberwithlove.lt\/en\/#website"},"primaryImageOfPage":{"@id":"https:\/\/amberwithlove.lt\/en\/produktas\/silver-ring-with-amazing-big-amber-bubble\/#primaryimage"},"image":{"@id":"https:\/\/amberwithlove.lt\/en\/produktas\/silver-ring-with-amazing-big-amber-bubble\/#primaryimage"},"thumbnailUrl":"https:\/\/amberwithlove.lt\/wp-content\/uploads\/2022\/01\/IMG_2475-scaled.jpg","datePublished":"2022-01-18T08:30:07+00:00","dateModified":"2022-01-18T08:40:19+00:00","description":"Sterling Silver ring with amazing big amber bubble. Ring is made from natural Baltic amber. Amberwithlove Sterling Silver ring with amazing big amber bubble","breadcrumb":{"@id":"https:\/\/amberwithlove.lt\/en\/produktas\/silver-ring-with-amazing-big-amber-bubble\/#breadcrumb"},"inLanguage":"en-US","potentialAction":[{"@type":"ReadAction","target":["https:\/\/amberwithlove.lt\/en\/produktas\/silver-ring-with-amazing-big-amber-bubble\/"]}]},{"@type":"ImageObject","inLanguage":"en-US","@id":"https:\/\/amberwithlove.lt\/en\/produktas\/silver-ring-with-amazing-big-amber-bubble\/#primaryimage","url":"https:\/\/amberwithlove.lt\/wp-content\/uploads\/2022\/01\/IMG_2475-scaled.jpg","contentUrl":"https:\/\/amberwithlove.lt\/wp-content\/uploads\/2022\/01\/IMG_2475-scaled.jpg","width":2560,"height":1606},{"@type":"BreadcrumbList","@id":"https:\/\/amberwithlove.lt\/en\/produktas\/silver-ring-with-amazing-big-amber-bubble\/#breadcrumb","itemListElement":[{"@type":"ListItem","position":1,"name":"Home","item":"https:\/\/amberwithlove.lt\/en\/"},{"@type":"ListItem","position":2,"name":"Shop","item":"https:\/\/amberwithlove.lt\/en\/shop\/"},{"@type":"ListItem","position":3,"name":"Sterling Silver ring with amazing big amber bubble"}]},{"@type":"WebSite","@id":"https:\/\/amberwithlove.lt\/en\/#website","url":"https:\/\/amberwithlove.lt\/en\/","name":"Amberwithlove","description":"Si\u016blome didel\u012f gintaro juvelyrini\u0173 gamini\u0173, suvenyr\u0173, verslo dovan\u0173 pasirinkim\u0105.","potentialAction":[{"@type":"SearchAction","target":{"@type":"EntryPoint","urlTemplate":"https:\/\/amberwithlove.lt\/en\/?s={search_term_string}"},"query-input":{"@type":"PropertyValueSpecification","valueRequired":true,"valueName":"search_term_string"}}],"inLanguage":"en-US"}]}},"_links":{"self":[{"href":"https:\/\/amberwithlove.lt\/en\/wp-json\/wp\/v2\/product\/18764","targetHints":{"allow":["GET"]}}],"collection":[{"href":"https:\/\/amberwithlove.lt\/en\/wp-json\/wp\/v2\/product"}],"about":[{"href":"https:\/\/amberwithlove.lt\/en\/wp-json\/wp\/v2\/types\/product"}],"wp:featuredmedia":[{"embeddable":true,"href":"https:\/\/amberwithlove.lt\/en\/wp-json\/wp\/v2\/media\/18766"}],"wp:attachment":[{"href":"https:\/\/amberwithlove.lt\/en\/wp-json\/wp\/v2\/media?parent=18764"}],"wp:term":[{"taxonomy":"product_brand","embeddable":true,"href":"https:\/\/amberwithlove.lt\/en\/wp-json\/wp\/v2\/product_brand?post=18764"},{"taxonomy":"product_cat","embeddable":true,"href":"https:\/\/amberwithlove.lt\/en\/wp-json\/wp\/v2\/product_cat?post=18764"},{"taxonomy":"product_tag","embeddable":true,"href":"https:\/\/amberwithlove.lt\/en\/wp-json\/wp\/v2\/product_tag?post=18764"}],"curies":[{"name":"wp","href":"https:\/\/api.w.org\/{rel}","templated":true}]}}