{"id":18132,"date":"2021-12-01T08:32:13","date_gmt":"2021-12-01T10:32:14","guid":{"rendered":"https:\/\/amberwithlove.lt\/?post_type=product&#038;p=18132"},"modified":"2024-07-11T18:55:34","modified_gmt":"2024-07-11T20:55:34","slug":"amber-children-teenager-necklace-clear-color-longer","status":"publish","type":"product","link":"https:\/\/amberwithlove.lt\/en\/produktas\/amber-children-teenager-necklace-clear-color-longer\/","title":{"rendered":"Amber children &#8211; teenager necklace clear color (longer)"},"content":{"rendered":"<h3>Necklace comes nicely packed in box with Certificate of Authenticity.<\/h3>\n<h4>Children\u2019s amber necklaces and bracelets \u2013 \u201cLithuanian Gold\u201d. And are not only suitable for wearing as jewellery, but also have healing properties. Our children\u2019s amber beads have excellent therapeutic effects: relieve pain, improve blood circulation, calm the nervous system, have an anti-inflammatory effect.<\/h4>\n","protected":false},"excerpt":{"rendered":"<h5>Necklace length: 36-39 centimeters.<\/h5>\n<h5>Necklace weight: 4,5 &#8211; 6 grams.<\/h5>\n<h5>Color:\u00a0 clear, honey.<\/h5>\n","protected":false},"featured_media":18138,"template":"","meta":[],"product_brand":[],"product_cat":[72,88,89],"product_tag":[],"class_list":{"0":"post-18132","1":"product","2":"type-product","3":"status-publish","4":"has-post-thumbnail","6":"product_cat-all-products","7":"product_cat-childrens-jewelry","8":"product_cat-childrens-necklace","10":"first","11":"outofstock","12":"shipping-taxable","13":"purchasable","14":"product-type-simple"},"yoast_head":"<!-- This site is optimized with the Yoast SEO plugin v27.1.1 - https:\/\/yoast.com\/product\/yoast-seo-wordpress\/ -->\n<title>Amber children - teenager necklace clear color (longer) - Amberwithlove<\/title>\n<meta name=\"description\" content=\"Children\u2019s amber necklaces and bracelets \u2013 \u201cLithuanian Gold\u201d \u2013 are not only suitable for wearing as jewellery, also have healing properties.\" \/>\n<meta name=\"robots\" content=\"index, follow, max-snippet:-1, max-image-preview:large, max-video-preview:-1\" \/>\n<link rel=\"canonical\" href=\"https:\/\/amberwithlove.lt\/en\/produktas\/amber-children-teenager-necklace-clear-color-longer\/\" \/>\n<meta property=\"og:locale\" content=\"en_US\" \/>\n<meta property=\"og:type\" content=\"article\" \/>\n<meta property=\"og:title\" content=\"Amber children - teenager necklace clear color (longer) - Amberwithlove\" \/>\n<meta property=\"og:description\" content=\"Children\u2019s amber necklaces and bracelets \u2013 \u201cLithuanian Gold\u201d \u2013 are not only suitable for wearing as jewellery, also have healing properties.\" \/>\n<meta property=\"og:url\" content=\"https:\/\/amberwithlove.lt\/en\/produktas\/amber-children-teenager-necklace-clear-color-longer\/\" \/>\n<meta property=\"og:site_name\" content=\"Amberwithlove\" \/>\n<meta property=\"article:modified_time\" content=\"2024-07-11T20:55:34+00:00\" \/>\n<meta property=\"og:image\" content=\"https:\/\/amberwithlove.lt\/wp-content\/uploads\/2021\/12\/IMG_0843-scaled.jpg\" \/>\n\t<meta property=\"og:image:width\" content=\"2560\" \/>\n\t<meta property=\"og:image:height\" content=\"1569\" \/>\n\t<meta property=\"og:image:type\" content=\"image\/jpeg\" \/>\n<meta name=\"twitter:card\" content=\"summary_large_image\" \/>\n<meta name=\"twitter:label1\" content=\"Est. reading time\" \/>\n\t<meta name=\"twitter:data1\" content=\"1 minute\" \/>\n<script type=\"application\/ld+json\" class=\"yoast-schema-graph\">{\"@context\":\"https:\/\/schema.org\",\"@graph\":[{\"@type\":\"WebPage\",\"@id\":\"https:\/\/amberwithlove.lt\/en\/produktas\/amber-children-teenager-necklace-clear-color-longer\/\",\"url\":\"https:\/\/amberwithlove.lt\/en\/produktas\/amber-children-teenager-necklace-clear-color-longer\/\",\"name\":\"Amber children - teenager necklace clear color (longer) - Amberwithlove\",\"isPartOf\":{\"@id\":\"https:\/\/amberwithlove.lt\/en\/#website\"},\"primaryImageOfPage\":{\"@id\":\"https:\/\/amberwithlove.lt\/en\/produktas\/amber-children-teenager-necklace-clear-color-longer\/#primaryimage\"},\"image\":{\"@id\":\"https:\/\/amberwithlove.lt\/en\/produktas\/amber-children-teenager-necklace-clear-color-longer\/#primaryimage\"},\"thumbnailUrl\":\"https:\/\/amberwithlove.lt\/wp-content\/uploads\/2021\/12\/IMG_0843-scaled.jpg\",\"datePublished\":\"2021-12-01T10:32:14+00:00\",\"dateModified\":\"2024-07-11T20:55:34+00:00\",\"description\":\"Children\u2019s amber necklaces and bracelets \u2013 \u201cLithuanian Gold\u201d \u2013 are not only suitable for wearing as jewellery, also have healing properties.\",\"breadcrumb\":{\"@id\":\"https:\/\/amberwithlove.lt\/en\/produktas\/amber-children-teenager-necklace-clear-color-longer\/#breadcrumb\"},\"inLanguage\":\"en-US\",\"potentialAction\":[{\"@type\":\"ReadAction\",\"target\":[\"https:\/\/amberwithlove.lt\/en\/produktas\/amber-children-teenager-necklace-clear-color-longer\/\"]}]},{\"@type\":\"ImageObject\",\"inLanguage\":\"en-US\",\"@id\":\"https:\/\/amberwithlove.lt\/en\/produktas\/amber-children-teenager-necklace-clear-color-longer\/#primaryimage\",\"url\":\"https:\/\/amberwithlove.lt\/wp-content\/uploads\/2021\/12\/IMG_0843-scaled.jpg\",\"contentUrl\":\"https:\/\/amberwithlove.lt\/wp-content\/uploads\/2021\/12\/IMG_0843-scaled.jpg\",\"width\":2560,\"height\":1569,\"caption\":\"Gintariniai paaugli\u0161ki karoliai\"},{\"@type\":\"BreadcrumbList\",\"@id\":\"https:\/\/amberwithlove.lt\/en\/produktas\/amber-children-teenager-necklace-clear-color-longer\/#breadcrumb\",\"itemListElement\":[{\"@type\":\"ListItem\",\"position\":1,\"name\":\"Home\",\"item\":\"https:\/\/amberwithlove.lt\/en\/\"},{\"@type\":\"ListItem\",\"position\":2,\"name\":\"Shop\",\"item\":\"https:\/\/amberwithlove.lt\/en\/shop\/\"},{\"@type\":\"ListItem\",\"position\":3,\"name\":\"Amber children &#8211; teenager necklace clear color (longer)\"}]},{\"@type\":\"WebSite\",\"@id\":\"https:\/\/amberwithlove.lt\/en\/#website\",\"url\":\"https:\/\/amberwithlove.lt\/en\/\",\"name\":\"Amberwithlove\",\"description\":\"Si\u016blome didel\u012f gintaro juvelyrini\u0173 gamini\u0173, suvenyr\u0173, verslo dovan\u0173 pasirinkim\u0105.\",\"potentialAction\":[{\"@type\":\"SearchAction\",\"target\":{\"@type\":\"EntryPoint\",\"urlTemplate\":\"https:\/\/amberwithlove.lt\/en\/?s={search_term_string}\"},\"query-input\":{\"@type\":\"PropertyValueSpecification\",\"valueRequired\":true,\"valueName\":\"search_term_string\"}}],\"inLanguage\":\"en-US\"}]}<\/script>\n<!-- \/ Yoast SEO plugin. -->","yoast_head_json":{"title":"Amber children - teenager necklace clear color (longer) - Amberwithlove","description":"Children\u2019s amber necklaces and bracelets \u2013 \u201cLithuanian Gold\u201d \u2013 are not only suitable for wearing as jewellery, also have healing properties.","robots":{"index":"index","follow":"follow","max-snippet":"max-snippet:-1","max-image-preview":"max-image-preview:large","max-video-preview":"max-video-preview:-1"},"canonical":"https:\/\/amberwithlove.lt\/en\/produktas\/amber-children-teenager-necklace-clear-color-longer\/","og_locale":"en_US","og_type":"article","og_title":"Amber children - teenager necklace clear color (longer) - Amberwithlove","og_description":"Children\u2019s amber necklaces and bracelets \u2013 \u201cLithuanian Gold\u201d \u2013 are not only suitable for wearing as jewellery, also have healing properties.","og_url":"https:\/\/amberwithlove.lt\/en\/produktas\/amber-children-teenager-necklace-clear-color-longer\/","og_site_name":"Amberwithlove","article_modified_time":"2024-07-11T20:55:34+00:00","og_image":[{"width":2560,"height":1569,"url":"https:\/\/amberwithlove.lt\/wp-content\/uploads\/2021\/12\/IMG_0843-scaled.jpg","type":"image\/jpeg"}],"twitter_card":"summary_large_image","twitter_misc":{"Est. reading time":"1 minute"},"schema":{"@context":"https:\/\/schema.org","@graph":[{"@type":"WebPage","@id":"https:\/\/amberwithlove.lt\/en\/produktas\/amber-children-teenager-necklace-clear-color-longer\/","url":"https:\/\/amberwithlove.lt\/en\/produktas\/amber-children-teenager-necklace-clear-color-longer\/","name":"Amber children - teenager necklace clear color (longer) - Amberwithlove","isPartOf":{"@id":"https:\/\/amberwithlove.lt\/en\/#website"},"primaryImageOfPage":{"@id":"https:\/\/amberwithlove.lt\/en\/produktas\/amber-children-teenager-necklace-clear-color-longer\/#primaryimage"},"image":{"@id":"https:\/\/amberwithlove.lt\/en\/produktas\/amber-children-teenager-necklace-clear-color-longer\/#primaryimage"},"thumbnailUrl":"https:\/\/amberwithlove.lt\/wp-content\/uploads\/2021\/12\/IMG_0843-scaled.jpg","datePublished":"2021-12-01T10:32:14+00:00","dateModified":"2024-07-11T20:55:34+00:00","description":"Children\u2019s amber necklaces and bracelets \u2013 \u201cLithuanian Gold\u201d \u2013 are not only suitable for wearing as jewellery, also have healing properties.","breadcrumb":{"@id":"https:\/\/amberwithlove.lt\/en\/produktas\/amber-children-teenager-necklace-clear-color-longer\/#breadcrumb"},"inLanguage":"en-US","potentialAction":[{"@type":"ReadAction","target":["https:\/\/amberwithlove.lt\/en\/produktas\/amber-children-teenager-necklace-clear-color-longer\/"]}]},{"@type":"ImageObject","inLanguage":"en-US","@id":"https:\/\/amberwithlove.lt\/en\/produktas\/amber-children-teenager-necklace-clear-color-longer\/#primaryimage","url":"https:\/\/amberwithlove.lt\/wp-content\/uploads\/2021\/12\/IMG_0843-scaled.jpg","contentUrl":"https:\/\/amberwithlove.lt\/wp-content\/uploads\/2021\/12\/IMG_0843-scaled.jpg","width":2560,"height":1569,"caption":"Gintariniai paaugli\u0161ki karoliai"},{"@type":"BreadcrumbList","@id":"https:\/\/amberwithlove.lt\/en\/produktas\/amber-children-teenager-necklace-clear-color-longer\/#breadcrumb","itemListElement":[{"@type":"ListItem","position":1,"name":"Home","item":"https:\/\/amberwithlove.lt\/en\/"},{"@type":"ListItem","position":2,"name":"Shop","item":"https:\/\/amberwithlove.lt\/en\/shop\/"},{"@type":"ListItem","position":3,"name":"Amber children &#8211; teenager necklace clear color (longer)"}]},{"@type":"WebSite","@id":"https:\/\/amberwithlove.lt\/en\/#website","url":"https:\/\/amberwithlove.lt\/en\/","name":"Amberwithlove","description":"Si\u016blome didel\u012f gintaro juvelyrini\u0173 gamini\u0173, suvenyr\u0173, verslo dovan\u0173 pasirinkim\u0105.","potentialAction":[{"@type":"SearchAction","target":{"@type":"EntryPoint","urlTemplate":"https:\/\/amberwithlove.lt\/en\/?s={search_term_string}"},"query-input":{"@type":"PropertyValueSpecification","valueRequired":true,"valueName":"search_term_string"}}],"inLanguage":"en-US"}]}},"_links":{"self":[{"href":"https:\/\/amberwithlove.lt\/en\/wp-json\/wp\/v2\/product\/18132","targetHints":{"allow":["GET"]}}],"collection":[{"href":"https:\/\/amberwithlove.lt\/en\/wp-json\/wp\/v2\/product"}],"about":[{"href":"https:\/\/amberwithlove.lt\/en\/wp-json\/wp\/v2\/types\/product"}],"wp:featuredmedia":[{"embeddable":true,"href":"https:\/\/amberwithlove.lt\/en\/wp-json\/wp\/v2\/media\/18138"}],"wp:attachment":[{"href":"https:\/\/amberwithlove.lt\/en\/wp-json\/wp\/v2\/media?parent=18132"}],"wp:term":[{"taxonomy":"product_brand","embeddable":true,"href":"https:\/\/amberwithlove.lt\/en\/wp-json\/wp\/v2\/product_brand?post=18132"},{"taxonomy":"product_cat","embeddable":true,"href":"https:\/\/amberwithlove.lt\/en\/wp-json\/wp\/v2\/product_cat?post=18132"},{"taxonomy":"product_tag","embeddable":true,"href":"https:\/\/amberwithlove.lt\/en\/wp-json\/wp\/v2\/product_tag?post=18132"}],"curies":[{"name":"wp","href":"https:\/\/api.w.org\/{rel}","templated":true}]}}