{"id":1432,"date":"2021-01-20T10:25:37","date_gmt":"2021-01-20T12:25:37","guid":{"rendered":"https:\/\/amberwithlove.lt\/apie-mus\/"},"modified":"2021-01-21T17:11:29","modified_gmt":"2021-01-21T19:11:29","slug":"about-us","status":"publish","type":"page","link":"https:\/\/amberwithlove.lt\/en\/about-us\/","title":{"rendered":"About us"},"content":{"rendered":"<div class=\"wpb-content-wrapper\"><p>[vc_section full_width=&#8221;stretch_row&#8221; woodmart_bg_position=&#8221;center-center&#8221; css=&#8221;.vc_custom_1535113901556{padding-top: 6vh !important;background-image: url(https:\/\/amberwithlove.lt\/wp-content\/uploads\/2021\/01\/vertical-line-bg-left.png) !important;background-position: 0 0 !important;background-repeat: repeat !important;}&#8221; el_class=&#8221;mobile-bg-img-hidden&#8221;][vc_row full_width=&#8221;stretch_row&#8221; content_placement=&#8221;middle&#8221; woodmart_bg_position=&#8221;center-top&#8221; row_reverse_mobile=&#8221;1&#8243; woodmart_disable_overflow=&#8221;1&#8243; css=&#8221;.vc_custom_1535113897484{margin-bottom: 4vh !important;background-image: url(https:\/\/amberwithlove.lt\/wp-content\/uploads\/2021\/01\/vertical-line-leftt-brown-bg.png) !important;background-position: 0 0 !important;background-repeat: no-repeat !important;}&#8221;][vc_column width=&#8221;1\/2&#8243; css=&#8221;.vc_custom_1535113912188{margin-right: -80px !important;margin-bottom: 4vh !important;margin-left: 15px !important;padding-top: 35px !important;padding-right: 50px !important;padding-bottom: 20px !important;padding-left: 50px !important;background-color: #ffffff !important;}&#8221; el_class=&#8221;z-index-10 reset-margin&#8221; offset=&#8221;vc_col-md-6&#8243;]\n\t\t<div id=\"wd-600821204aa0d\" class=\"title-wrapper wd-wpb wd-set-mb reset-last-child  wd-rs-600821204aa0d wd-title-color-default wd-title-style-default text-left vc_custom_1611145517651 wd-width-enabled wd-underline-colored\" style=\"--wd-max-width: 70%;\">\n\t\t\t\n\t\t\t<div class=\"liner-continer\">\n\t\t\t\t<h4 class=\"woodmart-title-container title  wd-font-weight-400 wd-fontsize-l\" >Apie mus:<\/h4>\n\t\t\t\t\t\t\t<\/div>\n\t\t\t\n\t\t\t\n\t\t\t\n\t\t<\/div>\n\t\t\n\t\t\t\t\t<div id=\"wd-6009c43f6dc21\" class=\"wd-text-block-wrapper wd-wpb wd-rs-6009c43f6dc21 color-scheme- text-left wd-width-enabled vc_custom_1611252806448\" style=\"--wd-max-width: 90%;\">\n\t\t\t\t<div class=\"woodmart-title-container woodmart-text-block reset-last-child font-text wd-font-weight- \">\n\t\t\t\t\tAmber with love &#8211; is a business company of a young family of folk artists. The amber business travels from generation to generation. Our family has been working for almost 10 years; before that, the older generation worked, from which we received the love for amber as a legacy. We are perfectionists and maximalists, so we especially appreciate the high quality of the materials used and thoroughness in the production process. Efforts are made to constantly improve, to maintain a balance between modern innovations and old traditions of amber production, to experiment with forms and styles. All our products are manufactured with great love and responsibility. We offer a large selection of amber jewellery, souvenirs, and business gifts, made of natural Baltic amber. Amber is very special; it is a light and warm stone with a huge variety of colours.\t\t\t\t<\/div>\n\n\t\t\t\t\t\t\t<\/div>\n\t\t[vc_column_text css=&#8221;.vc_custom_1611252811527{margin-bottom: 20px !important;border-left-width: 4px !important;padding-left: 20px !important;border-left-color: #d1ae82 !important;border-left-style: solid !important;}&#8221; text_larger=&#8221;no&#8221;]We want to revive amber, and resurrect it, and dispel the myth that amber is old-fashioned and uninteresting. We have all the certificates and licenses necessary to work with amber and precious metals.[\/vc_column_text][\/vc_column][vc_column width=&#8221;1\/2&#8243; css=&#8221;.vc_custom_1535113908608{margin-bottom: 4vh !important;padding-top: 0px !important;}&#8221; offset=&#8221;vc_col-md-6&#8243;][vc_single_image image=&#8221;1229&#8243; img_size=&#8221;full&#8221; alignment=&#8221;center&#8221; css=&#8221;.vc_custom_1611145497356{margin-bottom: 0px !important;}&#8221; parallax_scroll=&#8221;no&#8221;][\/vc_column][\/vc_row][\/vc_section]<\/p>\n<\/div>","protected":false},"excerpt":{"rendered":"<p>[vc_section full_width=&#8221;stretch_row&#8221; woodmart_bg_position=&#8221;center-center&#8221; css=&#8221;.vc_custom_1535113901556{padding-top: 6vh !important;background-image: url(https:\/\/amberwithlove.lt\/wp-content\/uploads\/2021\/01\/vertical-line-bg-left.png) !important;background-position: 0 0 !important;background-repeat: repeat !important;}&#8221; el_class=&#8221;mobile-bg-img-hidden&#8221;][vc_row full_width=&#8221;stretch_row&#8221; content_placement=&#8221;middle&#8221; woodmart_bg_position=&#8221;center-top&#8221; row_reverse_mobile=&#8221;1&#8243; woodmart_disable_overflow=&#8221;1&#8243; css=&#8221;.vc_custom_1535113897484{margin-bottom:<\/p>\n","protected":false},"author":1,"featured_media":0,"parent":0,"menu_order":0,"comment_status":"closed","ping_status":"closed","template":"","meta":{"footnotes":""},"class_list":["post-1432","page","type-page","status-publish","hentry"],"yoast_head":"<!-- This site is optimized with the Yoast SEO plugin v27.1.1 - https:\/\/yoast.com\/product\/yoast-seo-wordpress\/ -->\n<title>About us - Amberwithlove<\/title>\n<meta name=\"description\" content=\"We want to revive amber, and resurrect it, and dispel the myth that amber is old-fashioned and uninteresting. We have all the certificates and licenses\" \/>\n<meta name=\"robots\" content=\"index, follow, max-snippet:-1, max-image-preview:large, max-video-preview:-1\" \/>\n<link rel=\"canonical\" href=\"https:\/\/amberwithlove.lt\/en\/about-us\/\" \/>\n<meta property=\"og:locale\" content=\"en_US\" \/>\n<meta property=\"og:type\" content=\"article\" \/>\n<meta property=\"og:title\" content=\"About us - Amberwithlove\" \/>\n<meta property=\"og:description\" content=\"We want to revive amber, and resurrect it, and dispel the myth that amber is old-fashioned and uninteresting. We have all the certificates and licenses\" \/>\n<meta property=\"og:url\" content=\"https:\/\/amberwithlove.lt\/en\/about-us\/\" \/>\n<meta property=\"og:site_name\" content=\"Amberwithlove\" \/>\n<meta property=\"article:modified_time\" content=\"2021-01-21T19:11:29+00:00\" \/>\n<meta name=\"twitter:card\" content=\"summary_large_image\" \/>\n<meta name=\"twitter:label1\" content=\"Est. reading time\" \/>\n\t<meta name=\"twitter:data1\" content=\"2 minutes\" \/>\n<script type=\"application\/ld+json\" class=\"yoast-schema-graph\">{\"@context\":\"https:\/\/schema.org\",\"@graph\":[{\"@type\":\"WebPage\",\"@id\":\"https:\/\/amberwithlove.lt\/en\/about-us\/\",\"url\":\"https:\/\/amberwithlove.lt\/en\/about-us\/\",\"name\":\"About us - Amberwithlove\",\"isPartOf\":{\"@id\":\"https:\/\/amberwithlove.lt\/en\/#website\"},\"datePublished\":\"2021-01-20T12:25:37+00:00\",\"dateModified\":\"2021-01-21T19:11:29+00:00\",\"description\":\"We want to revive amber, and resurrect it, and dispel the myth that amber is old-fashioned and uninteresting. We have all the certificates and licenses\",\"breadcrumb\":{\"@id\":\"https:\/\/amberwithlove.lt\/en\/about-us\/#breadcrumb\"},\"inLanguage\":\"en-US\",\"potentialAction\":[{\"@type\":\"ReadAction\",\"target\":[\"https:\/\/amberwithlove.lt\/en\/about-us\/\"]}]},{\"@type\":\"BreadcrumbList\",\"@id\":\"https:\/\/amberwithlove.lt\/en\/about-us\/#breadcrumb\",\"itemListElement\":[{\"@type\":\"ListItem\",\"position\":1,\"name\":\"Home\",\"item\":\"https:\/\/amberwithlove.lt\/en\/\"},{\"@type\":\"ListItem\",\"position\":2,\"name\":\"About us\"}]},{\"@type\":\"WebSite\",\"@id\":\"https:\/\/amberwithlove.lt\/en\/#website\",\"url\":\"https:\/\/amberwithlove.lt\/en\/\",\"name\":\"Amberwithlove\",\"description\":\"Si\u016blome didel\u012f gintaro juvelyrini\u0173 gamini\u0173, suvenyr\u0173, verslo dovan\u0173 pasirinkim\u0105.\",\"potentialAction\":[{\"@type\":\"SearchAction\",\"target\":{\"@type\":\"EntryPoint\",\"urlTemplate\":\"https:\/\/amberwithlove.lt\/en\/?s={search_term_string}\"},\"query-input\":{\"@type\":\"PropertyValueSpecification\",\"valueRequired\":true,\"valueName\":\"search_term_string\"}}],\"inLanguage\":\"en-US\"}]}<\/script>\n<!-- \/ Yoast SEO plugin. -->","yoast_head_json":{"title":"About us - Amberwithlove","description":"We want to revive amber, and resurrect it, and dispel the myth that amber is old-fashioned and uninteresting. We have all the certificates and licenses","robots":{"index":"index","follow":"follow","max-snippet":"max-snippet:-1","max-image-preview":"max-image-preview:large","max-video-preview":"max-video-preview:-1"},"canonical":"https:\/\/amberwithlove.lt\/en\/about-us\/","og_locale":"en_US","og_type":"article","og_title":"About us - Amberwithlove","og_description":"We want to revive amber, and resurrect it, and dispel the myth that amber is old-fashioned and uninteresting. We have all the certificates and licenses","og_url":"https:\/\/amberwithlove.lt\/en\/about-us\/","og_site_name":"Amberwithlove","article_modified_time":"2021-01-21T19:11:29+00:00","twitter_card":"summary_large_image","twitter_misc":{"Est. reading time":"2 minutes"},"schema":{"@context":"https:\/\/schema.org","@graph":[{"@type":"WebPage","@id":"https:\/\/amberwithlove.lt\/en\/about-us\/","url":"https:\/\/amberwithlove.lt\/en\/about-us\/","name":"About us - Amberwithlove","isPartOf":{"@id":"https:\/\/amberwithlove.lt\/en\/#website"},"datePublished":"2021-01-20T12:25:37+00:00","dateModified":"2021-01-21T19:11:29+00:00","description":"We want to revive amber, and resurrect it, and dispel the myth that amber is old-fashioned and uninteresting. We have all the certificates and licenses","breadcrumb":{"@id":"https:\/\/amberwithlove.lt\/en\/about-us\/#breadcrumb"},"inLanguage":"en-US","potentialAction":[{"@type":"ReadAction","target":["https:\/\/amberwithlove.lt\/en\/about-us\/"]}]},{"@type":"BreadcrumbList","@id":"https:\/\/amberwithlove.lt\/en\/about-us\/#breadcrumb","itemListElement":[{"@type":"ListItem","position":1,"name":"Home","item":"https:\/\/amberwithlove.lt\/en\/"},{"@type":"ListItem","position":2,"name":"About us"}]},{"@type":"WebSite","@id":"https:\/\/amberwithlove.lt\/en\/#website","url":"https:\/\/amberwithlove.lt\/en\/","name":"Amberwithlove","description":"Si\u016blome didel\u012f gintaro juvelyrini\u0173 gamini\u0173, suvenyr\u0173, verslo dovan\u0173 pasirinkim\u0105.","potentialAction":[{"@type":"SearchAction","target":{"@type":"EntryPoint","urlTemplate":"https:\/\/amberwithlove.lt\/en\/?s={search_term_string}"},"query-input":{"@type":"PropertyValueSpecification","valueRequired":true,"valueName":"search_term_string"}}],"inLanguage":"en-US"}]}},"_links":{"self":[{"href":"https:\/\/amberwithlove.lt\/en\/wp-json\/wp\/v2\/pages\/1432","targetHints":{"allow":["GET"]}}],"collection":[{"href":"https:\/\/amberwithlove.lt\/en\/wp-json\/wp\/v2\/pages"}],"about":[{"href":"https:\/\/amberwithlove.lt\/en\/wp-json\/wp\/v2\/types\/page"}],"author":[{"embeddable":true,"href":"https:\/\/amberwithlove.lt\/en\/wp-json\/wp\/v2\/users\/1"}],"replies":[{"embeddable":true,"href":"https:\/\/amberwithlove.lt\/en\/wp-json\/wp\/v2\/comments?post=1432"}],"version-history":[{"count":2,"href":"https:\/\/amberwithlove.lt\/en\/wp-json\/wp\/v2\/pages\/1432\/revisions"}],"predecessor-version":[{"id":1440,"href":"https:\/\/amberwithlove.lt\/en\/wp-json\/wp\/v2\/pages\/1432\/revisions\/1440"}],"wp:attachment":[{"href":"https:\/\/amberwithlove.lt\/en\/wp-json\/wp\/v2\/media?parent=1432"}],"curies":[{"name":"wp","href":"https:\/\/api.w.org\/{rel}","templated":true}]}}