{"id":1364,"date":"2021-01-20T10:12:32","date_gmt":"2021-01-20T12:12:32","guid":{"rendered":"https:\/\/amberwithlove.lt\/pristatymas\/"},"modified":"2023-03-21T06:59:06","modified_gmt":"2023-03-21T08:59:06","slug":"delivery-information","status":"publish","type":"page","link":"https:\/\/amberwithlove.lt\/en\/delivery-information\/","title":{"rendered":"Delivery information"},"content":{"rendered":"<h2>Your item(s) will be packed and shipped within 1-3 working days after the payment is made. How fast packages are shipped, depends from individual orders ( <strong>amber pet collars<\/strong> also <span class=\"VIiyi\" lang=\"en\"><span class=\"JLqJ4b ChMk0b\" data-language-for-alternatives=\"en\" data-language-to-translate-into=\"lt\" data-phrase-index=\"0\">belongs to individual orders<\/span><\/span>, because collars<span class=\"VIiyi\" lang=\"en\"><span class=\"JLqJ4b ChMk0b\" data-language-for-alternatives=\"en\" data-language-to-translate-into=\"lt\" data-phrase-index=\"0\"> are made after receiving the order).<\/span><\/span><\/h2>\n<h4>Delivery of goods by Lithuanian post:<\/h4>\n<p>The goods are delivered to the address specified by you or to the nearest post office according to your address.<br \/>\nDelivery in Lithuania takes 2-5 working days.<br \/>\nDelivery to countries in the European Union takes 5-12 working days.<br \/>\nDelivery to other countries takes 7-25 working days.<br \/>\nThe price for delivery of goods by post in Lithuania is 4,90 \u20ac.<br \/>\nWhen purchasing goods for <strong>45 \u20ac and more, the delivery in Lithuania is free.<\/strong><br \/>\nDelivery price to Europe and other countries of the world is 6.90 \u20ac.<\/p>\n<h4>Fast delivery of goods by LP Express and Omniva Parcel Locker:<\/h4>\n<p>The goods are delivered to the parcel locker of your choice.<br \/>\nDelivery in Lithuania takes 1-3 working days.<br \/>\nDelivery price is 2.90 \u20ac.<\/p>\n","protected":false},"excerpt":{"rendered":"<p>Your item(s) will be packed and shipped within 1-3 working days after the payment is made. How fast packages are<\/p>\n","protected":false},"author":1,"featured_media":0,"parent":0,"menu_order":0,"comment_status":"closed","ping_status":"closed","template":"","meta":{"footnotes":""},"class_list":["post-1364","page","type-page","status-publish","hentry"],"yoast_head":"<!-- This site is optimized with the Yoast SEO plugin v27.1.1 - https:\/\/yoast.com\/product\/yoast-seo-wordpress\/ -->\n<title>Delivery information - Amberwithlove<\/title>\n<meta name=\"description\" content=\"Your item(s) will be packed and shipped within 1-3 working days after the payment is made. How fast packages are shipped, depends from individual orders (\" \/>\n<meta name=\"robots\" content=\"index, follow, max-snippet:-1, max-image-preview:large, max-video-preview:-1\" \/>\n<link rel=\"canonical\" href=\"https:\/\/amberwithlove.lt\/en\/delivery-information\/\" \/>\n<meta property=\"og:locale\" content=\"en_US\" \/>\n<meta property=\"og:type\" content=\"article\" \/>\n<meta property=\"og:title\" content=\"Delivery information - Amberwithlove\" \/>\n<meta property=\"og:description\" content=\"Your item(s) will be packed and shipped within 1-3 working days after the payment is made. How fast packages are shipped, depends from individual orders (\" \/>\n<meta property=\"og:url\" content=\"https:\/\/amberwithlove.lt\/en\/delivery-information\/\" \/>\n<meta property=\"og:site_name\" content=\"Amberwithlove\" \/>\n<meta property=\"article:modified_time\" content=\"2023-03-21T08:59:06+00:00\" \/>\n<meta name=\"twitter:card\" content=\"summary_large_image\" \/>\n<meta name=\"twitter:label1\" content=\"Est. reading time\" \/>\n\t<meta name=\"twitter:data1\" content=\"1 minute\" \/>\n<script type=\"application\/ld+json\" class=\"yoast-schema-graph\">{\"@context\":\"https:\/\/schema.org\",\"@graph\":[{\"@type\":\"WebPage\",\"@id\":\"https:\/\/amberwithlove.lt\/en\/delivery-information\/\",\"url\":\"https:\/\/amberwithlove.lt\/en\/delivery-information\/\",\"name\":\"Delivery information - Amberwithlove\",\"isPartOf\":{\"@id\":\"https:\/\/amberwithlove.lt\/en\/#website\"},\"datePublished\":\"2021-01-20T12:12:32+00:00\",\"dateModified\":\"2023-03-21T08:59:06+00:00\",\"description\":\"Your item(s) will be packed and shipped within 1-3 working days after the payment is made. How fast packages are shipped, depends from individual orders (\",\"breadcrumb\":{\"@id\":\"https:\/\/amberwithlove.lt\/en\/delivery-information\/#breadcrumb\"},\"inLanguage\":\"en-US\",\"potentialAction\":[{\"@type\":\"ReadAction\",\"target\":[\"https:\/\/amberwithlove.lt\/en\/delivery-information\/\"]}]},{\"@type\":\"BreadcrumbList\",\"@id\":\"https:\/\/amberwithlove.lt\/en\/delivery-information\/#breadcrumb\",\"itemListElement\":[{\"@type\":\"ListItem\",\"position\":1,\"name\":\"Home\",\"item\":\"https:\/\/amberwithlove.lt\/en\/\"},{\"@type\":\"ListItem\",\"position\":2,\"name\":\"Delivery information\"}]},{\"@type\":\"WebSite\",\"@id\":\"https:\/\/amberwithlove.lt\/en\/#website\",\"url\":\"https:\/\/amberwithlove.lt\/en\/\",\"name\":\"Amberwithlove\",\"description\":\"Si\u016blome didel\u012f gintaro juvelyrini\u0173 gamini\u0173, suvenyr\u0173, verslo dovan\u0173 pasirinkim\u0105.\",\"potentialAction\":[{\"@type\":\"SearchAction\",\"target\":{\"@type\":\"EntryPoint\",\"urlTemplate\":\"https:\/\/amberwithlove.lt\/en\/?s={search_term_string}\"},\"query-input\":{\"@type\":\"PropertyValueSpecification\",\"valueRequired\":true,\"valueName\":\"search_term_string\"}}],\"inLanguage\":\"en-US\"}]}<\/script>\n<!-- \/ Yoast SEO plugin. -->","yoast_head_json":{"title":"Delivery information - Amberwithlove","description":"Your item(s) will be packed and shipped within 1-3 working days after the payment is made. How fast packages are shipped, depends from individual orders (","robots":{"index":"index","follow":"follow","max-snippet":"max-snippet:-1","max-image-preview":"max-image-preview:large","max-video-preview":"max-video-preview:-1"},"canonical":"https:\/\/amberwithlove.lt\/en\/delivery-information\/","og_locale":"en_US","og_type":"article","og_title":"Delivery information - Amberwithlove","og_description":"Your item(s) will be packed and shipped within 1-3 working days after the payment is made. How fast packages are shipped, depends from individual orders (","og_url":"https:\/\/amberwithlove.lt\/en\/delivery-information\/","og_site_name":"Amberwithlove","article_modified_time":"2023-03-21T08:59:06+00:00","twitter_card":"summary_large_image","twitter_misc":{"Est. reading time":"1 minute"},"schema":{"@context":"https:\/\/schema.org","@graph":[{"@type":"WebPage","@id":"https:\/\/amberwithlove.lt\/en\/delivery-information\/","url":"https:\/\/amberwithlove.lt\/en\/delivery-information\/","name":"Delivery information - Amberwithlove","isPartOf":{"@id":"https:\/\/amberwithlove.lt\/en\/#website"},"datePublished":"2021-01-20T12:12:32+00:00","dateModified":"2023-03-21T08:59:06+00:00","description":"Your item(s) will be packed and shipped within 1-3 working days after the payment is made. How fast packages are shipped, depends from individual orders (","breadcrumb":{"@id":"https:\/\/amberwithlove.lt\/en\/delivery-information\/#breadcrumb"},"inLanguage":"en-US","potentialAction":[{"@type":"ReadAction","target":["https:\/\/amberwithlove.lt\/en\/delivery-information\/"]}]},{"@type":"BreadcrumbList","@id":"https:\/\/amberwithlove.lt\/en\/delivery-information\/#breadcrumb","itemListElement":[{"@type":"ListItem","position":1,"name":"Home","item":"https:\/\/amberwithlove.lt\/en\/"},{"@type":"ListItem","position":2,"name":"Delivery information"}]},{"@type":"WebSite","@id":"https:\/\/amberwithlove.lt\/en\/#website","url":"https:\/\/amberwithlove.lt\/en\/","name":"Amberwithlove","description":"Si\u016blome didel\u012f gintaro juvelyrini\u0173 gamini\u0173, suvenyr\u0173, verslo dovan\u0173 pasirinkim\u0105.","potentialAction":[{"@type":"SearchAction","target":{"@type":"EntryPoint","urlTemplate":"https:\/\/amberwithlove.lt\/en\/?s={search_term_string}"},"query-input":{"@type":"PropertyValueSpecification","valueRequired":true,"valueName":"search_term_string"}}],"inLanguage":"en-US"}]}},"_links":{"self":[{"href":"https:\/\/amberwithlove.lt\/en\/wp-json\/wp\/v2\/pages\/1364","targetHints":{"allow":["GET"]}}],"collection":[{"href":"https:\/\/amberwithlove.lt\/en\/wp-json\/wp\/v2\/pages"}],"about":[{"href":"https:\/\/amberwithlove.lt\/en\/wp-json\/wp\/v2\/types\/page"}],"author":[{"embeddable":true,"href":"https:\/\/amberwithlove.lt\/en\/wp-json\/wp\/v2\/users\/1"}],"replies":[{"embeddable":true,"href":"https:\/\/amberwithlove.lt\/en\/wp-json\/wp\/v2\/comments?post=1364"}],"version-history":[{"count":8,"href":"https:\/\/amberwithlove.lt\/en\/wp-json\/wp\/v2\/pages\/1364\/revisions"}],"predecessor-version":[{"id":25009,"href":"https:\/\/amberwithlove.lt\/en\/wp-json\/wp\/v2\/pages\/1364\/revisions\/25009"}],"wp:attachment":[{"href":"https:\/\/amberwithlove.lt\/en\/wp-json\/wp\/v2\/media?parent=1364"}],"curies":[{"name":"wp","href":"https:\/\/api.w.org\/{rel}","templated":true}]}}